{"id":470,"date":"2024-10-03T10:22:15","date_gmt":"2024-10-03T08:22:15","guid":{"rendered":"https:\/\/groupehenrigermain.fr\/lca\/?page_id=470"},"modified":"2025-01-20T14:33:55","modified_gmt":"2025-01-20T13:33:55","slug":"taille-de-vieux-bois","status":"publish","type":"page","link":"https:\/\/groupehenrigermain.fr\/lca\/taille-de-vieux-bois\/","title":{"rendered":"Taille de vieux bois"},"content":{"rendered":"\t\t<div data-elementor-type=\"wp-page\" data-elementor-id=\"470\" class=\"elementor elementor-470\" data-elementor-post-type=\"page\">\n\t\t\t\t<div class=\"elementor-element elementor-element-af70d12 e-flex e-con-boxed e-con e-parent\" data-id=\"af70d12\" data-element_type=\"container\" data-e-type=\"container\" data-settings=\"{&quot;background_background&quot;:&quot;classic&quot;}\">\n\t\t\t\t\t<div class=\"e-con-inner\">\n\t\t\t\t<div class=\"elementor-element elementor-element-851d41c elementor-widget elementor-widget-heading\" data-id=\"851d41c\" data-element_type=\"widget\" data-e-type=\"widget\" data-widget_type=\"heading.default\">\n\t\t\t\t<div class=\"elementor-widget-container\">\n\t\t\t\t\t<h1 class=\"elementor-heading-title elementor-size-default\">La taille de vieux bois<\/h1>\t\t\t\t<\/div>\n\t\t\t\t<\/div>\n\t\t\t\t<div class=\"elementor-element elementor-element-3ab11d7 elementor-widget-divider--view-line_icon elementor-view-default elementor-widget-divider--element-align-center elementor-widget elementor-widget-divider\" data-id=\"3ab11d7\" data-element_type=\"widget\" data-e-type=\"widget\" data-widget_type=\"divider.default\">\n\t\t\t\t<div class=\"elementor-widget-container\">\n\t\t\t\t\t\t\t<div class=\"elementor-divider\">\n\t\t\t<span class=\"elementor-divider-separator\">\n\t\t\t\t\t\t\t<div class=\"elementor-icon elementor-divider__element\">\n\t\t\t\t\t<svg aria-hidden=\"true\" class=\"e-font-icon-svg e-fas-circle\" viewBox=\"0 0 512 512\" xmlns=\"http:\/\/www.w3.org\/2000\/svg\"><path d=\"M256 8C119 8 8 119 8 256s111 248 248 248 248-111 248-248S393 8 256 8z\"><\/path><\/svg><\/div>\n\t\t\t\t\t\t<\/span>\n\t\t<\/div>\n\t\t\t\t\t\t<\/div>\n\t\t\t\t<\/div>\n\t\t\t\t\t<\/div>\n\t\t\t\t<\/div>\n\t\t<div class=\"elementor-element elementor-element-dfea4e3 e-flex e-con-boxed e-con e-parent\" data-id=\"dfea4e3\" data-element_type=\"container\" data-e-type=\"container\">\n\t\t\t\t\t<div class=\"e-con-inner\">\n\t\t\t\t<div class=\"elementor-element elementor-element-489b902 elementor-widget__width-auto elementor-widget elementor-widget-heading\" data-id=\"489b902\" data-element_type=\"widget\" data-e-type=\"widget\" data-widget_type=\"heading.default\">\n\t\t\t\t<div class=\"elementor-widget-container\">\n\t\t\t\t\t<h2 class=\"elementor-heading-title elementor-size-default\">L'art de la taille<\/h2>\t\t\t\t<\/div>\n\t\t\t\t<\/div>\n\t\t\t\t\t<\/div>\n\t\t\t\t<\/div>\n\t\t<div class=\"elementor-element elementor-element-8608d5c e-flex e-con-boxed e-con e-parent\" data-id=\"8608d5c\" data-element_type=\"container\" data-e-type=\"container\">\n\t\t\t\t\t<div class=\"e-con-inner\">\n\t\t<div class=\"elementor-element elementor-element-ad474a0 e-con-full e-flex elementor-invisible e-con e-child\" data-id=\"ad474a0\" data-element_type=\"container\" data-e-type=\"container\" data-settings=\"{&quot;background_background&quot;:&quot;classic&quot;,&quot;motion_fx_motion_fx_scrolling&quot;:&quot;yes&quot;,&quot;motion_fx_translateX_effect&quot;:&quot;yes&quot;,&quot;motion_fx_translateX_speed&quot;:{&quot;unit&quot;:&quot;px&quot;,&quot;size&quot;:1,&quot;sizes&quot;:[]},&quot;animation&quot;:&quot;fadeInLeft&quot;,&quot;motion_fx_devices&quot;:[&quot;desktop&quot;,&quot;tablet&quot;],&quot;motion_fx_translateX_affectedRange&quot;:{&quot;unit&quot;:&quot;%&quot;,&quot;size&quot;:&quot;&quot;,&quot;sizes&quot;:{&quot;start&quot;:0,&quot;end&quot;:100}}}\">\n\t\t\t\t<div class=\"elementor-element elementor-element-ebf54f8 elementor-widget elementor-widget-image\" data-id=\"ebf54f8\" data-element_type=\"widget\" data-e-type=\"widget\" data-settings=\"{&quot;motion_fx_motion_fx_scrolling&quot;:&quot;yes&quot;,&quot;motion_fx_translateX_effect&quot;:&quot;yes&quot;,&quot;motion_fx_translateX_direction&quot;:&quot;negative&quot;,&quot;motion_fx_translateX_speed&quot;:{&quot;unit&quot;:&quot;px&quot;,&quot;size&quot;:3,&quot;sizes&quot;:[]},&quot;motion_fx_devices&quot;:[&quot;desktop&quot;,&quot;tablet&quot;],&quot;motion_fx_translateX_affectedRange&quot;:{&quot;unit&quot;:&quot;%&quot;,&quot;size&quot;:&quot;&quot;,&quot;sizes&quot;:{&quot;start&quot;:0,&quot;end&quot;:100}}}\" data-widget_type=\"image.default\">\n\t\t\t\t<div class=\"elementor-widget-container\">\n\t\t\t\t\t\t\t\t\t\t\t\t\t\t\t<img fetchpriority=\"high\" decoding=\"async\" width=\"768\" height=\"1024\" src=\"https:\/\/groupehenrigermain.fr\/lca\/wp-content\/uploads\/sites\/2\/2024\/10\/les_charpentiers_daujourdhui_vieu_bois-768x1024.webp\" class=\"attachment-large size-large wp-image-640\" alt=\"\" srcset=\"https:\/\/groupehenrigermain.fr\/lca\/wp-content\/uploads\/sites\/2\/2024\/10\/les_charpentiers_daujourdhui_vieu_bois-768x1024.webp 768w, https:\/\/groupehenrigermain.fr\/lca\/wp-content\/uploads\/sites\/2\/2024\/10\/les_charpentiers_daujourdhui_vieu_bois-225x300.webp 225w, https:\/\/groupehenrigermain.fr\/lca\/wp-content\/uploads\/sites\/2\/2024\/10\/les_charpentiers_daujourdhui_vieu_bois-1152x1536.webp 1152w, https:\/\/groupehenrigermain.fr\/lca\/wp-content\/uploads\/sites\/2\/2024\/10\/les_charpentiers_daujourdhui_vieu_bois-1536x2048.webp 1536w, https:\/\/groupehenrigermain.fr\/lca\/wp-content\/uploads\/sites\/2\/2024\/10\/les_charpentiers_daujourdhui_vieu_bois-scaled.webp 1920w\" sizes=\"(max-width: 768px) 100vw, 768px\" \/>\t\t\t\t\t\t\t\t\t\t\t\t\t\t\t<\/div>\n\t\t\t\t<\/div>\n\t\t\t\t<\/div>\n\t\t<div class=\"elementor-element elementor-element-6740484 e-con-full e-flex elementor-invisible e-con e-child\" data-id=\"6740484\" data-element_type=\"container\" data-e-type=\"container\" data-settings=\"{&quot;animation&quot;:&quot;fadeInRight&quot;}\">\n\t\t\t\t<div class=\"elementor-element elementor-element-43b2c39 elementor-widget elementor-widget-text-editor\" data-id=\"43b2c39\" data-element_type=\"widget\" data-e-type=\"widget\" data-widget_type=\"text-editor.default\">\n\t\t\t\t<div class=\"elementor-widget-container\">\n\t\t\t\t\t\t\t\t\t<p><span style=\"font-weight: 400;\">La taille de vieux bois est un processus d\u00e9licat qui consiste \u00e0 restaurer et \u00e0 travailler des bois anciens pour en r\u00e9v\u00e9ler toute la beaut\u00e9 et l&rsquo;authenticit\u00e9. Chaque pi\u00e8ce de bois que nous traitons raconte une histoire, et notre mission est de pr\u00e9server cette histoire tout en cr\u00e9ant des \u00e9l\u00e9ments de construction et de d\u00e9coration uniques.<\/span><\/p>\t\t\t\t\t\t\t\t<\/div>\n\t\t\t\t<\/div>\n\t\t\t\t<\/div>\n\t\t\t\t\t<\/div>\n\t\t\t\t<\/div>\n\t\t<div class=\"elementor-element elementor-element-aeed1aa e-flex e-con-boxed e-con e-parent\" data-id=\"aeed1aa\" data-element_type=\"container\" data-e-type=\"container\">\n\t\t\t\t\t<div class=\"e-con-inner\">\n\t\t<div class=\"elementor-element elementor-element-44941e0 e-con-full e-flex elementor-invisible e-con e-child\" data-id=\"44941e0\" data-element_type=\"container\" data-e-type=\"container\" data-settings=\"{&quot;animation&quot;:&quot;fadeInRight&quot;}\">\n\t\t\t\t<div class=\"elementor-element elementor-element-7996f68 elementor-widget elementor-widget-heading\" data-id=\"7996f68\" data-element_type=\"widget\" data-e-type=\"widget\" data-widget_type=\"heading.default\">\n\t\t\t\t<div class=\"elementor-widget-container\">\n\t\t\t\t\t<h2 class=\"elementor-heading-title elementor-size-default\">Expertise et savoir-faire<\/h2>\t\t\t\t<\/div>\n\t\t\t\t<\/div>\n\t\t\t\t<div class=\"elementor-element elementor-element-df34926 elementor-widget elementor-widget-text-editor\" data-id=\"df34926\" data-element_type=\"widget\" data-e-type=\"widget\" data-widget_type=\"text-editor.default\">\n\t\t\t\t<div class=\"elementor-widget-container\">\n\t\t\t\t\t\t\t\t\t<p><span style=\"font-weight: 400;\">Nos artisans poss\u00e8dent une connaissance approfondie des techniques traditionnelles de taille et de restauration du bois. Ils savent comment travailler avec soin et pr\u00e9cision pour conserver les caract\u00e9ristiques uniques de chaque pi\u00e8ce de bois ancien. Leur expertise garantit que chaque projet est r\u00e9alis\u00e9 avec le plus grand respect pour le mat\u00e9riau d&rsquo;origine.<\/span><\/p>\t\t\t\t\t\t\t\t<\/div>\n\t\t\t\t<\/div>\n\t\t\t\t<\/div>\n\t\t<div class=\"elementor-element elementor-element-f2a7c2d e-con-full e-flex elementor-invisible e-con e-child\" data-id=\"f2a7c2d\" data-element_type=\"container\" data-e-type=\"container\" data-settings=\"{&quot;background_background&quot;:&quot;classic&quot;,&quot;motion_fx_motion_fx_scrolling&quot;:&quot;yes&quot;,&quot;motion_fx_translateX_effect&quot;:&quot;yes&quot;,&quot;motion_fx_translateX_speed&quot;:{&quot;unit&quot;:&quot;px&quot;,&quot;size&quot;:1,&quot;sizes&quot;:[]},&quot;animation&quot;:&quot;fadeInLeft&quot;,&quot;motion_fx_devices&quot;:[&quot;desktop&quot;,&quot;tablet&quot;],&quot;motion_fx_translateX_affectedRange&quot;:{&quot;unit&quot;:&quot;%&quot;,&quot;size&quot;:&quot;&quot;,&quot;sizes&quot;:{&quot;start&quot;:0,&quot;end&quot;:100}}}\">\n\t\t\t\t<div class=\"elementor-element elementor-element-cef8cdc elementor-widget elementor-widget-image\" data-id=\"cef8cdc\" data-element_type=\"widget\" data-e-type=\"widget\" data-settings=\"{&quot;motion_fx_motion_fx_scrolling&quot;:&quot;yes&quot;,&quot;motion_fx_translateX_effect&quot;:&quot;yes&quot;,&quot;motion_fx_translateX_speed&quot;:{&quot;unit&quot;:&quot;px&quot;,&quot;size&quot;:3,&quot;sizes&quot;:[]},&quot;motion_fx_devices&quot;:[&quot;desktop&quot;,&quot;tablet&quot;],&quot;motion_fx_translateX_affectedRange&quot;:{&quot;unit&quot;:&quot;%&quot;,&quot;size&quot;:&quot;&quot;,&quot;sizes&quot;:{&quot;start&quot;:0,&quot;end&quot;:100}}}\" data-widget_type=\"image.default\">\n\t\t\t\t<div class=\"elementor-widget-container\">\n\t\t\t\t\t\t\t\t\t\t\t\t\t\t\t<img decoding=\"async\" width=\"749\" height=\"1024\" src=\"https:\/\/groupehenrigermain.fr\/lca\/wp-content\/uploads\/sites\/2\/2024\/10\/taille_vieu_bois_charpentiers-749x1024.webp\" class=\"attachment-large size-large wp-image-709\" alt=\"Charpentier en action, taillant une poutre en bois massif dans un atelier.\" srcset=\"https:\/\/groupehenrigermain.fr\/lca\/wp-content\/uploads\/sites\/2\/2024\/10\/taille_vieu_bois_charpentiers-749x1024.webp 749w, https:\/\/groupehenrigermain.fr\/lca\/wp-content\/uploads\/sites\/2\/2024\/10\/taille_vieu_bois_charpentiers-219x300.webp 219w, https:\/\/groupehenrigermain.fr\/lca\/wp-content\/uploads\/sites\/2\/2024\/10\/taille_vieu_bois_charpentiers-768x1050.webp 768w, https:\/\/groupehenrigermain.fr\/lca\/wp-content\/uploads\/sites\/2\/2024\/10\/taille_vieu_bois_charpentiers-1123x1536.webp 1123w, https:\/\/groupehenrigermain.fr\/lca\/wp-content\/uploads\/sites\/2\/2024\/10\/taille_vieu_bois_charpentiers.webp 1284w\" sizes=\"(max-width: 749px) 100vw, 749px\" \/>\t\t\t\t\t\t\t\t\t\t\t\t\t\t\t<\/div>\n\t\t\t\t<\/div>\n\t\t\t\t<\/div>\n\t\t\t\t\t<\/div>\n\t\t\t\t<\/div>\n\t\t<div class=\"elementor-element elementor-element-cda62b0 e-flex e-con-boxed e-con e-parent\" data-id=\"cda62b0\" data-element_type=\"container\" data-e-type=\"container\">\n\t\t\t\t\t<div class=\"e-con-inner\">\n\t\t<div class=\"elementor-element elementor-element-eea8fe6 e-con-full e-flex elementor-invisible e-con e-child\" data-id=\"eea8fe6\" data-element_type=\"container\" data-e-type=\"container\" data-settings=\"{&quot;animation&quot;:&quot;fadeInRight&quot;}\">\n\t\t\t\t<div class=\"elementor-element elementor-element-1fda7e7 elementor-widget elementor-widget-heading\" data-id=\"1fda7e7\" data-element_type=\"widget\" data-e-type=\"widget\" data-widget_type=\"heading.default\">\n\t\t\t\t<div class=\"elementor-widget-container\">\n\t\t\t\t\t<h2 class=\"elementor-heading-title elementor-size-default\">Techniques et outils modernes<\/h2>\t\t\t\t<\/div>\n\t\t\t\t<\/div>\n\t\t\t\t<div class=\"elementor-element elementor-element-0c392df elementor-widget elementor-widget-text-editor\" data-id=\"0c392df\" data-element_type=\"widget\" data-e-type=\"widget\" data-widget_type=\"text-editor.default\">\n\t\t\t\t<div class=\"elementor-widget-container\">\n\t\t\t\t\t\t\t\t\t<p><span style=\"font-weight: 400;\">Bien que nous soyons profond\u00e9ment enracin\u00e9s dans les traditions, nous utilisons \u00e9galement des outils et des techniques modernes pour am\u00e9liorer notre travail. Cela nous permet de traiter les bois anciens avec pr\u00e9cision afin d&rsquo;atteindre des niveaux de d\u00e9tail qui seraient impossibles autrement.<\/span><\/p>\t\t\t\t\t\t\t\t<\/div>\n\t\t\t\t<\/div>\n\t\t\t\t<\/div>\n\t\t\t\t\t<\/div>\n\t\t\t\t<\/div>\n\t\t<div class=\"elementor-element elementor-element-f1c4f44 e-flex e-con-boxed e-con e-parent\" data-id=\"f1c4f44\" data-element_type=\"container\" data-e-type=\"container\">\n\t\t\t\t\t<div class=\"e-con-inner\">\n\t\t<div class=\"elementor-element elementor-element-3ecc29a e-con-full e-flex elementor-invisible e-con e-child\" data-id=\"3ecc29a\" data-element_type=\"container\" data-e-type=\"container\" data-settings=\"{&quot;animation&quot;:&quot;fadeInRight&quot;}\">\n\t\t\t\t<div class=\"elementor-element elementor-element-e80ab44 elementor-widget elementor-widget-heading\" data-id=\"e80ab44\" data-element_type=\"widget\" data-e-type=\"widget\" data-widget_type=\"heading.default\">\n\t\t\t\t<div class=\"elementor-widget-container\">\n\t\t\t\t\t<h2 class=\"elementor-heading-title elementor-size-default\">Qualit\u00e9 et durabilit\u00e9<\/h2>\t\t\t\t<\/div>\n\t\t\t\t<\/div>\n\t\t\t\t<div class=\"elementor-element elementor-element-857428a elementor-widget elementor-widget-text-editor\" data-id=\"857428a\" data-element_type=\"widget\" data-e-type=\"widget\" data-widget_type=\"text-editor.default\">\n\t\t\t\t<div class=\"elementor-widget-container\">\n\t\t\t\t\t\t\t\t\t<p><span style=\"font-weight: 400;\">La qualit\u00e9 est au c\u0153ur de tout ce que nous faisons. Nous s\u00e9lectionnons soigneusement chaque pi\u00e8ce de bois ancien pour garantir sa durabilit\u00e9 et sa beaut\u00e9. Nos processus de restauration sont con\u00e7us pour pr\u00e9server l&rsquo;int\u00e9grit\u00e9 du bois tout en le rendant apte \u00e0 un usage moderne.<\/span><\/p>\t\t\t\t\t\t\t\t<\/div>\n\t\t\t\t<\/div>\n\t\t\t\t<\/div>\n\t\t\t\t\t<\/div>\n\t\t\t\t<\/div>\n\t\t<div class=\"elementor-element elementor-element-f022f8b e-flex e-con-boxed e-con e-parent\" data-id=\"f022f8b\" data-element_type=\"container\" data-e-type=\"container\">\n\t\t\t\t\t<div class=\"e-con-inner\">\n\t\t\t\t<div class=\"elementor-element elementor-element-5803830 elementor-widget__width-auto elementor-widget elementor-widget-heading\" data-id=\"5803830\" data-element_type=\"widget\" data-e-type=\"widget\" data-widget_type=\"heading.default\">\n\t\t\t\t<div class=\"elementor-widget-container\">\n\t\t\t\t\t<h2 class=\"elementor-heading-title elementor-size-default\">Chez Les Charpentiers d'Aujourd'hui<\/h2>\t\t\t\t<\/div>\n\t\t\t\t<\/div>\n\t\t\t\t<div class=\"elementor-element elementor-element-d4c047b elementor-widget elementor-widget-text-editor\" data-id=\"d4c047b\" data-element_type=\"widget\" data-e-type=\"widget\" data-widget_type=\"text-editor.default\">\n\t\t\t\t<div class=\"elementor-widget-container\">\n\t\t\t\t\t\t\t\t\t<p><span style=\"font-weight: 400;\">Nous comprenons que chaque projet est unique. Nous offrons des solutions sur mesure, adapt\u00e9es \u00e0 vos besoins sp\u00e9cifiques et \u00e0 votre vision. Que vous souhaitiez restaurer une pi\u00e8ce historique ou int\u00e9grer du bois ancien dans une nouvelle construction, nous sommes l\u00e0 pour vous aider \u00e0 r\u00e9aliser votre projet de mani\u00e8re unique et personnalis\u00e9e.<\/span><\/p><p><span style=\"font-weight: 400;\">Nous sommes \u00e9galement engag\u00e9s dans des pratiques respectueuses de l&rsquo;environnement. En r\u00e9utilisant des bois anciens, nous contribuons \u00e0 la pr\u00e9servation des ressources naturelles et \u00e0 la r\u00e9duction des d\u00e9chets. Notre atelier de taille de vieux bois est un exemple de durabilit\u00e9 et de responsabilit\u00e9 \u00e9cologique.<\/span><\/p>\t\t\t\t\t\t\t\t<\/div>\n\t\t\t\t<\/div>\n\t\t\t\t\t<\/div>\n\t\t\t\t<\/div>\n\t\t\t\t<\/div>\n\t\t","protected":false},"excerpt":{"rendered":"<p>La taille de vieux bois L&rsquo;art de la taille La taille de vieux bois est un processus d\u00e9licat qui consiste \u00e0 restaurer et \u00e0 travailler des bois anciens pour en r\u00e9v\u00e9ler toute la beaut\u00e9 et l&rsquo;authenticit\u00e9. Chaque pi\u00e8ce de bois que nous traitons raconte une histoire, et notre mission est de pr\u00e9server cette histoire tout [&hellip;]<\/p>\n","protected":false},"author":1,"featured_media":0,"parent":0,"menu_order":0,"comment_status":"closed","ping_status":"closed","template":"","meta":{"footnotes":""},"class_list":["post-470","page","type-page","status-publish","hentry"],"yoast_head":"<!-- This site is optimized with the Yoast SEO plugin v27.5 - https:\/\/yoast.com\/product\/yoast-seo-wordpress\/ -->\n<title>Taille de vieux bois - Les Charpentiers d&#039;Aujourd&#039;hui<\/title>\n<meta name=\"description\" content=\"La taille de vieux bois : valorisez vos projets avec un mat\u00e9riau authentique, durable et respectueux des traditions.\" \/>\n<meta name=\"robots\" content=\"index, follow, max-snippet:-1, max-image-preview:large, max-video-preview:-1\" \/>\n<link rel=\"canonical\" href=\"https:\/\/groupehenrigermain.fr\/lca\/taille-de-vieux-bois\/\" \/>\n<meta property=\"og:locale\" content=\"fr_FR\" \/>\n<meta property=\"og:type\" content=\"article\" \/>\n<meta property=\"og:title\" content=\"Taille de vieux bois - Les Charpentiers d&#039;Aujourd&#039;hui\" \/>\n<meta property=\"og:description\" content=\"La taille de vieux bois : valorisez vos projets avec un mat\u00e9riau authentique, durable et respectueux des traditions.\" \/>\n<meta property=\"og:url\" content=\"https:\/\/groupehenrigermain.fr\/lca\/taille-de-vieux-bois\/\" \/>\n<meta property=\"og:site_name\" content=\"Les Charpentiers d&#039;Aujourd&#039;hui\" \/>\n<meta property=\"article:modified_time\" content=\"2025-01-20T13:33:55+00:00\" \/>\n<meta property=\"og:image\" content=\"https:\/\/groupehenrigermain.fr\/lca\/wp-content\/uploads\/sites\/2\/2024\/10\/les_charpentiers_daujourdhui_vieu_bois-768x1024.webp\" \/>\n<meta name=\"twitter:card\" content=\"summary_large_image\" \/>\n<meta name=\"twitter:label1\" content=\"Dur\u00e9e de lecture estim\u00e9e\" \/>\n\t<meta name=\"twitter:data1\" content=\"3 minutes\" \/>\n<script type=\"application\/ld+json\" class=\"yoast-schema-graph\">{\"@context\":\"https:\\\/\\\/schema.org\",\"@graph\":[{\"@type\":\"WebPage\",\"@id\":\"https:\\\/\\\/groupehenrigermain.fr\\\/lca\\\/taille-de-vieux-bois\\\/\",\"url\":\"https:\\\/\\\/groupehenrigermain.fr\\\/lca\\\/taille-de-vieux-bois\\\/\",\"name\":\"Taille de vieux bois - Les Charpentiers d&#039;Aujourd&#039;hui\",\"isPartOf\":{\"@id\":\"https:\\\/\\\/groupehenrigermain.fr\\\/lca\\\/#website\"},\"primaryImageOfPage\":{\"@id\":\"https:\\\/\\\/groupehenrigermain.fr\\\/lca\\\/taille-de-vieux-bois\\\/#primaryimage\"},\"image\":{\"@id\":\"https:\\\/\\\/groupehenrigermain.fr\\\/lca\\\/taille-de-vieux-bois\\\/#primaryimage\"},\"thumbnailUrl\":\"https:\\\/\\\/groupehenrigermain.fr\\\/lca\\\/wp-content\\\/uploads\\\/sites\\\/2\\\/2024\\\/10\\\/les_charpentiers_daujourdhui_vieu_bois-768x1024.webp\",\"datePublished\":\"2024-10-03T08:22:15+00:00\",\"dateModified\":\"2025-01-20T13:33:55+00:00\",\"description\":\"La taille de vieux bois : valorisez vos projets avec un mat\u00e9riau authentique, durable et respectueux des traditions.\",\"breadcrumb\":{\"@id\":\"https:\\\/\\\/groupehenrigermain.fr\\\/lca\\\/taille-de-vieux-bois\\\/#breadcrumb\"},\"inLanguage\":\"fr-FR\",\"potentialAction\":[{\"@type\":\"ReadAction\",\"target\":[\"https:\\\/\\\/groupehenrigermain.fr\\\/lca\\\/taille-de-vieux-bois\\\/\"]}]},{\"@type\":\"ImageObject\",\"inLanguage\":\"fr-FR\",\"@id\":\"https:\\\/\\\/groupehenrigermain.fr\\\/lca\\\/taille-de-vieux-bois\\\/#primaryimage\",\"url\":\"https:\\\/\\\/groupehenrigermain.fr\\\/lca\\\/wp-content\\\/uploads\\\/sites\\\/2\\\/2024\\\/10\\\/les_charpentiers_daujourdhui_vieu_bois-scaled.webp\",\"contentUrl\":\"https:\\\/\\\/groupehenrigermain.fr\\\/lca\\\/wp-content\\\/uploads\\\/sites\\\/2\\\/2024\\\/10\\\/les_charpentiers_daujourdhui_vieu_bois-scaled.webp\",\"width\":1920,\"height\":2560},{\"@type\":\"BreadcrumbList\",\"@id\":\"https:\\\/\\\/groupehenrigermain.fr\\\/lca\\\/taille-de-vieux-bois\\\/#breadcrumb\",\"itemListElement\":[{\"@type\":\"ListItem\",\"position\":1,\"name\":\"Accueil\",\"item\":\"https:\\\/\\\/groupehenrigermain.fr\\\/lca\\\/\"},{\"@type\":\"ListItem\",\"position\":2,\"name\":\"Taille de vieux bois\"}]},{\"@type\":\"WebSite\",\"@id\":\"https:\\\/\\\/groupehenrigermain.fr\\\/lca\\\/#website\",\"url\":\"https:\\\/\\\/groupehenrigermain.fr\\\/lca\\\/\",\"name\":\"Les Charpentiers d&#039;Aujourd&#039;hui\",\"description\":\"\",\"publisher\":{\"@id\":\"https:\\\/\\\/groupehenrigermain.fr\\\/lca\\\/#organization\"},\"potentialAction\":[{\"@type\":\"SearchAction\",\"target\":{\"@type\":\"EntryPoint\",\"urlTemplate\":\"https:\\\/\\\/groupehenrigermain.fr\\\/lca\\\/?s={search_term_string}\"},\"query-input\":{\"@type\":\"PropertyValueSpecification\",\"valueRequired\":true,\"valueName\":\"search_term_string\"}}],\"inLanguage\":\"fr-FR\"},{\"@type\":\"Organization\",\"@id\":\"https:\\\/\\\/groupehenrigermain.fr\\\/lca\\\/#organization\",\"name\":\"Les Charpentiers d&#039;Aujourd&#039;hui\",\"url\":\"https:\\\/\\\/groupehenrigermain.fr\\\/lca\\\/\",\"logo\":{\"@type\":\"ImageObject\",\"inLanguage\":\"fr-FR\",\"@id\":\"https:\\\/\\\/groupehenrigermain.fr\\\/lca\\\/#\\\/schema\\\/logo\\\/image\\\/\",\"url\":\"https:\\\/\\\/groupehenrigermain.fr\\\/lca\\\/wp-content\\\/uploads\\\/sites\\\/2\\\/2024\\\/08\\\/Fichier-2.webp\",\"contentUrl\":\"https:\\\/\\\/groupehenrigermain.fr\\\/lca\\\/wp-content\\\/uploads\\\/sites\\\/2\\\/2024\\\/08\\\/Fichier-2.webp\",\"width\":985,\"height\":985,\"caption\":\"Les Charpentiers d&#039;Aujourd&#039;hui\"},\"image\":{\"@id\":\"https:\\\/\\\/groupehenrigermain.fr\\\/lca\\\/#\\\/schema\\\/logo\\\/image\\\/\"}}]}<\/script>\n<!-- \/ Yoast SEO plugin. -->","yoast_head_json":{"title":"Taille de vieux bois - Les Charpentiers d&#039;Aujourd&#039;hui","description":"La taille de vieux bois : valorisez vos projets avec un mat\u00e9riau authentique, durable et respectueux des traditions.","robots":{"index":"index","follow":"follow","max-snippet":"max-snippet:-1","max-image-preview":"max-image-preview:large","max-video-preview":"max-video-preview:-1"},"canonical":"https:\/\/groupehenrigermain.fr\/lca\/taille-de-vieux-bois\/","og_locale":"fr_FR","og_type":"article","og_title":"Taille de vieux bois - Les Charpentiers d&#039;Aujourd&#039;hui","og_description":"La taille de vieux bois : valorisez vos projets avec un mat\u00e9riau authentique, durable et respectueux des traditions.","og_url":"https:\/\/groupehenrigermain.fr\/lca\/taille-de-vieux-bois\/","og_site_name":"Les Charpentiers d&#039;Aujourd&#039;hui","article_modified_time":"2025-01-20T13:33:55+00:00","og_image":[{"url":"https:\/\/groupehenrigermain.fr\/lca\/wp-content\/uploads\/sites\/2\/2024\/10\/les_charpentiers_daujourdhui_vieu_bois-768x1024.webp","type":"","width":"","height":""}],"twitter_card":"summary_large_image","twitter_misc":{"Dur\u00e9e de lecture estim\u00e9e":"3 minutes"},"schema":{"@context":"https:\/\/schema.org","@graph":[{"@type":"WebPage","@id":"https:\/\/groupehenrigermain.fr\/lca\/taille-de-vieux-bois\/","url":"https:\/\/groupehenrigermain.fr\/lca\/taille-de-vieux-bois\/","name":"Taille de vieux bois - Les Charpentiers d&#039;Aujourd&#039;hui","isPartOf":{"@id":"https:\/\/groupehenrigermain.fr\/lca\/#website"},"primaryImageOfPage":{"@id":"https:\/\/groupehenrigermain.fr\/lca\/taille-de-vieux-bois\/#primaryimage"},"image":{"@id":"https:\/\/groupehenrigermain.fr\/lca\/taille-de-vieux-bois\/#primaryimage"},"thumbnailUrl":"https:\/\/groupehenrigermain.fr\/lca\/wp-content\/uploads\/sites\/2\/2024\/10\/les_charpentiers_daujourdhui_vieu_bois-768x1024.webp","datePublished":"2024-10-03T08:22:15+00:00","dateModified":"2025-01-20T13:33:55+00:00","description":"La taille de vieux bois : valorisez vos projets avec un mat\u00e9riau authentique, durable et respectueux des traditions.","breadcrumb":{"@id":"https:\/\/groupehenrigermain.fr\/lca\/taille-de-vieux-bois\/#breadcrumb"},"inLanguage":"fr-FR","potentialAction":[{"@type":"ReadAction","target":["https:\/\/groupehenrigermain.fr\/lca\/taille-de-vieux-bois\/"]}]},{"@type":"ImageObject","inLanguage":"fr-FR","@id":"https:\/\/groupehenrigermain.fr\/lca\/taille-de-vieux-bois\/#primaryimage","url":"https:\/\/groupehenrigermain.fr\/lca\/wp-content\/uploads\/sites\/2\/2024\/10\/les_charpentiers_daujourdhui_vieu_bois-scaled.webp","contentUrl":"https:\/\/groupehenrigermain.fr\/lca\/wp-content\/uploads\/sites\/2\/2024\/10\/les_charpentiers_daujourdhui_vieu_bois-scaled.webp","width":1920,"height":2560},{"@type":"BreadcrumbList","@id":"https:\/\/groupehenrigermain.fr\/lca\/taille-de-vieux-bois\/#breadcrumb","itemListElement":[{"@type":"ListItem","position":1,"name":"Accueil","item":"https:\/\/groupehenrigermain.fr\/lca\/"},{"@type":"ListItem","position":2,"name":"Taille de vieux bois"}]},{"@type":"WebSite","@id":"https:\/\/groupehenrigermain.fr\/lca\/#website","url":"https:\/\/groupehenrigermain.fr\/lca\/","name":"Les Charpentiers d&#039;Aujourd&#039;hui","description":"","publisher":{"@id":"https:\/\/groupehenrigermain.fr\/lca\/#organization"},"potentialAction":[{"@type":"SearchAction","target":{"@type":"EntryPoint","urlTemplate":"https:\/\/groupehenrigermain.fr\/lca\/?s={search_term_string}"},"query-input":{"@type":"PropertyValueSpecification","valueRequired":true,"valueName":"search_term_string"}}],"inLanguage":"fr-FR"},{"@type":"Organization","@id":"https:\/\/groupehenrigermain.fr\/lca\/#organization","name":"Les Charpentiers d&#039;Aujourd&#039;hui","url":"https:\/\/groupehenrigermain.fr\/lca\/","logo":{"@type":"ImageObject","inLanguage":"fr-FR","@id":"https:\/\/groupehenrigermain.fr\/lca\/#\/schema\/logo\/image\/","url":"https:\/\/groupehenrigermain.fr\/lca\/wp-content\/uploads\/sites\/2\/2024\/08\/Fichier-2.webp","contentUrl":"https:\/\/groupehenrigermain.fr\/lca\/wp-content\/uploads\/sites\/2\/2024\/08\/Fichier-2.webp","width":985,"height":985,"caption":"Les Charpentiers d&#039;Aujourd&#039;hui"},"image":{"@id":"https:\/\/groupehenrigermain.fr\/lca\/#\/schema\/logo\/image\/"}}]}},"_links":{"self":[{"href":"https:\/\/groupehenrigermain.fr\/lca\/wp-json\/wp\/v2\/pages\/470","targetHints":{"allow":["GET"]}}],"collection":[{"href":"https:\/\/groupehenrigermain.fr\/lca\/wp-json\/wp\/v2\/pages"}],"about":[{"href":"https:\/\/groupehenrigermain.fr\/lca\/wp-json\/wp\/v2\/types\/page"}],"author":[{"embeddable":true,"href":"https:\/\/groupehenrigermain.fr\/lca\/wp-json\/wp\/v2\/users\/1"}],"replies":[{"embeddable":true,"href":"https:\/\/groupehenrigermain.fr\/lca\/wp-json\/wp\/v2\/comments?post=470"}],"version-history":[{"count":46,"href":"https:\/\/groupehenrigermain.fr\/lca\/wp-json\/wp\/v2\/pages\/470\/revisions"}],"predecessor-version":[{"id":1337,"href":"https:\/\/groupehenrigermain.fr\/lca\/wp-json\/wp\/v2\/pages\/470\/revisions\/1337"}],"wp:attachment":[{"href":"https:\/\/groupehenrigermain.fr\/lca\/wp-json\/wp\/v2\/media?parent=470"}],"curies":[{"name":"wp","href":"https:\/\/api.w.org\/{rel}","templated":true}]}}