{"id":468,"date":"2024-10-03T10:21:55","date_gmt":"2024-10-03T08:21:55","guid":{"rendered":"https:\/\/groupehenrigermain.fr\/lca\/?page_id=468"},"modified":"2025-01-20T14:52:14","modified_gmt":"2025-01-20T13:52:14","slug":"ossature-bois","status":"publish","type":"page","link":"https:\/\/groupehenrigermain.fr\/lca\/ossature-bois\/","title":{"rendered":"Ossature bois"},"content":{"rendered":"\t\t<div data-elementor-type=\"wp-page\" data-elementor-id=\"468\" class=\"elementor elementor-468\" data-elementor-post-type=\"page\">\n\t\t\t\t<div class=\"elementor-element elementor-element-af70d12 e-flex e-con-boxed e-con e-parent\" data-id=\"af70d12\" data-element_type=\"container\" data-e-type=\"container\" data-settings=\"{&quot;background_background&quot;:&quot;classic&quot;}\">\n\t\t\t\t\t<div class=\"e-con-inner\">\n\t\t\t\t<div class=\"elementor-element elementor-element-851d41c elementor-widget elementor-widget-heading\" data-id=\"851d41c\" data-element_type=\"widget\" data-e-type=\"widget\" data-widget_type=\"heading.default\">\n\t\t\t\t<div class=\"elementor-widget-container\">\n\t\t\t\t\t<h1 class=\"elementor-heading-title elementor-size-default\">L'ossature bois<\/h1>\t\t\t\t<\/div>\n\t\t\t\t<\/div>\n\t\t\t\t<div class=\"elementor-element elementor-element-3ab11d7 elementor-widget-divider--view-line_icon elementor-view-default elementor-widget-divider--element-align-center elementor-widget elementor-widget-divider\" data-id=\"3ab11d7\" data-element_type=\"widget\" data-e-type=\"widget\" data-widget_type=\"divider.default\">\n\t\t\t\t<div class=\"elementor-widget-container\">\n\t\t\t\t\t\t\t<div class=\"elementor-divider\">\n\t\t\t<span class=\"elementor-divider-separator\">\n\t\t\t\t\t\t\t<div class=\"elementor-icon elementor-divider__element\">\n\t\t\t\t\t<svg aria-hidden=\"true\" class=\"e-font-icon-svg e-fas-circle\" viewBox=\"0 0 512 512\" xmlns=\"http:\/\/www.w3.org\/2000\/svg\"><path d=\"M256 8C119 8 8 119 8 256s111 248 248 248 248-111 248-248S393 8 256 8z\"><\/path><\/svg><\/div>\n\t\t\t\t\t\t<\/span>\n\t\t<\/div>\n\t\t\t\t\t\t<\/div>\n\t\t\t\t<\/div>\n\t\t\t\t\t<\/div>\n\t\t\t\t<\/div>\n\t\t<div class=\"elementor-element elementor-element-dfea4e3 e-flex e-con-boxed e-con e-parent\" data-id=\"dfea4e3\" data-element_type=\"container\" data-e-type=\"container\">\n\t\t\t\t\t<div class=\"e-con-inner\">\n\t\t\t\t<div class=\"elementor-element elementor-element-2eae587 elementor-widget__width-auto elementor-widget elementor-widget-heading\" data-id=\"2eae587\" data-element_type=\"widget\" data-e-type=\"widget\" data-widget_type=\"heading.default\">\n\t\t\t\t<div class=\"elementor-widget-container\">\n\t\t\t\t\t<h2 class=\"elementor-heading-title elementor-size-default\">L\u2019Essence de l\u2019ossature bois<\/h2>\t\t\t\t<\/div>\n\t\t\t\t<\/div>\n\t\t\t\t\t<\/div>\n\t\t\t\t<\/div>\n\t\t<div class=\"elementor-element elementor-element-8608d5c e-flex e-con-boxed e-con e-parent\" data-id=\"8608d5c\" data-element_type=\"container\" data-e-type=\"container\">\n\t\t\t\t\t<div class=\"e-con-inner\">\n\t\t<div class=\"elementor-element elementor-element-ad474a0 e-con-full e-flex elementor-invisible e-con e-child\" data-id=\"ad474a0\" data-element_type=\"container\" data-e-type=\"container\" data-settings=\"{&quot;background_background&quot;:&quot;classic&quot;,&quot;motion_fx_motion_fx_scrolling&quot;:&quot;yes&quot;,&quot;motion_fx_translateX_effect&quot;:&quot;yes&quot;,&quot;motion_fx_translateX_speed&quot;:{&quot;unit&quot;:&quot;px&quot;,&quot;size&quot;:1,&quot;sizes&quot;:[]},&quot;animation&quot;:&quot;fadeInLeft&quot;,&quot;motion_fx_devices&quot;:[&quot;desktop&quot;,&quot;tablet&quot;],&quot;motion_fx_translateX_affectedRange&quot;:{&quot;unit&quot;:&quot;%&quot;,&quot;size&quot;:&quot;&quot;,&quot;sizes&quot;:{&quot;start&quot;:0,&quot;end&quot;:100}}}\">\n\t\t\t\t<div class=\"elementor-element elementor-element-ebf54f8 elementor-widget elementor-widget-image\" data-id=\"ebf54f8\" data-element_type=\"widget\" data-e-type=\"widget\" data-settings=\"{&quot;motion_fx_motion_fx_scrolling&quot;:&quot;yes&quot;,&quot;motion_fx_translateX_effect&quot;:&quot;yes&quot;,&quot;motion_fx_translateX_direction&quot;:&quot;negative&quot;,&quot;motion_fx_translateX_speed&quot;:{&quot;unit&quot;:&quot;px&quot;,&quot;size&quot;:3,&quot;sizes&quot;:[]},&quot;motion_fx_devices&quot;:[&quot;desktop&quot;,&quot;tablet&quot;],&quot;motion_fx_translateX_affectedRange&quot;:{&quot;unit&quot;:&quot;%&quot;,&quot;size&quot;:&quot;&quot;,&quot;sizes&quot;:{&quot;start&quot;:0,&quot;end&quot;:100}}}\" data-widget_type=\"image.default\">\n\t\t\t\t<div class=\"elementor-widget-container\">\n\t\t\t\t\t\t\t\t\t\t\t\t\t\t\t<img fetchpriority=\"high\" decoding=\"async\" width=\"800\" height=\"600\" src=\"https:\/\/groupehenrigermain.fr\/lca\/wp-content\/uploads\/sites\/2\/2024\/11\/messardiere_lca.webp\" class=\"attachment-large size-large wp-image-868\" alt=\"Toiture en bois entour\u00e9e de verdure et d&#039;arbres sous un ciel bleu.\" srcset=\"https:\/\/groupehenrigermain.fr\/lca\/wp-content\/uploads\/sites\/2\/2024\/11\/messardiere_lca.webp 1024w, https:\/\/groupehenrigermain.fr\/lca\/wp-content\/uploads\/sites\/2\/2024\/11\/messardiere_lca-300x225.webp 300w, https:\/\/groupehenrigermain.fr\/lca\/wp-content\/uploads\/sites\/2\/2024\/11\/messardiere_lca-768x576.webp 768w\" sizes=\"(max-width: 800px) 100vw, 800px\" \/>\t\t\t\t\t\t\t\t\t\t\t\t\t\t\t<\/div>\n\t\t\t\t<\/div>\n\t\t\t\t<\/div>\n\t\t<div class=\"elementor-element elementor-element-6740484 e-con-full e-flex elementor-invisible e-con e-child\" data-id=\"6740484\" data-element_type=\"container\" data-e-type=\"container\" data-settings=\"{&quot;animation&quot;:&quot;fadeInRight&quot;}\">\n\t\t\t\t<div class=\"elementor-element elementor-element-43b2c39 elementor-widget elementor-widget-text-editor\" data-id=\"43b2c39\" data-element_type=\"widget\" data-e-type=\"widget\" data-widget_type=\"text-editor.default\">\n\t\t\t\t<div class=\"elementor-widget-container\">\n\t\t\t\t\t\t\t\t\t<p><span style=\"font-weight: 400;\">L&rsquo;ossature bois est une technique de construction qui utilise des cadres en bois pour cr\u00e9er des structures robustes et flexibles. Cette m\u00e9thode est appr\u00e9ci\u00e9e pour sa rapidit\u00e9 de mise en \u0153uvre, sa l\u00e9g\u00e8ret\u00e9, et ses excellentes performances thermiques et acoustiques. Elle permet de construire des maisons, <span style=\"color: #ff9900;\"><a style=\"color: #ff9900;\" href=\"https:\/\/groupehenrigermain.fr\/lca\/extension-sur-mesure\/\">des extensions<\/a><\/span>, et des b\u00e2timents commerciaux tout en respectant l&rsquo;environnement.<\/span><\/p>\t\t\t\t\t\t\t\t<\/div>\n\t\t\t\t<\/div>\n\t\t\t\t<\/div>\n\t\t\t\t\t<\/div>\n\t\t\t\t<\/div>\n\t\t<div class=\"elementor-element elementor-element-429e016 e-flex e-con-boxed e-con e-parent\" data-id=\"429e016\" data-element_type=\"container\" data-e-type=\"container\">\n\t\t\t\t\t<div class=\"e-con-inner\">\n\t\t<div class=\"elementor-element elementor-element-c06fc08 e-con-full e-flex elementor-invisible e-con e-child\" data-id=\"c06fc08\" data-element_type=\"container\" data-e-type=\"container\" data-settings=\"{&quot;animation&quot;:&quot;fadeInRight&quot;}\">\n\t\t\t\t<div class=\"elementor-element elementor-element-3e83e94 elementor-widget elementor-widget-heading\" data-id=\"3e83e94\" data-element_type=\"widget\" data-e-type=\"widget\" data-widget_type=\"heading.default\">\n\t\t\t\t<div class=\"elementor-widget-container\">\n\t\t\t\t\t<h2 class=\"elementor-heading-title elementor-size-default\">Avantages de l\u2019ossature bois<\/h2>\t\t\t\t<\/div>\n\t\t\t\t<\/div>\n\t\t\t\t<div class=\"elementor-element elementor-element-7d994d0 elementor-widget elementor-widget-text-editor\" data-id=\"7d994d0\" data-element_type=\"widget\" data-e-type=\"widget\" data-widget_type=\"text-editor.default\">\n\t\t\t\t<div class=\"elementor-widget-container\">\n\t\t\t\t\t\t\t\t\t<ul><li><span style=\"font-weight: 400;\">Rapidit\u00e9 de construction : Gr\u00e2ce \u00e0 la pr\u00e9fabrication des \u00e9l\u00e9ments dans notre atelier, la construction sur site est rapide et efficace.<br \/><br \/><\/span><\/li><li>Flexibilit\u00e9 architecturale : Le bois permet une grande libert\u00e9 de design, s&rsquo;adaptant \u00e0 toutes vos envies cr\u00e9atives.<\/li><\/ul><p><span style=\"font-weight: 400;\">\u00a0<\/span><\/p><ul><li><span style=\"font-weight: 400;\">Robustesse : Le bois est un mat\u00e9riau tr\u00e8s r\u00e9sistant. Il r\u00e9siste aux intemp\u00e9ries et aucune fissure n\u2019est possible avec une ossature bois<br \/><br \/><\/span><\/li><li><span style=\"font-weight: 400;\">Performance \u00e9nerg\u00e9tique : Le bois est un excellent isolant naturel, garantissant des \u00e9conomies d\u2019\u00e9nergie et un confort optimal.<br \/><br \/><\/span><\/li><li><span style=\"font-weight: 400;\">Respect de l\u2019environnement : Le bois est un mat\u00e9riau renouvelable et recyclable, contribuant \u00e0 la r\u00e9duction de l&#8217;empreinte carbone.<\/span><\/li><\/ul>\t\t\t\t\t\t\t\t<\/div>\n\t\t\t\t<\/div>\n\t\t\t\t<div class=\"elementor-element elementor-element-32d7c77 elementor-widget elementor-widget-button\" data-id=\"32d7c77\" data-element_type=\"widget\" data-e-type=\"widget\" data-widget_type=\"button.default\">\n\t\t\t\t<div class=\"elementor-widget-container\">\n\t\t\t\t\t\t\t\t\t<div class=\"elementor-button-wrapper\">\n\t\t\t\t\t<a class=\"elementor-button elementor-button-link elementor-size-sm elementor-animation-bob\" href=\"mailto:contact@germaintoiture.fr\">\n\t\t\t\t\t\t<span class=\"elementor-button-content-wrapper\">\n\t\t\t\t\t\t\t\t\t<span class=\"elementor-button-text\">Obtenir un devis<\/span>\n\t\t\t\t\t<\/span>\n\t\t\t\t\t<\/a>\n\t\t\t\t<\/div>\n\t\t\t\t\t\t\t\t<\/div>\n\t\t\t\t<\/div>\n\t\t\t\t<\/div>\n\t\t<div class=\"elementor-element elementor-element-da42aee e-con-full e-flex elementor-invisible e-con e-child\" data-id=\"da42aee\" data-element_type=\"container\" data-e-type=\"container\" data-settings=\"{&quot;background_background&quot;:&quot;classic&quot;,&quot;motion_fx_motion_fx_scrolling&quot;:&quot;yes&quot;,&quot;motion_fx_translateX_effect&quot;:&quot;yes&quot;,&quot;motion_fx_translateX_speed&quot;:{&quot;unit&quot;:&quot;px&quot;,&quot;size&quot;:1,&quot;sizes&quot;:[]},&quot;animation&quot;:&quot;fadeInLeft&quot;,&quot;motion_fx_devices&quot;:[&quot;desktop&quot;,&quot;tablet&quot;],&quot;motion_fx_translateX_affectedRange&quot;:{&quot;unit&quot;:&quot;%&quot;,&quot;size&quot;:&quot;&quot;,&quot;sizes&quot;:{&quot;start&quot;:0,&quot;end&quot;:100}}}\">\n\t\t\t\t<div class=\"elementor-element elementor-element-5e42d98 elementor-widget__width-initial elementor-widget elementor-widget-image\" data-id=\"5e42d98\" data-element_type=\"widget\" data-e-type=\"widget\" data-settings=\"{&quot;motion_fx_motion_fx_scrolling&quot;:&quot;yes&quot;,&quot;motion_fx_translateX_effect&quot;:&quot;yes&quot;,&quot;motion_fx_translateX_direction&quot;:&quot;negative&quot;,&quot;motion_fx_translateX_speed&quot;:{&quot;unit&quot;:&quot;px&quot;,&quot;size&quot;:3,&quot;sizes&quot;:[]},&quot;motion_fx_devices&quot;:[&quot;desktop&quot;,&quot;tablet&quot;],&quot;motion_fx_translateX_affectedRange&quot;:{&quot;unit&quot;:&quot;%&quot;,&quot;size&quot;:&quot;&quot;,&quot;sizes&quot;:{&quot;start&quot;:0,&quot;end&quot;:100}}}\" data-widget_type=\"image.default\">\n\t\t\t\t<div class=\"elementor-widget-container\">\n\t\t\t\t\t\t\t\t\t\t\t\t\t\t\t<img decoding=\"async\" width=\"2000\" height=\"1500\" src=\"https:\/\/groupehenrigermain.fr\/lca\/wp-content\/uploads\/sites\/2\/2024\/10\/mur_ossature_bois.webp\" class=\"attachment-full size-full wp-image-804\" alt=\"Structure en ossature bois avec finitions naturelles par Les Charpentiers d&#039;Aujourd&#039;hui.\" srcset=\"https:\/\/groupehenrigermain.fr\/lca\/wp-content\/uploads\/sites\/2\/2024\/10\/mur_ossature_bois.webp 2000w, https:\/\/groupehenrigermain.fr\/lca\/wp-content\/uploads\/sites\/2\/2024\/10\/mur_ossature_bois-300x225.webp 300w, https:\/\/groupehenrigermain.fr\/lca\/wp-content\/uploads\/sites\/2\/2024\/10\/mur_ossature_bois-1024x768.webp 1024w, https:\/\/groupehenrigermain.fr\/lca\/wp-content\/uploads\/sites\/2\/2024\/10\/mur_ossature_bois-768x576.webp 768w, https:\/\/groupehenrigermain.fr\/lca\/wp-content\/uploads\/sites\/2\/2024\/10\/mur_ossature_bois-1536x1152.webp 1536w\" sizes=\"(max-width: 2000px) 100vw, 2000px\" \/>\t\t\t\t\t\t\t\t\t\t\t\t\t\t\t<\/div>\n\t\t\t\t<\/div>\n\t\t\t\t<\/div>\n\t\t\t\t\t<\/div>\n\t\t\t\t<\/div>\n\t\t<div class=\"elementor-element elementor-element-aeed1aa e-flex e-con-boxed e-con e-parent\" data-id=\"aeed1aa\" data-element_type=\"container\" data-e-type=\"container\">\n\t\t\t\t\t<div class=\"e-con-inner\">\n\t\t<div class=\"elementor-element elementor-element-44941e0 e-con-full e-flex elementor-invisible e-con e-child\" data-id=\"44941e0\" data-element_type=\"container\" data-e-type=\"container\" data-settings=\"{&quot;animation&quot;:&quot;fadeInRight&quot;}\">\n\t\t\t\t<div class=\"elementor-element elementor-element-f08c67c elementor-widget__width-auto elementor-widget elementor-widget-heading\" data-id=\"f08c67c\" data-element_type=\"widget\" data-e-type=\"widget\" data-widget_type=\"heading.default\">\n\t\t\t\t<div class=\"elementor-widget-container\">\n\t\t\t\t\t<h2 class=\"elementor-heading-title elementor-size-default\">Conception sur mesure<\/h2>\t\t\t\t<\/div>\n\t\t\t\t<\/div>\n\t\t\t\t<div class=\"elementor-element elementor-element-df34926 elementor-widget__width-initial elementor-widget elementor-widget-text-editor\" data-id=\"df34926\" data-element_type=\"widget\" data-e-type=\"widget\" data-widget_type=\"text-editor.default\">\n\t\t\t\t<div class=\"elementor-widget-container\">\n\t\t\t\t\t\t\t\t\t<p><span style=\"font-weight: 400;\">Chez Les Charpentiers d&rsquo;Aujourd&rsquo;hui, chaque projet est unique. Nous vous offrons des solutions sur mesure adapt\u00e9es \u00e0 vos besoins sp\u00e9cifiques. De la conception \u00e0 la r\u00e9alisation, nous travaillons en \u00e9troite collaboration avec le client pour donner vie \u00e0 votre vision. Nos conducteurs de travaux sont \u00e0 votre \u00e9coute pour s\u2019assurer que chaque d\u00e9tail correspond \u00e0 vos attentes.<\/span><\/p>\t\t\t\t\t\t\t\t<\/div>\n\t\t\t\t<\/div>\n\t\t\t\t<\/div>\n\t\t\t\t\t<\/div>\n\t\t\t\t<\/div>\n\t\t\t\t<\/div>\n\t\t","protected":false},"excerpt":{"rendered":"<p>L&rsquo;ossature bois L\u2019Essence de l\u2019ossature bois L&rsquo;ossature bois est une technique de construction qui utilise des cadres en bois pour cr\u00e9er des structures robustes et flexibles. Cette m\u00e9thode est appr\u00e9ci\u00e9e pour sa rapidit\u00e9 de mise en \u0153uvre, sa l\u00e9g\u00e8ret\u00e9, et ses excellentes performances thermiques et acoustiques. Elle permet de construire des maisons, des extensions, et [&hellip;]<\/p>\n","protected":false},"author":1,"featured_media":0,"parent":0,"menu_order":0,"comment_status":"closed","ping_status":"closed","template":"","meta":{"footnotes":""},"class_list":["post-468","page","type-page","status-publish","hentry"],"yoast_head":"<!-- This site is optimized with the Yoast SEO plugin v27.4 - https:\/\/yoast.com\/product\/yoast-seo-wordpress\/ -->\n<title>Ossature bois - Les Charpentiers d&#039;Aujourd&#039;hui<\/title>\n<meta name=\"description\" content=\"Construisez durablement : des structures en ossature bois sur mesure, rapides \u00e0 construire, performantes et respectueuses de l&#039;environnement.\" \/>\n<meta name=\"robots\" content=\"index, follow, max-snippet:-1, max-image-preview:large, max-video-preview:-1\" \/>\n<link rel=\"canonical\" href=\"https:\/\/groupehenrigermain.fr\/lca\/ossature-bois\/\" \/>\n<meta property=\"og:locale\" content=\"fr_FR\" \/>\n<meta property=\"og:type\" content=\"article\" \/>\n<meta property=\"og:title\" content=\"Ossature bois - Les Charpentiers d&#039;Aujourd&#039;hui\" \/>\n<meta property=\"og:description\" content=\"Construisez durablement : des structures en ossature bois sur mesure, rapides \u00e0 construire, performantes et respectueuses de l&#039;environnement.\" \/>\n<meta property=\"og:url\" content=\"https:\/\/groupehenrigermain.fr\/lca\/ossature-bois\/\" \/>\n<meta property=\"og:site_name\" content=\"Les Charpentiers d&#039;Aujourd&#039;hui\" \/>\n<meta property=\"article:modified_time\" content=\"2025-01-20T13:52:14+00:00\" \/>\n<meta property=\"og:image\" content=\"https:\/\/groupehenrigermain.fr\/lca\/wp-content\/uploads\/sites\/2\/2024\/11\/messardiere_lca.webp\" \/>\n<meta name=\"twitter:card\" content=\"summary_large_image\" \/>\n<meta name=\"twitter:label1\" content=\"Dur\u00e9e de lecture estim\u00e9e\" \/>\n\t<meta name=\"twitter:data1\" content=\"2 minutes\" \/>\n<script type=\"application\/ld+json\" class=\"yoast-schema-graph\">{\"@context\":\"https:\\\/\\\/schema.org\",\"@graph\":[{\"@type\":\"WebPage\",\"@id\":\"https:\\\/\\\/groupehenrigermain.fr\\\/lca\\\/ossature-bois\\\/\",\"url\":\"https:\\\/\\\/groupehenrigermain.fr\\\/lca\\\/ossature-bois\\\/\",\"name\":\"Ossature bois - Les Charpentiers d&#039;Aujourd&#039;hui\",\"isPartOf\":{\"@id\":\"https:\\\/\\\/groupehenrigermain.fr\\\/lca\\\/#website\"},\"primaryImageOfPage\":{\"@id\":\"https:\\\/\\\/groupehenrigermain.fr\\\/lca\\\/ossature-bois\\\/#primaryimage\"},\"image\":{\"@id\":\"https:\\\/\\\/groupehenrigermain.fr\\\/lca\\\/ossature-bois\\\/#primaryimage\"},\"thumbnailUrl\":\"https:\\\/\\\/groupehenrigermain.fr\\\/lca\\\/wp-content\\\/uploads\\\/sites\\\/2\\\/2024\\\/11\\\/messardiere_lca.webp\",\"datePublished\":\"2024-10-03T08:21:55+00:00\",\"dateModified\":\"2025-01-20T13:52:14+00:00\",\"description\":\"Construisez durablement : des structures en ossature bois sur mesure, rapides \u00e0 construire, performantes et respectueuses de l'environnement.\",\"breadcrumb\":{\"@id\":\"https:\\\/\\\/groupehenrigermain.fr\\\/lca\\\/ossature-bois\\\/#breadcrumb\"},\"inLanguage\":\"fr-FR\",\"potentialAction\":[{\"@type\":\"ReadAction\",\"target\":[\"https:\\\/\\\/groupehenrigermain.fr\\\/lca\\\/ossature-bois\\\/\"]}]},{\"@type\":\"ImageObject\",\"inLanguage\":\"fr-FR\",\"@id\":\"https:\\\/\\\/groupehenrigermain.fr\\\/lca\\\/ossature-bois\\\/#primaryimage\",\"url\":\"https:\\\/\\\/groupehenrigermain.fr\\\/lca\\\/wp-content\\\/uploads\\\/sites\\\/2\\\/2024\\\/11\\\/messardiere_lca.webp\",\"contentUrl\":\"https:\\\/\\\/groupehenrigermain.fr\\\/lca\\\/wp-content\\\/uploads\\\/sites\\\/2\\\/2024\\\/11\\\/messardiere_lca.webp\",\"width\":1024,\"height\":768,\"caption\":\"Toiture en bois r\u00e9alis\u00e9e par Les Charpentiers d\u2019Aujourd'hui.\"},{\"@type\":\"BreadcrumbList\",\"@id\":\"https:\\\/\\\/groupehenrigermain.fr\\\/lca\\\/ossature-bois\\\/#breadcrumb\",\"itemListElement\":[{\"@type\":\"ListItem\",\"position\":1,\"name\":\"Accueil\",\"item\":\"https:\\\/\\\/groupehenrigermain.fr\\\/lca\\\/\"},{\"@type\":\"ListItem\",\"position\":2,\"name\":\"Ossature bois\"}]},{\"@type\":\"WebSite\",\"@id\":\"https:\\\/\\\/groupehenrigermain.fr\\\/lca\\\/#website\",\"url\":\"https:\\\/\\\/groupehenrigermain.fr\\\/lca\\\/\",\"name\":\"Les Charpentiers d&#039;Aujourd&#039;hui\",\"description\":\"\",\"publisher\":{\"@id\":\"https:\\\/\\\/groupehenrigermain.fr\\\/lca\\\/#organization\"},\"potentialAction\":[{\"@type\":\"SearchAction\",\"target\":{\"@type\":\"EntryPoint\",\"urlTemplate\":\"https:\\\/\\\/groupehenrigermain.fr\\\/lca\\\/?s={search_term_string}\"},\"query-input\":{\"@type\":\"PropertyValueSpecification\",\"valueRequired\":true,\"valueName\":\"search_term_string\"}}],\"inLanguage\":\"fr-FR\"},{\"@type\":\"Organization\",\"@id\":\"https:\\\/\\\/groupehenrigermain.fr\\\/lca\\\/#organization\",\"name\":\"Les Charpentiers d&#039;Aujourd&#039;hui\",\"url\":\"https:\\\/\\\/groupehenrigermain.fr\\\/lca\\\/\",\"logo\":{\"@type\":\"ImageObject\",\"inLanguage\":\"fr-FR\",\"@id\":\"https:\\\/\\\/groupehenrigermain.fr\\\/lca\\\/#\\\/schema\\\/logo\\\/image\\\/\",\"url\":\"https:\\\/\\\/groupehenrigermain.fr\\\/lca\\\/wp-content\\\/uploads\\\/sites\\\/2\\\/2024\\\/08\\\/Fichier-2.webp\",\"contentUrl\":\"https:\\\/\\\/groupehenrigermain.fr\\\/lca\\\/wp-content\\\/uploads\\\/sites\\\/2\\\/2024\\\/08\\\/Fichier-2.webp\",\"width\":985,\"height\":985,\"caption\":\"Les Charpentiers d&#039;Aujourd&#039;hui\"},\"image\":{\"@id\":\"https:\\\/\\\/groupehenrigermain.fr\\\/lca\\\/#\\\/schema\\\/logo\\\/image\\\/\"}}]}<\/script>\n<!-- \/ Yoast SEO plugin. -->","yoast_head_json":{"title":"Ossature bois - Les Charpentiers d&#039;Aujourd&#039;hui","description":"Construisez durablement : des structures en ossature bois sur mesure, rapides \u00e0 construire, performantes et respectueuses de l'environnement.","robots":{"index":"index","follow":"follow","max-snippet":"max-snippet:-1","max-image-preview":"max-image-preview:large","max-video-preview":"max-video-preview:-1"},"canonical":"https:\/\/groupehenrigermain.fr\/lca\/ossature-bois\/","og_locale":"fr_FR","og_type":"article","og_title":"Ossature bois - Les Charpentiers d&#039;Aujourd&#039;hui","og_description":"Construisez durablement : des structures en ossature bois sur mesure, rapides \u00e0 construire, performantes et respectueuses de l'environnement.","og_url":"https:\/\/groupehenrigermain.fr\/lca\/ossature-bois\/","og_site_name":"Les Charpentiers d&#039;Aujourd&#039;hui","article_modified_time":"2025-01-20T13:52:14+00:00","og_image":[{"url":"https:\/\/groupehenrigermain.fr\/lca\/wp-content\/uploads\/sites\/2\/2024\/11\/messardiere_lca.webp","type":"","width":"","height":""}],"twitter_card":"summary_large_image","twitter_misc":{"Dur\u00e9e de lecture estim\u00e9e":"2 minutes"},"schema":{"@context":"https:\/\/schema.org","@graph":[{"@type":"WebPage","@id":"https:\/\/groupehenrigermain.fr\/lca\/ossature-bois\/","url":"https:\/\/groupehenrigermain.fr\/lca\/ossature-bois\/","name":"Ossature bois - Les Charpentiers d&#039;Aujourd&#039;hui","isPartOf":{"@id":"https:\/\/groupehenrigermain.fr\/lca\/#website"},"primaryImageOfPage":{"@id":"https:\/\/groupehenrigermain.fr\/lca\/ossature-bois\/#primaryimage"},"image":{"@id":"https:\/\/groupehenrigermain.fr\/lca\/ossature-bois\/#primaryimage"},"thumbnailUrl":"https:\/\/groupehenrigermain.fr\/lca\/wp-content\/uploads\/sites\/2\/2024\/11\/messardiere_lca.webp","datePublished":"2024-10-03T08:21:55+00:00","dateModified":"2025-01-20T13:52:14+00:00","description":"Construisez durablement : des structures en ossature bois sur mesure, rapides \u00e0 construire, performantes et respectueuses de l'environnement.","breadcrumb":{"@id":"https:\/\/groupehenrigermain.fr\/lca\/ossature-bois\/#breadcrumb"},"inLanguage":"fr-FR","potentialAction":[{"@type":"ReadAction","target":["https:\/\/groupehenrigermain.fr\/lca\/ossature-bois\/"]}]},{"@type":"ImageObject","inLanguage":"fr-FR","@id":"https:\/\/groupehenrigermain.fr\/lca\/ossature-bois\/#primaryimage","url":"https:\/\/groupehenrigermain.fr\/lca\/wp-content\/uploads\/sites\/2\/2024\/11\/messardiere_lca.webp","contentUrl":"https:\/\/groupehenrigermain.fr\/lca\/wp-content\/uploads\/sites\/2\/2024\/11\/messardiere_lca.webp","width":1024,"height":768,"caption":"Toiture en bois r\u00e9alis\u00e9e par Les Charpentiers d\u2019Aujourd'hui."},{"@type":"BreadcrumbList","@id":"https:\/\/groupehenrigermain.fr\/lca\/ossature-bois\/#breadcrumb","itemListElement":[{"@type":"ListItem","position":1,"name":"Accueil","item":"https:\/\/groupehenrigermain.fr\/lca\/"},{"@type":"ListItem","position":2,"name":"Ossature bois"}]},{"@type":"WebSite","@id":"https:\/\/groupehenrigermain.fr\/lca\/#website","url":"https:\/\/groupehenrigermain.fr\/lca\/","name":"Les Charpentiers d&#039;Aujourd&#039;hui","description":"","publisher":{"@id":"https:\/\/groupehenrigermain.fr\/lca\/#organization"},"potentialAction":[{"@type":"SearchAction","target":{"@type":"EntryPoint","urlTemplate":"https:\/\/groupehenrigermain.fr\/lca\/?s={search_term_string}"},"query-input":{"@type":"PropertyValueSpecification","valueRequired":true,"valueName":"search_term_string"}}],"inLanguage":"fr-FR"},{"@type":"Organization","@id":"https:\/\/groupehenrigermain.fr\/lca\/#organization","name":"Les Charpentiers d&#039;Aujourd&#039;hui","url":"https:\/\/groupehenrigermain.fr\/lca\/","logo":{"@type":"ImageObject","inLanguage":"fr-FR","@id":"https:\/\/groupehenrigermain.fr\/lca\/#\/schema\/logo\/image\/","url":"https:\/\/groupehenrigermain.fr\/lca\/wp-content\/uploads\/sites\/2\/2024\/08\/Fichier-2.webp","contentUrl":"https:\/\/groupehenrigermain.fr\/lca\/wp-content\/uploads\/sites\/2\/2024\/08\/Fichier-2.webp","width":985,"height":985,"caption":"Les Charpentiers d&#039;Aujourd&#039;hui"},"image":{"@id":"https:\/\/groupehenrigermain.fr\/lca\/#\/schema\/logo\/image\/"}}]}},"_links":{"self":[{"href":"https:\/\/groupehenrigermain.fr\/lca\/wp-json\/wp\/v2\/pages\/468","targetHints":{"allow":["GET"]}}],"collection":[{"href":"https:\/\/groupehenrigermain.fr\/lca\/wp-json\/wp\/v2\/pages"}],"about":[{"href":"https:\/\/groupehenrigermain.fr\/lca\/wp-json\/wp\/v2\/types\/page"}],"author":[{"embeddable":true,"href":"https:\/\/groupehenrigermain.fr\/lca\/wp-json\/wp\/v2\/users\/1"}],"replies":[{"embeddable":true,"href":"https:\/\/groupehenrigermain.fr\/lca\/wp-json\/wp\/v2\/comments?post=468"}],"version-history":[{"count":121,"href":"https:\/\/groupehenrigermain.fr\/lca\/wp-json\/wp\/v2\/pages\/468\/revisions"}],"predecessor-version":[{"id":1373,"href":"https:\/\/groupehenrigermain.fr\/lca\/wp-json\/wp\/v2\/pages\/468\/revisions\/1373"}],"wp:attachment":[{"href":"https:\/\/groupehenrigermain.fr\/lca\/wp-json\/wp\/v2\/media?parent=468"}],"curies":[{"name":"wp","href":"https:\/\/api.w.org\/{rel}","templated":true}]}}