{"id":330,"date":"2024-09-18T09:14:45","date_gmt":"2024-09-18T07:14:45","guid":{"rendered":"https:\/\/groupehenrigermain.fr\/lca\/?page_id=330"},"modified":"2024-12-18T15:22:29","modified_gmt":"2024-12-18T14:22:29","slug":"actualites","status":"publish","type":"page","link":"https:\/\/groupehenrigermain.fr\/lca\/actualites\/","title":{"rendered":"Actualit\u00e9s"},"content":{"rendered":"\t\t<div data-elementor-type=\"wp-page\" data-elementor-id=\"330\" class=\"elementor elementor-330\" data-elementor-post-type=\"page\">\n\t\t\t\t<div class=\"elementor-element elementor-element-3b41bd43 e-flex e-con-boxed e-con e-parent\" data-id=\"3b41bd43\" data-element_type=\"container\" data-e-type=\"container\" data-settings=\"{&quot;background_background&quot;:&quot;classic&quot;}\">\n\t\t\t\t\t<div class=\"e-con-inner\">\n\t\t\t\t<div class=\"elementor-element elementor-element-56c839d2 elementor-widget elementor-widget-heading\" data-id=\"56c839d2\" data-element_type=\"widget\" data-e-type=\"widget\" data-widget_type=\"heading.default\">\n\t\t\t\t<div class=\"elementor-widget-container\">\n\t\t\t\t\t<h1 class=\"elementor-heading-title elementor-size-default\">Actualit\u00e9s<\/h1>\t\t\t\t<\/div>\n\t\t\t\t<\/div>\n\t\t\t\t<div class=\"elementor-element elementor-element-7de47602 elementor-widget-divider--view-line_icon elementor-view-default elementor-widget-divider--element-align-center elementor-widget elementor-widget-divider\" data-id=\"7de47602\" data-element_type=\"widget\" data-e-type=\"widget\" data-widget_type=\"divider.default\">\n\t\t\t\t<div class=\"elementor-widget-container\">\n\t\t\t\t\t\t\t<div class=\"elementor-divider\">\n\t\t\t<span class=\"elementor-divider-separator\">\n\t\t\t\t\t\t\t<div class=\"elementor-icon elementor-divider__element\">\n\t\t\t\t\t<svg aria-hidden=\"true\" class=\"e-font-icon-svg e-fas-circle\" viewBox=\"0 0 512 512\" xmlns=\"http:\/\/www.w3.org\/2000\/svg\"><path d=\"M256 8C119 8 8 119 8 256s111 248 248 248 248-111 248-248S393 8 256 8z\"><\/path><\/svg><\/div>\n\t\t\t\t\t\t<\/span>\n\t\t<\/div>\n\t\t\t\t\t\t<\/div>\n\t\t\t\t<\/div>\n\t\t\t\t\t<\/div>\n\t\t\t\t<\/div>\n\t\t<div class=\"elementor-element elementor-element-68e04301 e-flex e-con-boxed e-con e-parent\" data-id=\"68e04301\" data-element_type=\"container\" data-e-type=\"container\">\n\t\t\t\t\t<div class=\"e-con-inner\">\n\t\t\t\t<div class=\"elementor-element elementor-element-1bdb0c8a elementor-widget__width-auto elementor-widget elementor-widget-heading\" data-id=\"1bdb0c8a\" data-element_type=\"widget\" data-e-type=\"widget\" data-widget_type=\"heading.default\">\n\t\t\t\t<div class=\"elementor-widget-container\">\n\t\t\t\t\t<h2 class=\"elementor-heading-title elementor-size-default\">Nos derni\u00e8res nouvelles<\/h2>\t\t\t\t<\/div>\n\t\t\t\t<\/div>\n\t\t\t\t<div class=\"elementor-element elementor-element-2af58b4 elementor-widget elementor-widget-text-editor\" data-id=\"2af58b4\" data-element_type=\"widget\" data-e-type=\"widget\" data-widget_type=\"text-editor.default\">\n\t\t\t\t<div class=\"elementor-widget-container\">\n\t\t\t\t\t\t\t\t\t<p>Plongez au c\u0153ur de notre actualit\u00e9 et suivez les \u00e9tapes qui enrichissent notre histoire.<\/p>\t\t\t\t\t\t\t\t<\/div>\n\t\t\t\t<\/div>\n\t\t\t\t\t<\/div>\n\t\t\t\t<\/div>\n\t\t<div class=\"elementor-element elementor-element-f80c93e e-flex e-con-boxed e-con e-parent\" data-id=\"f80c93e\" data-element_type=\"container\" data-e-type=\"container\">\n\t\t\t\t\t<div class=\"e-con-inner\">\n\t\t\t\t<div class=\"elementor-element elementor-element-e31c592 elementor-grid-4 elementor-grid-tablet-2 elementor-grid-mobile-1 elementor-posts--thumbnail-top elementor-card-shadow-yes elementor-posts__hover-gradient elementor-widget elementor-widget-posts\" data-id=\"e31c592\" data-element_type=\"widget\" data-e-type=\"widget\" data-settings=\"{&quot;cards_columns&quot;:&quot;4&quot;,&quot;cards_columns_tablet&quot;:&quot;2&quot;,&quot;cards_columns_mobile&quot;:&quot;1&quot;,&quot;cards_row_gap&quot;:{&quot;unit&quot;:&quot;px&quot;,&quot;size&quot;:35,&quot;sizes&quot;:[]},&quot;cards_row_gap_tablet&quot;:{&quot;unit&quot;:&quot;px&quot;,&quot;size&quot;:&quot;&quot;,&quot;sizes&quot;:[]},&quot;cards_row_gap_mobile&quot;:{&quot;unit&quot;:&quot;px&quot;,&quot;size&quot;:&quot;&quot;,&quot;sizes&quot;:[]}}\" data-widget_type=\"posts.cards\">\n\t\t\t\t<div class=\"elementor-widget-container\">\n\t\t\t\t\t\t\t<div class=\"elementor-posts-container elementor-posts elementor-posts--skin-cards elementor-grid\" role=\"list\">\n\t\t\t\t<article class=\"elementor-post elementor-grid-item post-1585 post type-post status-publish format-standard has-post-thumbnail hentry category-actualites\" role=\"listitem\">\n\t\t\t<div class=\"elementor-post__card\">\n\t\t\t\t<a class=\"elementor-post__thumbnail__link\" href=\"https:\/\/groupehenrigermain.fr\/lca\/agrandissement-surelevation-ossature-bois-zone-dense\/\" tabindex=\"-1\" ><div class=\"elementor-post__thumbnail\"><img fetchpriority=\"high\" decoding=\"async\" width=\"1536\" height=\"1151\" src=\"https:\/\/groupehenrigermain.fr\/lca\/wp-content\/uploads\/sites\/2\/2026\/04\/DJDC921-1536x1151.jpg\" class=\"attachment-1536x1536 size-1536x1536 wp-image-1586\" alt=\"\" srcset=\"https:\/\/groupehenrigermain.fr\/lca\/wp-content\/uploads\/sites\/2\/2026\/04\/DJDC921-1536x1151.jpg 1536w, https:\/\/groupehenrigermain.fr\/lca\/wp-content\/uploads\/sites\/2\/2026\/04\/DJDC921-300x225.jpg 300w, https:\/\/groupehenrigermain.fr\/lca\/wp-content\/uploads\/sites\/2\/2026\/04\/DJDC921-2000x1498.jpg 2000w, https:\/\/groupehenrigermain.fr\/lca\/wp-content\/uploads\/sites\/2\/2026\/04\/DJDC921-768x575.jpg 768w, https:\/\/groupehenrigermain.fr\/lca\/wp-content\/uploads\/sites\/2\/2026\/04\/DJDC921-2048x1534.jpg 2048w\" sizes=\"(max-width: 1536px) 100vw, 1536px\" \/><\/div><\/a>\n\t\t\t\t<div class=\"elementor-post__text\">\n\t\t\t\t<h3 class=\"elementor-post__title\">\n\t\t\t<a href=\"https:\/\/groupehenrigermain.fr\/lca\/agrandissement-surelevation-ossature-bois-zone-dense\/\" >\n\t\t\t\tAgrandissement et sur\u00e9l\u00e9vation : pourquoi l\u2019ossature bois est la solution id\u00e9ale ?\t\t\t<\/a>\n\t\t<\/h3>\n\t\t\n\t\t<a class=\"elementor-post__read-more\" href=\"https:\/\/groupehenrigermain.fr\/lca\/agrandissement-surelevation-ossature-bois-zone-dense\/\" aria-label=\"En savoir plus sur Agrandissement et sur\u00e9l\u00e9vation : pourquoi l\u2019ossature bois est la solution id\u00e9ale ?\" tabindex=\"-1\" >\n\t\t\tLire la suite \u00bb\t\t<\/a>\n\n\t\t\t\t<\/div>\n\t\t\t\t<div class=\"elementor-post__meta-data\">\n\t\t\t\t\t<span class=\"elementor-post-date\">\n\t\t\t17 avril 2026\t\t<\/span>\n\t\t\t\t<\/div>\n\t\t\t\t\t<\/div>\n\t\t<\/article>\n\t\t\t\t<article class=\"elementor-post elementor-grid-item post-1581 post type-post status-publish format-standard has-post-thumbnail hentry category-actualites\" role=\"listitem\">\n\t\t\t<div class=\"elementor-post__card\">\n\t\t\t\t<a class=\"elementor-post__thumbnail__link\" href=\"https:\/\/groupehenrigermain.fr\/lca\/art-coffrage-bois-metallique-maconnerie-charpente\/\" tabindex=\"-1\" ><div class=\"elementor-post__thumbnail\"><img decoding=\"async\" width=\"1024\" height=\"1536\" src=\"https:\/\/groupehenrigermain.fr\/lca\/wp-content\/uploads\/sites\/2\/2026\/04\/groupe-henri-germain-fontainebleau-\u00a9studioparici-10-1024x1536.jpg\" class=\"attachment-1536x1536 size-1536x1536 wp-image-1583\" alt=\"\" srcset=\"https:\/\/groupehenrigermain.fr\/lca\/wp-content\/uploads\/sites\/2\/2026\/04\/groupe-henri-germain-fontainebleau-\u00a9studioparici-10-1024x1536.jpg 1024w, https:\/\/groupehenrigermain.fr\/lca\/wp-content\/uploads\/sites\/2\/2026\/04\/groupe-henri-germain-fontainebleau-\u00a9studioparici-10-200x300.jpg 200w, https:\/\/groupehenrigermain.fr\/lca\/wp-content\/uploads\/sites\/2\/2026\/04\/groupe-henri-germain-fontainebleau-\u00a9studioparici-10-768x1152.jpg 768w, https:\/\/groupehenrigermain.fr\/lca\/wp-content\/uploads\/sites\/2\/2026\/04\/groupe-henri-germain-fontainebleau-\u00a9studioparici-10.jpg 1333w\" sizes=\"(max-width: 1024px) 100vw, 1024px\" \/><\/div><\/a>\n\t\t\t\t<div class=\"elementor-post__text\">\n\t\t\t\t<h3 class=\"elementor-post__title\">\n\t\t\t<a href=\"https:\/\/groupehenrigermain.fr\/lca\/art-coffrage-bois-metallique-maconnerie-charpente\/\" >\n\t\t\t\tL\u2019art du coffrage bois et m\u00e9tallique : quand la ma\u00e7onnerie rencontre la charpente\t\t\t<\/a>\n\t\t<\/h3>\n\t\t\n\t\t<a class=\"elementor-post__read-more\" href=\"https:\/\/groupehenrigermain.fr\/lca\/art-coffrage-bois-metallique-maconnerie-charpente\/\" aria-label=\"En savoir plus sur L\u2019art du coffrage bois et m\u00e9tallique : quand la ma\u00e7onnerie rencontre la charpente\" tabindex=\"-1\" >\n\t\t\tLire la suite \u00bb\t\t<\/a>\n\n\t\t\t\t<\/div>\n\t\t\t\t<div class=\"elementor-post__meta-data\">\n\t\t\t\t\t<span class=\"elementor-post-date\">\n\t\t\t17 avril 2026\t\t<\/span>\n\t\t\t\t<\/div>\n\t\t\t\t\t<\/div>\n\t\t<\/article>\n\t\t\t\t<article class=\"elementor-post elementor-grid-item post-1034 post type-post status-publish format-standard has-post-thumbnail hentry category-actualites\" role=\"listitem\">\n\t\t\t<div class=\"elementor-post__card\">\n\t\t\t\t<a class=\"elementor-post__thumbnail__link\" href=\"https:\/\/groupehenrigermain.fr\/lca\/les-tendances-de-la-charpente\/\" tabindex=\"-1\" ><div class=\"elementor-post__thumbnail\"><img decoding=\"async\" width=\"1024\" height=\"768\" src=\"https:\/\/groupehenrigermain.fr\/lca\/wp-content\/uploads\/sites\/2\/2024\/10\/les_charpentiers_daujourdhui_charpente_traditionnelle.webp\" class=\"attachment-1536x1536 size-1536x1536 wp-image-632\" alt=\"Charpente traditionnelle en bois massif avec poutres apparentes.\" srcset=\"https:\/\/groupehenrigermain.fr\/lca\/wp-content\/uploads\/sites\/2\/2024\/10\/les_charpentiers_daujourdhui_charpente_traditionnelle.webp 1024w, https:\/\/groupehenrigermain.fr\/lca\/wp-content\/uploads\/sites\/2\/2024\/10\/les_charpentiers_daujourdhui_charpente_traditionnelle-300x225.webp 300w, https:\/\/groupehenrigermain.fr\/lca\/wp-content\/uploads\/sites\/2\/2024\/10\/les_charpentiers_daujourdhui_charpente_traditionnelle-768x576.webp 768w\" sizes=\"(max-width: 1024px) 100vw, 1024px\" \/><\/div><\/a>\n\t\t\t\t<div class=\"elementor-post__text\">\n\t\t\t\t<h3 class=\"elementor-post__title\">\n\t\t\t<a href=\"https:\/\/groupehenrigermain.fr\/lca\/les-tendances-de-la-charpente\/\" >\n\t\t\t\tLes tendances de la charpente\t\t\t<\/a>\n\t\t<\/h3>\n\t\t\n\t\t<a class=\"elementor-post__read-more\" href=\"https:\/\/groupehenrigermain.fr\/lca\/les-tendances-de-la-charpente\/\" aria-label=\"En savoir plus sur Les tendances de la charpente\" tabindex=\"-1\" >\n\t\t\tLire la suite \u00bb\t\t<\/a>\n\n\t\t\t\t<\/div>\n\t\t\t\t<div class=\"elementor-post__meta-data\">\n\t\t\t\t\t<span class=\"elementor-post-date\">\n\t\t\t29 novembre 2024\t\t<\/span>\n\t\t\t\t<\/div>\n\t\t\t\t\t<\/div>\n\t\t<\/article>\n\t\t\t\t<\/div>\n\t\t\n\t\t\t\t\t\t<\/div>\n\t\t\t\t<\/div>\n\t\t\t\t\t<\/div>\n\t\t\t\t<\/div>\n\t\t\t\t<\/div>\n\t\t","protected":false},"excerpt":{"rendered":"<p>Actualit\u00e9s Nos derni\u00e8res nouvelles Plongez au c\u0153ur de notre actualit\u00e9 et suivez les \u00e9tapes qui enrichissent notre histoire.<\/p>\n","protected":false},"author":1,"featured_media":663,"parent":0,"menu_order":0,"comment_status":"closed","ping_status":"closed","template":"","meta":{"footnotes":""},"class_list":["post-330","page","type-page","status-publish","has-post-thumbnail","hentry"],"yoast_head":"<!-- This site is optimized with the Yoast SEO plugin v27.5 - https:\/\/yoast.com\/product\/yoast-seo-wordpress\/ -->\n<title>Actualit\u00e9s - Les Charpentiers d&#039;Aujourd&#039;hui<\/title>\n<meta name=\"description\" content=\"Suivez les actualit\u00e9s des Charpentiers d&#039;Aujourd&#039;hui : chantiers, \u00e9v\u00e9nements et r\u00e9alisations marquantes en charpente et construction bois.\" \/>\n<meta name=\"robots\" content=\"index, follow, max-snippet:-1, max-image-preview:large, max-video-preview:-1\" \/>\n<link rel=\"canonical\" href=\"https:\/\/groupehenrigermain.fr\/lca\/actualites\/\" \/>\n<meta property=\"og:locale\" content=\"fr_FR\" \/>\n<meta property=\"og:type\" content=\"article\" \/>\n<meta property=\"og:title\" content=\"Actualit\u00e9s - Les Charpentiers d&#039;Aujourd&#039;hui\" \/>\n<meta property=\"og:description\" content=\"Suivez les actualit\u00e9s des Charpentiers d&#039;Aujourd&#039;hui : chantiers, \u00e9v\u00e9nements et r\u00e9alisations marquantes en charpente et construction bois.\" \/>\n<meta property=\"og:url\" content=\"https:\/\/groupehenrigermain.fr\/lca\/actualites\/\" \/>\n<meta property=\"og:site_name\" content=\"Les Charpentiers d&#039;Aujourd&#039;hui\" \/>\n<meta property=\"article:modified_time\" content=\"2024-12-18T14:22:29+00:00\" \/>\n<meta property=\"og:image\" content=\"https:\/\/groupehenrigermain.fr\/lca\/wp-content\/uploads\/sites\/2\/2024\/10\/ossature_bois_les_charpentiers_daujourdhui-min.webp\" \/>\n\t<meta property=\"og:image:width\" content=\"1024\" \/>\n\t<meta property=\"og:image:height\" content=\"768\" \/>\n\t<meta property=\"og:image:type\" content=\"image\/webp\" \/>\n<meta name=\"twitter:card\" content=\"summary_large_image\" \/>\n<meta name=\"twitter:label1\" content=\"Dur\u00e9e de lecture estim\u00e9e\" \/>\n\t<meta name=\"twitter:data1\" content=\"1 minute\" \/>\n<script type=\"application\/ld+json\" class=\"yoast-schema-graph\">{\"@context\":\"https:\\\/\\\/schema.org\",\"@graph\":[{\"@type\":\"WebPage\",\"@id\":\"https:\\\/\\\/groupehenrigermain.fr\\\/lca\\\/actualites\\\/\",\"url\":\"https:\\\/\\\/groupehenrigermain.fr\\\/lca\\\/actualites\\\/\",\"name\":\"Actualit\u00e9s - Les Charpentiers d&#039;Aujourd&#039;hui\",\"isPartOf\":{\"@id\":\"https:\\\/\\\/groupehenrigermain.fr\\\/lca\\\/#website\"},\"primaryImageOfPage\":{\"@id\":\"https:\\\/\\\/groupehenrigermain.fr\\\/lca\\\/actualites\\\/#primaryimage\"},\"image\":{\"@id\":\"https:\\\/\\\/groupehenrigermain.fr\\\/lca\\\/actualites\\\/#primaryimage\"},\"thumbnailUrl\":\"https:\\\/\\\/groupehenrigermain.fr\\\/lca\\\/wp-content\\\/uploads\\\/sites\\\/2\\\/2024\\\/10\\\/ossature_bois_les_charpentiers_daujourdhui-min.webp\",\"datePublished\":\"2024-09-18T07:14:45+00:00\",\"dateModified\":\"2024-12-18T14:22:29+00:00\",\"description\":\"Suivez les actualit\u00e9s des Charpentiers d'Aujourd'hui : chantiers, \u00e9v\u00e9nements et r\u00e9alisations marquantes en charpente et construction bois.\",\"breadcrumb\":{\"@id\":\"https:\\\/\\\/groupehenrigermain.fr\\\/lca\\\/actualites\\\/#breadcrumb\"},\"inLanguage\":\"fr-FR\",\"potentialAction\":[{\"@type\":\"ReadAction\",\"target\":[\"https:\\\/\\\/groupehenrigermain.fr\\\/lca\\\/actualites\\\/\"]}]},{\"@type\":\"ImageObject\",\"inLanguage\":\"fr-FR\",\"@id\":\"https:\\\/\\\/groupehenrigermain.fr\\\/lca\\\/actualites\\\/#primaryimage\",\"url\":\"https:\\\/\\\/groupehenrigermain.fr\\\/lca\\\/wp-content\\\/uploads\\\/sites\\\/2\\\/2024\\\/10\\\/ossature_bois_les_charpentiers_daujourdhui-min.webp\",\"contentUrl\":\"https:\\\/\\\/groupehenrigermain.fr\\\/lca\\\/wp-content\\\/uploads\\\/sites\\\/2\\\/2024\\\/10\\\/ossature_bois_les_charpentiers_daujourdhui-min.webp\",\"width\":1024,\"height\":768,\"caption\":\"Structure en bois laissant passer la lumi\u00e8re naturelle.\"},{\"@type\":\"BreadcrumbList\",\"@id\":\"https:\\\/\\\/groupehenrigermain.fr\\\/lca\\\/actualites\\\/#breadcrumb\",\"itemListElement\":[{\"@type\":\"ListItem\",\"position\":1,\"name\":\"Accueil\",\"item\":\"https:\\\/\\\/groupehenrigermain.fr\\\/lca\\\/\"},{\"@type\":\"ListItem\",\"position\":2,\"name\":\"Actualit\u00e9s\"}]},{\"@type\":\"WebSite\",\"@id\":\"https:\\\/\\\/groupehenrigermain.fr\\\/lca\\\/#website\",\"url\":\"https:\\\/\\\/groupehenrigermain.fr\\\/lca\\\/\",\"name\":\"Les Charpentiers d&#039;Aujourd&#039;hui\",\"description\":\"\",\"publisher\":{\"@id\":\"https:\\\/\\\/groupehenrigermain.fr\\\/lca\\\/#organization\"},\"potentialAction\":[{\"@type\":\"SearchAction\",\"target\":{\"@type\":\"EntryPoint\",\"urlTemplate\":\"https:\\\/\\\/groupehenrigermain.fr\\\/lca\\\/?s={search_term_string}\"},\"query-input\":{\"@type\":\"PropertyValueSpecification\",\"valueRequired\":true,\"valueName\":\"search_term_string\"}}],\"inLanguage\":\"fr-FR\"},{\"@type\":\"Organization\",\"@id\":\"https:\\\/\\\/groupehenrigermain.fr\\\/lca\\\/#organization\",\"name\":\"Les Charpentiers d&#039;Aujourd&#039;hui\",\"url\":\"https:\\\/\\\/groupehenrigermain.fr\\\/lca\\\/\",\"logo\":{\"@type\":\"ImageObject\",\"inLanguage\":\"fr-FR\",\"@id\":\"https:\\\/\\\/groupehenrigermain.fr\\\/lca\\\/#\\\/schema\\\/logo\\\/image\\\/\",\"url\":\"https:\\\/\\\/groupehenrigermain.fr\\\/lca\\\/wp-content\\\/uploads\\\/sites\\\/2\\\/2024\\\/08\\\/Fichier-2.webp\",\"contentUrl\":\"https:\\\/\\\/groupehenrigermain.fr\\\/lca\\\/wp-content\\\/uploads\\\/sites\\\/2\\\/2024\\\/08\\\/Fichier-2.webp\",\"width\":985,\"height\":985,\"caption\":\"Les Charpentiers d&#039;Aujourd&#039;hui\"},\"image\":{\"@id\":\"https:\\\/\\\/groupehenrigermain.fr\\\/lca\\\/#\\\/schema\\\/logo\\\/image\\\/\"}}]}<\/script>\n<!-- \/ Yoast SEO plugin. -->","yoast_head_json":{"title":"Actualit\u00e9s - Les Charpentiers d&#039;Aujourd&#039;hui","description":"Suivez les actualit\u00e9s des Charpentiers d'Aujourd'hui : chantiers, \u00e9v\u00e9nements et r\u00e9alisations marquantes en charpente et construction bois.","robots":{"index":"index","follow":"follow","max-snippet":"max-snippet:-1","max-image-preview":"max-image-preview:large","max-video-preview":"max-video-preview:-1"},"canonical":"https:\/\/groupehenrigermain.fr\/lca\/actualites\/","og_locale":"fr_FR","og_type":"article","og_title":"Actualit\u00e9s - Les Charpentiers d&#039;Aujourd&#039;hui","og_description":"Suivez les actualit\u00e9s des Charpentiers d'Aujourd'hui : chantiers, \u00e9v\u00e9nements et r\u00e9alisations marquantes en charpente et construction bois.","og_url":"https:\/\/groupehenrigermain.fr\/lca\/actualites\/","og_site_name":"Les Charpentiers d&#039;Aujourd&#039;hui","article_modified_time":"2024-12-18T14:22:29+00:00","og_image":[{"width":1024,"height":768,"url":"https:\/\/groupehenrigermain.fr\/lca\/wp-content\/uploads\/sites\/2\/2024\/10\/ossature_bois_les_charpentiers_daujourdhui-min.webp","type":"image\/webp"}],"twitter_card":"summary_large_image","twitter_misc":{"Dur\u00e9e de lecture estim\u00e9e":"1 minute"},"schema":{"@context":"https:\/\/schema.org","@graph":[{"@type":"WebPage","@id":"https:\/\/groupehenrigermain.fr\/lca\/actualites\/","url":"https:\/\/groupehenrigermain.fr\/lca\/actualites\/","name":"Actualit\u00e9s - Les Charpentiers d&#039;Aujourd&#039;hui","isPartOf":{"@id":"https:\/\/groupehenrigermain.fr\/lca\/#website"},"primaryImageOfPage":{"@id":"https:\/\/groupehenrigermain.fr\/lca\/actualites\/#primaryimage"},"image":{"@id":"https:\/\/groupehenrigermain.fr\/lca\/actualites\/#primaryimage"},"thumbnailUrl":"https:\/\/groupehenrigermain.fr\/lca\/wp-content\/uploads\/sites\/2\/2024\/10\/ossature_bois_les_charpentiers_daujourdhui-min.webp","datePublished":"2024-09-18T07:14:45+00:00","dateModified":"2024-12-18T14:22:29+00:00","description":"Suivez les actualit\u00e9s des Charpentiers d'Aujourd'hui : chantiers, \u00e9v\u00e9nements et r\u00e9alisations marquantes en charpente et construction bois.","breadcrumb":{"@id":"https:\/\/groupehenrigermain.fr\/lca\/actualites\/#breadcrumb"},"inLanguage":"fr-FR","potentialAction":[{"@type":"ReadAction","target":["https:\/\/groupehenrigermain.fr\/lca\/actualites\/"]}]},{"@type":"ImageObject","inLanguage":"fr-FR","@id":"https:\/\/groupehenrigermain.fr\/lca\/actualites\/#primaryimage","url":"https:\/\/groupehenrigermain.fr\/lca\/wp-content\/uploads\/sites\/2\/2024\/10\/ossature_bois_les_charpentiers_daujourdhui-min.webp","contentUrl":"https:\/\/groupehenrigermain.fr\/lca\/wp-content\/uploads\/sites\/2\/2024\/10\/ossature_bois_les_charpentiers_daujourdhui-min.webp","width":1024,"height":768,"caption":"Structure en bois laissant passer la lumi\u00e8re naturelle."},{"@type":"BreadcrumbList","@id":"https:\/\/groupehenrigermain.fr\/lca\/actualites\/#breadcrumb","itemListElement":[{"@type":"ListItem","position":1,"name":"Accueil","item":"https:\/\/groupehenrigermain.fr\/lca\/"},{"@type":"ListItem","position":2,"name":"Actualit\u00e9s"}]},{"@type":"WebSite","@id":"https:\/\/groupehenrigermain.fr\/lca\/#website","url":"https:\/\/groupehenrigermain.fr\/lca\/","name":"Les Charpentiers d&#039;Aujourd&#039;hui","description":"","publisher":{"@id":"https:\/\/groupehenrigermain.fr\/lca\/#organization"},"potentialAction":[{"@type":"SearchAction","target":{"@type":"EntryPoint","urlTemplate":"https:\/\/groupehenrigermain.fr\/lca\/?s={search_term_string}"},"query-input":{"@type":"PropertyValueSpecification","valueRequired":true,"valueName":"search_term_string"}}],"inLanguage":"fr-FR"},{"@type":"Organization","@id":"https:\/\/groupehenrigermain.fr\/lca\/#organization","name":"Les Charpentiers d&#039;Aujourd&#039;hui","url":"https:\/\/groupehenrigermain.fr\/lca\/","logo":{"@type":"ImageObject","inLanguage":"fr-FR","@id":"https:\/\/groupehenrigermain.fr\/lca\/#\/schema\/logo\/image\/","url":"https:\/\/groupehenrigermain.fr\/lca\/wp-content\/uploads\/sites\/2\/2024\/08\/Fichier-2.webp","contentUrl":"https:\/\/groupehenrigermain.fr\/lca\/wp-content\/uploads\/sites\/2\/2024\/08\/Fichier-2.webp","width":985,"height":985,"caption":"Les Charpentiers d&#039;Aujourd&#039;hui"},"image":{"@id":"https:\/\/groupehenrigermain.fr\/lca\/#\/schema\/logo\/image\/"}}]}},"_links":{"self":[{"href":"https:\/\/groupehenrigermain.fr\/lca\/wp-json\/wp\/v2\/pages\/330","targetHints":{"allow":["GET"]}}],"collection":[{"href":"https:\/\/groupehenrigermain.fr\/lca\/wp-json\/wp\/v2\/pages"}],"about":[{"href":"https:\/\/groupehenrigermain.fr\/lca\/wp-json\/wp\/v2\/types\/page"}],"author":[{"embeddable":true,"href":"https:\/\/groupehenrigermain.fr\/lca\/wp-json\/wp\/v2\/users\/1"}],"replies":[{"embeddable":true,"href":"https:\/\/groupehenrigermain.fr\/lca\/wp-json\/wp\/v2\/comments?post=330"}],"version-history":[{"count":28,"href":"https:\/\/groupehenrigermain.fr\/lca\/wp-json\/wp\/v2\/pages\/330\/revisions"}],"predecessor-version":[{"id":1258,"href":"https:\/\/groupehenrigermain.fr\/lca\/wp-json\/wp\/v2\/pages\/330\/revisions\/1258"}],"wp:featuredmedia":[{"embeddable":true,"href":"https:\/\/groupehenrigermain.fr\/lca\/wp-json\/wp\/v2\/media\/663"}],"wp:attachment":[{"href":"https:\/\/groupehenrigermain.fr\/lca\/wp-json\/wp\/v2\/media?parent=330"}],"curies":[{"name":"wp","href":"https:\/\/api.w.org\/{rel}","templated":true}]}}