{"id":317,"date":"2024-09-18T09:11:41","date_gmt":"2024-09-18T07:11:41","guid":{"rendered":"https:\/\/groupehenrigermain.fr\/lca\/?page_id=317"},"modified":"2025-12-18T11:34:38","modified_gmt":"2025-12-18T10:34:38","slug":"nos-realisations","status":"publish","type":"page","link":"https:\/\/groupehenrigermain.fr\/lca\/nos-realisations\/","title":{"rendered":"Nos r\u00e9alisations"},"content":{"rendered":"\t\t<div data-elementor-type=\"wp-page\" data-elementor-id=\"317\" class=\"elementor elementor-317\" data-elementor-post-type=\"page\">\n\t\t\t\t<div class=\"elementor-element elementor-element-4bf48b23 e-flex e-con-boxed e-con e-parent\" data-id=\"4bf48b23\" data-element_type=\"container\" data-e-type=\"container\" data-settings=\"{&quot;background_background&quot;:&quot;classic&quot;}\">\n\t\t\t\t\t<div class=\"e-con-inner\">\n\t\t\t\t<div class=\"elementor-element elementor-element-1aa4f9ad elementor-widget elementor-widget-heading\" data-id=\"1aa4f9ad\" data-element_type=\"widget\" data-e-type=\"widget\" data-widget_type=\"heading.default\">\n\t\t\t\t<div class=\"elementor-widget-container\">\n\t\t\t\t\t<h1 class=\"elementor-heading-title elementor-size-default\">Nos r\u00e9alisations<\/h1>\t\t\t\t<\/div>\n\t\t\t\t<\/div>\n\t\t\t\t<div class=\"elementor-element elementor-element-5d4f1ff5 elementor-widget-divider--view-line_icon elementor-view-default elementor-widget-divider--element-align-center elementor-widget elementor-widget-divider\" data-id=\"5d4f1ff5\" data-element_type=\"widget\" data-e-type=\"widget\" data-widget_type=\"divider.default\">\n\t\t\t\t<div class=\"elementor-widget-container\">\n\t\t\t\t\t\t\t<div class=\"elementor-divider\">\n\t\t\t<span class=\"elementor-divider-separator\">\n\t\t\t\t\t\t\t<div class=\"elementor-icon elementor-divider__element\">\n\t\t\t\t\t<svg aria-hidden=\"true\" class=\"e-font-icon-svg e-fas-circle\" viewBox=\"0 0 512 512\" xmlns=\"http:\/\/www.w3.org\/2000\/svg\"><path d=\"M256 8C119 8 8 119 8 256s111 248 248 248 248-111 248-248S393 8 256 8z\"><\/path><\/svg><\/div>\n\t\t\t\t\t\t<\/span>\n\t\t<\/div>\n\t\t\t\t\t\t<\/div>\n\t\t\t\t<\/div>\n\t\t\t\t\t<\/div>\n\t\t\t\t<\/div>\n\t\t<div class=\"elementor-element elementor-element-78e511f3 e-flex e-con-boxed e-con e-parent\" data-id=\"78e511f3\" data-element_type=\"container\" data-e-type=\"container\">\n\t\t\t\t\t<div class=\"e-con-inner\">\n\t\t\t\t<div class=\"elementor-element elementor-element-5d0f42b elementor-widget elementor-widget-text-editor\" data-id=\"5d0f42b\" data-element_type=\"widget\" data-e-type=\"widget\" data-widget_type=\"text-editor.default\">\n\t\t\t\t<div class=\"elementor-widget-container\">\n\t\t\t\t\t\t\t\t\t<p>D\u00e9couvrez nos plus beaux chantiers en montagne, jusqu&rsquo;au sud de la France en passant par notre r\u00e9gion Auvergne-Rh\u00f4ne-Alpes !<\/p>\t\t\t\t\t\t\t\t<\/div>\n\t\t\t\t<\/div>\n\t\t\t\t\t<\/div>\n\t\t\t\t<\/div>\n\t\t<div class=\"elementor-element elementor-element-9c4efcb e-flex e-con-boxed e-con e-parent\" data-id=\"9c4efcb\" data-element_type=\"container\" data-e-type=\"container\">\n\t\t\t\t\t<div class=\"e-con-inner\">\n\t\t\t\t<div class=\"elementor-element elementor-element-c8957d9 elementor-grid-4 elementor-grid-tablet-2 elementor-grid-mobile-1 elementor-posts--thumbnail-top elementor-card-shadow-yes elementor-posts__hover-gradient elementor-widget elementor-widget-posts\" data-id=\"c8957d9\" data-element_type=\"widget\" data-e-type=\"widget\" data-settings=\"{&quot;cards_columns&quot;:&quot;4&quot;,&quot;pagination_type&quot;:&quot;prev_next&quot;,&quot;cards_columns_tablet&quot;:&quot;2&quot;,&quot;cards_columns_mobile&quot;:&quot;1&quot;,&quot;cards_row_gap&quot;:{&quot;unit&quot;:&quot;px&quot;,&quot;size&quot;:35,&quot;sizes&quot;:[]},&quot;cards_row_gap_tablet&quot;:{&quot;unit&quot;:&quot;px&quot;,&quot;size&quot;:&quot;&quot;,&quot;sizes&quot;:[]},&quot;cards_row_gap_mobile&quot;:{&quot;unit&quot;:&quot;px&quot;,&quot;size&quot;:&quot;&quot;,&quot;sizes&quot;:[]}}\" data-widget_type=\"posts.cards\">\n\t\t\t\t<div class=\"elementor-widget-container\">\n\t\t\t\t\t\t\t<div class=\"elementor-posts-container elementor-posts elementor-posts--skin-cards elementor-grid\" role=\"list\">\n\t\t\t\t<article class=\"elementor-post elementor-grid-item post-1556 post type-post status-publish format-standard has-post-thumbnail hentry category-realisations\" role=\"listitem\">\n\t\t\t<div class=\"elementor-post__card\">\n\t\t\t\t<a class=\"elementor-post__thumbnail__link\" href=\"https:\/\/groupehenrigermain.fr\/lca\/bar-ephemere-structure-bois-demontable\/\" tabindex=\"-1\" ><div class=\"elementor-post__thumbnail\"><img fetchpriority=\"high\" decoding=\"async\" width=\"800\" height=\"360\" src=\"https:\/\/groupehenrigermain.fr\/lca\/wp-content\/uploads\/sites\/2\/2026\/03\/bar-ephemere-la-folie-douce-3.jpg\" class=\"attachment-full size-full wp-image-1558\" alt=\"\" srcset=\"https:\/\/groupehenrigermain.fr\/lca\/wp-content\/uploads\/sites\/2\/2026\/03\/bar-ephemere-la-folie-douce-3.jpg 800w, https:\/\/groupehenrigermain.fr\/lca\/wp-content\/uploads\/sites\/2\/2026\/03\/bar-ephemere-la-folie-douce-3-300x135.jpg 300w, https:\/\/groupehenrigermain.fr\/lca\/wp-content\/uploads\/sites\/2\/2026\/03\/bar-ephemere-la-folie-douce-3-768x346.jpg 768w\" sizes=\"(max-width: 800px) 100vw, 800px\" \/><\/div><\/a>\n\t\t\t\t<div class=\"elementor-post__text\">\n\t\t\t\t<h3 class=\"elementor-post__title\">\n\t\t\t<a href=\"https:\/\/groupehenrigermain.fr\/lca\/bar-ephemere-structure-bois-demontable\/\" >\n\t\t\t\tInstallation d\u2019un bar \u00e9ph\u00e9m\u00e8re en bois : un savoir-faire technique et d\u00e9montable\t\t\t<\/a>\n\t\t<\/h3>\n\t\t\n\t\t<a class=\"elementor-post__read-more\" href=\"https:\/\/groupehenrigermain.fr\/lca\/bar-ephemere-structure-bois-demontable\/\" aria-label=\"En savoir plus sur Installation d\u2019un bar \u00e9ph\u00e9m\u00e8re en bois : un savoir-faire technique et d\u00e9montable\" tabindex=\"-1\" >\n\t\t\tLire la suite \u00bb\t\t<\/a>\n\n\t\t\t\t<\/div>\n\t\t\t\t<div class=\"elementor-post__meta-data\">\n\t\t\t\t\t<span class=\"elementor-post-date\">\n\t\t\t27 mars 2026\t\t<\/span>\n\t\t\t\t<\/div>\n\t\t\t\t\t<\/div>\n\t\t<\/article>\n\t\t\t\t<article class=\"elementor-post elementor-grid-item post-1546 post type-post status-publish format-standard has-post-thumbnail hentry category-realisations\" role=\"listitem\">\n\t\t\t<div class=\"elementor-post__card\">\n\t\t\t\t<a class=\"elementor-post__thumbnail__link\" href=\"https:\/\/groupehenrigermain.fr\/lca\/extension-buvette-charpente-bois-fc-chazay\/\" tabindex=\"-1\" ><div class=\"elementor-post__thumbnail\"><img decoding=\"async\" width=\"1500\" height=\"2000\" src=\"https:\/\/groupehenrigermain.fr\/lca\/wp-content\/uploads\/sites\/2\/2026\/03\/fc-chazay-5.jpg\" class=\"attachment-full size-full wp-image-1551\" alt=\"\" srcset=\"https:\/\/groupehenrigermain.fr\/lca\/wp-content\/uploads\/sites\/2\/2026\/03\/fc-chazay-5.jpg 1500w, https:\/\/groupehenrigermain.fr\/lca\/wp-content\/uploads\/sites\/2\/2026\/03\/fc-chazay-5-225x300.jpg 225w, https:\/\/groupehenrigermain.fr\/lca\/wp-content\/uploads\/sites\/2\/2026\/03\/fc-chazay-5-768x1024.jpg 768w, https:\/\/groupehenrigermain.fr\/lca\/wp-content\/uploads\/sites\/2\/2026\/03\/fc-chazay-5-1152x1536.jpg 1152w\" sizes=\"(max-width: 1500px) 100vw, 1500px\" \/><\/div><\/a>\n\t\t\t\t<div class=\"elementor-post__text\">\n\t\t\t\t<h3 class=\"elementor-post__title\">\n\t\t\t<a href=\"https:\/\/groupehenrigermain.fr\/lca\/extension-buvette-charpente-bois-fc-chazay\/\" >\n\t\t\t\tExtension de la buvette du FC Chazay : une charpente bois technique et fonctionnelle\t\t\t<\/a>\n\t\t<\/h3>\n\t\t\n\t\t<a class=\"elementor-post__read-more\" href=\"https:\/\/groupehenrigermain.fr\/lca\/extension-buvette-charpente-bois-fc-chazay\/\" aria-label=\"En savoir plus sur Extension de la buvette du FC Chazay : une charpente bois technique et fonctionnelle\" tabindex=\"-1\" >\n\t\t\tLire la suite \u00bb\t\t<\/a>\n\n\t\t\t\t<\/div>\n\t\t\t\t<div class=\"elementor-post__meta-data\">\n\t\t\t\t\t<span class=\"elementor-post-date\">\n\t\t\t27 mars 2026\t\t<\/span>\n\t\t\t\t<\/div>\n\t\t\t\t\t<\/div>\n\t\t<\/article>\n\t\t\t\t<article class=\"elementor-post elementor-grid-item post-1529 post type-post status-publish format-standard has-post-thumbnail hentry category-realisations\" role=\"listitem\">\n\t\t\t<div class=\"elementor-post__card\">\n\t\t\t\t<a class=\"elementor-post__thumbnail__link\" href=\"https:\/\/groupehenrigermain.fr\/lca\/construction-chalet-montagne\/\" tabindex=\"-1\" ><div class=\"elementor-post__thumbnail\"><img decoding=\"async\" width=\"800\" height=\"599\" src=\"https:\/\/groupehenrigermain.fr\/lca\/wp-content\/uploads\/sites\/2\/2026\/02\/groupe_henri_germain-cezare.jpg\" class=\"attachment-full size-full wp-image-1540\" alt=\"\" srcset=\"https:\/\/groupehenrigermain.fr\/lca\/wp-content\/uploads\/sites\/2\/2026\/02\/groupe_henri_germain-cezare.jpg 800w, https:\/\/groupehenrigermain.fr\/lca\/wp-content\/uploads\/sites\/2\/2026\/02\/groupe_henri_germain-cezare-300x225.jpg 300w, https:\/\/groupehenrigermain.fr\/lca\/wp-content\/uploads\/sites\/2\/2026\/02\/groupe_henri_germain-cezare-768x575.jpg 768w\" sizes=\"(max-width: 800px) 100vw, 800px\" \/><\/div><\/a>\n\t\t\t\t<div class=\"elementor-post__text\">\n\t\t\t\t<h3 class=\"elementor-post__title\">\n\t\t\t<a href=\"https:\/\/groupehenrigermain.fr\/lca\/construction-chalet-montagne\/\" >\n\t\t\t\tConstruction d\u2019un chalet en montagne \u2013 Les C\u00e9zares\t\t\t<\/a>\n\t\t<\/h3>\n\t\t\n\t\t<a class=\"elementor-post__read-more\" href=\"https:\/\/groupehenrigermain.fr\/lca\/construction-chalet-montagne\/\" aria-label=\"En savoir plus sur Construction d\u2019un chalet en montagne \u2013 Les C\u00e9zares\" tabindex=\"-1\" >\n\t\t\tLire la suite \u00bb\t\t<\/a>\n\n\t\t\t\t<\/div>\n\t\t\t\t<div class=\"elementor-post__meta-data\">\n\t\t\t\t\t<span class=\"elementor-post-date\">\n\t\t\t24 f\u00e9vrier 2026\t\t<\/span>\n\t\t\t\t<\/div>\n\t\t\t\t\t<\/div>\n\t\t<\/article>\n\t\t\t\t<article class=\"elementor-post elementor-grid-item post-1531 post type-post status-publish format-standard has-post-thumbnail hentry category-realisations\" role=\"listitem\">\n\t\t\t<div class=\"elementor-post__card\">\n\t\t\t\t<a class=\"elementor-post__thumbnail__link\" href=\"https:\/\/groupehenrigermain.fr\/lca\/charpente-ouvrages-chene-massif\/\" tabindex=\"-1\" ><div class=\"elementor-post__thumbnail\"><img loading=\"lazy\" decoding=\"async\" width=\"800\" height=\"600\" src=\"https:\/\/groupehenrigermain.fr\/lca\/wp-content\/uploads\/sites\/2\/2026\/02\/groupe_henri_germain-kiosque-chene1.jpg\" class=\"attachment-full size-full wp-image-1542\" alt=\"\" srcset=\"https:\/\/groupehenrigermain.fr\/lca\/wp-content\/uploads\/sites\/2\/2026\/02\/groupe_henri_germain-kiosque-chene1.jpg 800w, https:\/\/groupehenrigermain.fr\/lca\/wp-content\/uploads\/sites\/2\/2026\/02\/groupe_henri_germain-kiosque-chene1-300x225.jpg 300w, https:\/\/groupehenrigermain.fr\/lca\/wp-content\/uploads\/sites\/2\/2026\/02\/groupe_henri_germain-kiosque-chene1-768x576.jpg 768w\" sizes=\"(max-width: 800px) 100vw, 800px\" \/><\/div><\/a>\n\t\t\t\t<div class=\"elementor-post__text\">\n\t\t\t\t<h3 class=\"elementor-post__title\">\n\t\t\t<a href=\"https:\/\/groupehenrigermain.fr\/lca\/charpente-ouvrages-chene-massif\/\" >\n\t\t\t\tCharpente en ch\u00eane et ouvrages en bois massif\t\t\t<\/a>\n\t\t<\/h3>\n\t\t\n\t\t<a class=\"elementor-post__read-more\" href=\"https:\/\/groupehenrigermain.fr\/lca\/charpente-ouvrages-chene-massif\/\" aria-label=\"En savoir plus sur Charpente en ch\u00eane et ouvrages en bois massif\" tabindex=\"-1\" >\n\t\t\tLire la suite \u00bb\t\t<\/a>\n\n\t\t\t\t<\/div>\n\t\t\t\t<div class=\"elementor-post__meta-data\">\n\t\t\t\t\t<span class=\"elementor-post-date\">\n\t\t\t24 f\u00e9vrier 2026\t\t<\/span>\n\t\t\t\t<\/div>\n\t\t\t\t\t<\/div>\n\t\t<\/article>\n\t\t\t\t<article class=\"elementor-post elementor-grid-item post-1517 post type-post status-publish format-standard has-post-thumbnail hentry category-realisations\" role=\"listitem\">\n\t\t\t<div class=\"elementor-post__card\">\n\t\t\t\t<a class=\"elementor-post__thumbnail__link\" href=\"https:\/\/groupehenrigermain.fr\/lca\/construction-chalets-exception-courchevel\/\" tabindex=\"-1\" ><div class=\"elementor-post__thumbnail\"><img loading=\"lazy\" decoding=\"async\" width=\"2000\" height=\"2500\" src=\"https:\/\/groupehenrigermain.fr\/lca\/wp-content\/uploads\/sites\/2\/2026\/01\/chalets-courchevel-4.jpg\" class=\"attachment-full size-full wp-image-1520\" alt=\"\" srcset=\"https:\/\/groupehenrigermain.fr\/lca\/wp-content\/uploads\/sites\/2\/2026\/01\/chalets-courchevel-4.jpg 2000w, https:\/\/groupehenrigermain.fr\/lca\/wp-content\/uploads\/sites\/2\/2026\/01\/chalets-courchevel-4-240x300.jpg 240w, https:\/\/groupehenrigermain.fr\/lca\/wp-content\/uploads\/sites\/2\/2026\/01\/chalets-courchevel-4-819x1024.jpg 819w, https:\/\/groupehenrigermain.fr\/lca\/wp-content\/uploads\/sites\/2\/2026\/01\/chalets-courchevel-4-768x960.jpg 768w, https:\/\/groupehenrigermain.fr\/lca\/wp-content\/uploads\/sites\/2\/2026\/01\/chalets-courchevel-4-1229x1536.jpg 1229w, https:\/\/groupehenrigermain.fr\/lca\/wp-content\/uploads\/sites\/2\/2026\/01\/chalets-courchevel-4-1638x2048.jpg 1638w\" sizes=\"(max-width: 2000px) 100vw, 2000px\" \/><\/div><\/a>\n\t\t\t\t<div class=\"elementor-post__text\">\n\t\t\t\t<h3 class=\"elementor-post__title\">\n\t\t\t<a href=\"https:\/\/groupehenrigermain.fr\/lca\/construction-chalets-exception-courchevel\/\" >\n\t\t\t\tConstruction de trois chalets d\u2019exception \u00e0 Courchevel\t\t\t<\/a>\n\t\t<\/h3>\n\t\t\n\t\t<a class=\"elementor-post__read-more\" href=\"https:\/\/groupehenrigermain.fr\/lca\/construction-chalets-exception-courchevel\/\" aria-label=\"En savoir plus sur Construction de trois chalets d\u2019exception \u00e0 Courchevel\" tabindex=\"-1\" >\n\t\t\tLire la suite \u00bb\t\t<\/a>\n\n\t\t\t\t<\/div>\n\t\t\t\t<div class=\"elementor-post__meta-data\">\n\t\t\t\t\t<span class=\"elementor-post-date\">\n\t\t\t23 janvier 2026\t\t<\/span>\n\t\t\t\t<\/div>\n\t\t\t\t\t<\/div>\n\t\t<\/article>\n\t\t\t\t<article class=\"elementor-post elementor-grid-item post-1512 post type-post status-publish format-standard has-post-thumbnail hentry category-realisations\" role=\"listitem\">\n\t\t\t<div class=\"elementor-post__card\">\n\t\t\t\t<a class=\"elementor-post__thumbnail__link\" href=\"https:\/\/groupehenrigermain.fr\/lca\/un-chantier-qui-traverse-le-temps\/\" tabindex=\"-1\" ><div class=\"elementor-post__thumbnail\"><img loading=\"lazy\" decoding=\"async\" width=\"2560\" height=\"1918\" src=\"https:\/\/groupehenrigermain.fr\/lca\/wp-content\/uploads\/sites\/2\/2026\/01\/DJDC921-scaled.jpg\" class=\"attachment-full size-full wp-image-1513\" alt=\"\" srcset=\"https:\/\/groupehenrigermain.fr\/lca\/wp-content\/uploads\/sites\/2\/2026\/01\/DJDC921-scaled.jpg 2560w, https:\/\/groupehenrigermain.fr\/lca\/wp-content\/uploads\/sites\/2\/2026\/01\/DJDC921-300x225.jpg 300w, https:\/\/groupehenrigermain.fr\/lca\/wp-content\/uploads\/sites\/2\/2026\/01\/DJDC921-1024x767.jpg 1024w, https:\/\/groupehenrigermain.fr\/lca\/wp-content\/uploads\/sites\/2\/2026\/01\/DJDC921-768x575.jpg 768w, https:\/\/groupehenrigermain.fr\/lca\/wp-content\/uploads\/sites\/2\/2026\/01\/DJDC921-1536x1151.jpg 1536w, https:\/\/groupehenrigermain.fr\/lca\/wp-content\/uploads\/sites\/2\/2026\/01\/DJDC921-2048x1534.jpg 2048w\" sizes=\"(max-width: 2560px) 100vw, 2560px\" \/><\/div><\/a>\n\t\t\t\t<div class=\"elementor-post__text\">\n\t\t\t\t<h3 class=\"elementor-post__title\">\n\t\t\t<a href=\"https:\/\/groupehenrigermain.fr\/lca\/un-chantier-qui-traverse-le-temps\/\" >\n\t\t\t\tUn chantier qui traverse le temps : 22 ans d\u2019histoire et de savoir-faire\t\t\t<\/a>\n\t\t<\/h3>\n\t\t\n\t\t<a class=\"elementor-post__read-more\" href=\"https:\/\/groupehenrigermain.fr\/lca\/un-chantier-qui-traverse-le-temps\/\" aria-label=\"En savoir plus sur Un chantier qui traverse le temps : 22 ans d\u2019histoire et de savoir-faire\" tabindex=\"-1\" >\n\t\t\tLire la suite \u00bb\t\t<\/a>\n\n\t\t\t\t<\/div>\n\t\t\t\t<div class=\"elementor-post__meta-data\">\n\t\t\t\t\t<span class=\"elementor-post-date\">\n\t\t\t23 janvier 2026\t\t<\/span>\n\t\t\t\t<\/div>\n\t\t\t\t\t<\/div>\n\t\t<\/article>\n\t\t\t\t<\/div>\n\t\t\n\t\t\t\t<div class=\"e-load-more-anchor\" data-page=\"1\" data-max-page=\"2\" data-next-page=\"https:\/\/groupehenrigermain.fr\/lca\/wp-json\/wp\/v2\/pages\/317\/page\/2\/\"><\/div>\n\t\t\t\t<nav class=\"elementor-pagination\" aria-label=\"Pagination\">\n\t\t\t<span class=\"page-numbers prev\">&laquo; Pr\u00e9c\u00e9dent<\/span>\n<a class=\"page-numbers next\" href=\"https:\/\/groupehenrigermain.fr\/lca\/wp-json\/wp\/v2\/pages\/317\/page\/2\/\">Suivant &raquo;<\/a>\t\t<\/nav>\n\t\t\t\t\t\t<\/div>\n\t\t\t\t<\/div>\n\t\t\t\t\t<\/div>\n\t\t\t\t<\/div>\n\t\t\t\t<\/div>\n\t\t","protected":false},"excerpt":{"rendered":"<p>Nos r\u00e9alisations D\u00e9couvrez nos plus beaux chantiers en montagne, jusqu&rsquo;au<\/p>\n","protected":false},"author":1,"featured_media":0,"parent":0,"menu_order":0,"comment_status":"closed","ping_status":"closed","template":"","meta":{"footnotes":""},"class_list":["post-317","page","type-page","status-publish","hentry"],"yoast_head":"<!-- This site is optimized with the Yoast SEO plugin v27.5 - https:\/\/yoast.com\/product\/yoast-seo-wordpress\/ -->\n<title>Nos r\u00e9alisations - Les Charpentiers d&#039;Aujourd&#039;hui<\/title>\n<meta name=\"description\" content=\"Explorez nos r\u00e9alisations : chalets, terrasses, maisons, extensions et r\u00e9novations, alliant tradition et innovation.\" \/>\n<meta name=\"robots\" content=\"index, follow, max-snippet:-1, max-image-preview:large, max-video-preview:-1\" \/>\n<link rel=\"canonical\" href=\"https:\/\/groupehenrigermain.fr\/lca\/nos-realisations\/\" \/>\n<meta property=\"og:locale\" content=\"fr_FR\" \/>\n<meta property=\"og:type\" content=\"article\" \/>\n<meta property=\"og:title\" content=\"Nos r\u00e9alisations - Les Charpentiers d&#039;Aujourd&#039;hui\" \/>\n<meta property=\"og:description\" content=\"Explorez nos r\u00e9alisations : chalets, terrasses, maisons, extensions et r\u00e9novations, alliant tradition et innovation.\" \/>\n<meta property=\"og:url\" content=\"https:\/\/groupehenrigermain.fr\/lca\/nos-realisations\/\" \/>\n<meta property=\"og:site_name\" content=\"Les Charpentiers d&#039;Aujourd&#039;hui\" \/>\n<meta property=\"article:modified_time\" content=\"2025-12-18T10:34:38+00:00\" \/>\n<meta name=\"twitter:card\" content=\"summary_large_image\" \/>\n<meta name=\"twitter:label1\" content=\"Dur\u00e9e de lecture estim\u00e9e\" \/>\n\t<meta name=\"twitter:data1\" content=\"1 minute\" \/>\n<script type=\"application\/ld+json\" class=\"yoast-schema-graph\">{\"@context\":\"https:\\\/\\\/schema.org\",\"@graph\":[{\"@type\":\"WebPage\",\"@id\":\"https:\\\/\\\/groupehenrigermain.fr\\\/lca\\\/nos-realisations\\\/\",\"url\":\"https:\\\/\\\/groupehenrigermain.fr\\\/lca\\\/nos-realisations\\\/\",\"name\":\"Nos r\u00e9alisations - Les Charpentiers d&#039;Aujourd&#039;hui\",\"isPartOf\":{\"@id\":\"https:\\\/\\\/groupehenrigermain.fr\\\/lca\\\/#website\"},\"datePublished\":\"2024-09-18T07:11:41+00:00\",\"dateModified\":\"2025-12-18T10:34:38+00:00\",\"description\":\"Explorez nos r\u00e9alisations : chalets, terrasses, maisons, extensions et r\u00e9novations, alliant tradition et innovation.\",\"breadcrumb\":{\"@id\":\"https:\\\/\\\/groupehenrigermain.fr\\\/lca\\\/nos-realisations\\\/#breadcrumb\"},\"inLanguage\":\"fr-FR\",\"potentialAction\":[{\"@type\":\"ReadAction\",\"target\":[\"https:\\\/\\\/groupehenrigermain.fr\\\/lca\\\/nos-realisations\\\/\"]}]},{\"@type\":\"BreadcrumbList\",\"@id\":\"https:\\\/\\\/groupehenrigermain.fr\\\/lca\\\/nos-realisations\\\/#breadcrumb\",\"itemListElement\":[{\"@type\":\"ListItem\",\"position\":1,\"name\":\"Accueil\",\"item\":\"https:\\\/\\\/groupehenrigermain.fr\\\/lca\\\/\"},{\"@type\":\"ListItem\",\"position\":2,\"name\":\"Nos r\u00e9alisations\"}]},{\"@type\":\"WebSite\",\"@id\":\"https:\\\/\\\/groupehenrigermain.fr\\\/lca\\\/#website\",\"url\":\"https:\\\/\\\/groupehenrigermain.fr\\\/lca\\\/\",\"name\":\"Les Charpentiers d&#039;Aujourd&#039;hui\",\"description\":\"\",\"publisher\":{\"@id\":\"https:\\\/\\\/groupehenrigermain.fr\\\/lca\\\/#organization\"},\"potentialAction\":[{\"@type\":\"SearchAction\",\"target\":{\"@type\":\"EntryPoint\",\"urlTemplate\":\"https:\\\/\\\/groupehenrigermain.fr\\\/lca\\\/?s={search_term_string}\"},\"query-input\":{\"@type\":\"PropertyValueSpecification\",\"valueRequired\":true,\"valueName\":\"search_term_string\"}}],\"inLanguage\":\"fr-FR\"},{\"@type\":\"Organization\",\"@id\":\"https:\\\/\\\/groupehenrigermain.fr\\\/lca\\\/#organization\",\"name\":\"Les Charpentiers d&#039;Aujourd&#039;hui\",\"url\":\"https:\\\/\\\/groupehenrigermain.fr\\\/lca\\\/\",\"logo\":{\"@type\":\"ImageObject\",\"inLanguage\":\"fr-FR\",\"@id\":\"https:\\\/\\\/groupehenrigermain.fr\\\/lca\\\/#\\\/schema\\\/logo\\\/image\\\/\",\"url\":\"https:\\\/\\\/groupehenrigermain.fr\\\/lca\\\/wp-content\\\/uploads\\\/sites\\\/2\\\/2024\\\/08\\\/Fichier-2.webp\",\"contentUrl\":\"https:\\\/\\\/groupehenrigermain.fr\\\/lca\\\/wp-content\\\/uploads\\\/sites\\\/2\\\/2024\\\/08\\\/Fichier-2.webp\",\"width\":985,\"height\":985,\"caption\":\"Les Charpentiers d&#039;Aujourd&#039;hui\"},\"image\":{\"@id\":\"https:\\\/\\\/groupehenrigermain.fr\\\/lca\\\/#\\\/schema\\\/logo\\\/image\\\/\"}}]}<\/script>\n<!-- \/ Yoast SEO plugin. -->","yoast_head_json":{"title":"Nos r\u00e9alisations - Les Charpentiers d&#039;Aujourd&#039;hui","description":"Explorez nos r\u00e9alisations : chalets, terrasses, maisons, extensions et r\u00e9novations, alliant tradition et innovation.","robots":{"index":"index","follow":"follow","max-snippet":"max-snippet:-1","max-image-preview":"max-image-preview:large","max-video-preview":"max-video-preview:-1"},"canonical":"https:\/\/groupehenrigermain.fr\/lca\/nos-realisations\/","og_locale":"fr_FR","og_type":"article","og_title":"Nos r\u00e9alisations - Les Charpentiers d&#039;Aujourd&#039;hui","og_description":"Explorez nos r\u00e9alisations : chalets, terrasses, maisons, extensions et r\u00e9novations, alliant tradition et innovation.","og_url":"https:\/\/groupehenrigermain.fr\/lca\/nos-realisations\/","og_site_name":"Les Charpentiers d&#039;Aujourd&#039;hui","article_modified_time":"2025-12-18T10:34:38+00:00","twitter_card":"summary_large_image","twitter_misc":{"Dur\u00e9e de lecture estim\u00e9e":"1 minute"},"schema":{"@context":"https:\/\/schema.org","@graph":[{"@type":"WebPage","@id":"https:\/\/groupehenrigermain.fr\/lca\/nos-realisations\/","url":"https:\/\/groupehenrigermain.fr\/lca\/nos-realisations\/","name":"Nos r\u00e9alisations - Les Charpentiers d&#039;Aujourd&#039;hui","isPartOf":{"@id":"https:\/\/groupehenrigermain.fr\/lca\/#website"},"datePublished":"2024-09-18T07:11:41+00:00","dateModified":"2025-12-18T10:34:38+00:00","description":"Explorez nos r\u00e9alisations : chalets, terrasses, maisons, extensions et r\u00e9novations, alliant tradition et innovation.","breadcrumb":{"@id":"https:\/\/groupehenrigermain.fr\/lca\/nos-realisations\/#breadcrumb"},"inLanguage":"fr-FR","potentialAction":[{"@type":"ReadAction","target":["https:\/\/groupehenrigermain.fr\/lca\/nos-realisations\/"]}]},{"@type":"BreadcrumbList","@id":"https:\/\/groupehenrigermain.fr\/lca\/nos-realisations\/#breadcrumb","itemListElement":[{"@type":"ListItem","position":1,"name":"Accueil","item":"https:\/\/groupehenrigermain.fr\/lca\/"},{"@type":"ListItem","position":2,"name":"Nos r\u00e9alisations"}]},{"@type":"WebSite","@id":"https:\/\/groupehenrigermain.fr\/lca\/#website","url":"https:\/\/groupehenrigermain.fr\/lca\/","name":"Les Charpentiers d&#039;Aujourd&#039;hui","description":"","publisher":{"@id":"https:\/\/groupehenrigermain.fr\/lca\/#organization"},"potentialAction":[{"@type":"SearchAction","target":{"@type":"EntryPoint","urlTemplate":"https:\/\/groupehenrigermain.fr\/lca\/?s={search_term_string}"},"query-input":{"@type":"PropertyValueSpecification","valueRequired":true,"valueName":"search_term_string"}}],"inLanguage":"fr-FR"},{"@type":"Organization","@id":"https:\/\/groupehenrigermain.fr\/lca\/#organization","name":"Les Charpentiers d&#039;Aujourd&#039;hui","url":"https:\/\/groupehenrigermain.fr\/lca\/","logo":{"@type":"ImageObject","inLanguage":"fr-FR","@id":"https:\/\/groupehenrigermain.fr\/lca\/#\/schema\/logo\/image\/","url":"https:\/\/groupehenrigermain.fr\/lca\/wp-content\/uploads\/sites\/2\/2024\/08\/Fichier-2.webp","contentUrl":"https:\/\/groupehenrigermain.fr\/lca\/wp-content\/uploads\/sites\/2\/2024\/08\/Fichier-2.webp","width":985,"height":985,"caption":"Les Charpentiers d&#039;Aujourd&#039;hui"},"image":{"@id":"https:\/\/groupehenrigermain.fr\/lca\/#\/schema\/logo\/image\/"}}]}},"_links":{"self":[{"href":"https:\/\/groupehenrigermain.fr\/lca\/wp-json\/wp\/v2\/pages\/317","targetHints":{"allow":["GET"]}}],"collection":[{"href":"https:\/\/groupehenrigermain.fr\/lca\/wp-json\/wp\/v2\/pages"}],"about":[{"href":"https:\/\/groupehenrigermain.fr\/lca\/wp-json\/wp\/v2\/types\/page"}],"author":[{"embeddable":true,"href":"https:\/\/groupehenrigermain.fr\/lca\/wp-json\/wp\/v2\/users\/1"}],"replies":[{"embeddable":true,"href":"https:\/\/groupehenrigermain.fr\/lca\/wp-json\/wp\/v2\/comments?post=317"}],"version-history":[{"count":46,"href":"https:\/\/groupehenrigermain.fr\/lca\/wp-json\/wp\/v2\/pages\/317\/revisions"}],"predecessor-version":[{"id":1510,"href":"https:\/\/groupehenrigermain.fr\/lca\/wp-json\/wp\/v2\/pages\/317\/revisions\/1510"}],"wp:attachment":[{"href":"https:\/\/groupehenrigermain.fr\/lca\/wp-json\/wp\/v2\/media?parent=317"}],"curies":[{"name":"wp","href":"https:\/\/api.w.org\/{rel}","templated":true}]}}