{"id":787,"date":"2024-10-29T08:29:24","date_gmt":"2024-10-29T07:29:24","guid":{"rendered":"https:\/\/groupehenrigermain.fr\/hg\/?page_id=787"},"modified":"2024-12-20T16:01:29","modified_gmt":"2024-12-20T15:01:29","slug":"mentions-legales","status":"publish","type":"page","link":"https:\/\/groupehenrigermain.fr\/hg\/mentions-legales\/","title":{"rendered":"Mentions l\u00e9gales"},"content":{"rendered":"\t\t<div data-elementor-type=\"wp-page\" data-elementor-id=\"787\" class=\"elementor elementor-787\" data-elementor-post-type=\"page\">\n\t\t\t\t<div class=\"elementor-element elementor-element-297b9d0 e-flex e-con-boxed e-con e-parent\" data-id=\"297b9d0\" data-element_type=\"container\" data-e-type=\"container\">\n\t\t\t\t\t<div class=\"e-con-inner\">\n\t\t\t\t<div class=\"elementor-element elementor-element-8d98b4b elementor-widget elementor-widget-text-editor\" data-id=\"8d98b4b\" data-element_type=\"widget\" data-e-type=\"widget\" data-widget_type=\"text-editor.default\">\n\t\t\t\t<div class=\"elementor-widget-container\">\n\t\t\t\t\t\t\t\t\t<h2>1. Pr\u00e9sentation du Site<\/h2><p>Nom du site : Henri Germain <br \/>URL du site : henrigermain.com<br \/>Propri\u00e9taire : Henri Germain <br \/>Adresse du si\u00e8ge social : 15 Rue Marius Berliet, 69380 Chazay-d&rsquo;Azergues<br \/>Num\u00e9ro de t\u00e9l\u00e9phone : <span aria-label=\"Call phone number 04 78 43 93 19\">04 78 43 93 19<\/span><br \/>Adresse e-mail : contact@germaintoiture.fr<br \/>Forme juridique : SAS<br \/>Capital social : 203 500,00 \u20ac<br \/>Num\u00e9ro de SIRET : 33921077500021<br \/>Num\u00e9ro de TVA Intracommunautaire : FR02339210775<\/p><h2>2. H\u00e9bergement<\/h2><p>H\u00e9bergeur : Hostinger<br \/>Site Web : <a href=\"https:\/\/www.hostinger.fr\/\">https:\/\/www.hostinger.fr\/<\/a><\/p><p>D\u00e9veloppement du site : Studio par ici <a href=\"https:\/\/www.studioparici.com\">https:\/\/www.studioparici.com<\/a><\/p><h2>3. Responsable de Publication<\/h2><p>Responsable de la publication : S\u00e9bastien Germain<br \/>Contact : communication@groupehenrigermain.fr<\/p><h2>4. Collecte et Protection des Donn\u00e9es Personnelles<\/h2><p>Conform\u00e9ment au R\u00e8glement G\u00e9n\u00e9ral sur la Protection des Donn\u00e9es (RGPD) et \u00e0 la loi Informatique et Libert\u00e9s, Henri Germain s\u2019engage \u00e0 garantir la confidentialit\u00e9 des informations personnelles recueillies sur le site.<\/p><p>&#8211; Finalit\u00e9 de la collecte : Les donn\u00e9es personnelles collect\u00e9es sont utilis\u00e9es uniquement pour la gestion des demandes des utilisateurs et les relations commerciales.<br \/>&#8211; Droits des utilisateurs : Vous disposez d\u2019un droit d\u2019acc\u00e8s, de rectification, d\u2019effacement et d\u2019opposition aux informations vous concernant. Pour exercer ces droits, veuillez contacter notre service via [adresse e-mail de contact].<\/p><h2>5. Propri\u00e9t\u00e9 Intellectuelle<\/h2><p>Tous les \u00e9l\u00e9ments du site (textes, images, graphismes, logos, ic\u00f4nes, etc.) sont la propri\u00e9t\u00e9 exclusive de Henri Germain, sauf mention contraire. Toute reproduction, distribution, modification ou exploitation de ces \u00e9l\u00e9ments est interdite sans autorisation pr\u00e9alable.<\/p><h2>6. Limitation de Responsabilit\u00e9<\/h2><p>Henri Germain d\u00e9cline toute responsabilit\u00e9 en cas de dommages directs ou indirects caus\u00e9s au mat\u00e9riel de l&rsquo;utilisateur lors de l&rsquo;acc\u00e8s au site, et d\u00e9coulant notamment de l\u2019utilisation de mat\u00e9riel ne r\u00e9pondant pas aux sp\u00e9cifications requises ou de l\u2019apparition d\u2019un bug ou d\u2019une incompatibilit\u00e9.<\/p><h2>7. Cookies<\/h2><p>Le site peut collecter des informations de navigation au moyen de cookies pour des fins d\u2019analyse statistique. L\u2019utilisateur peut d\u00e9sactiver les cookies en modifiant les param\u00e8tres de son navigateur.<\/p><h2>8. Droit Applicable et Attribution de Juridiction<\/h2><p>Tout litige en relation avec l&rsquo;utilisation du site est soumis au droit fran\u00e7ais. Il est fait attribution exclusive de juridiction aux tribunaux comp\u00e9tents de Villefranche sur Saone-Tarare pour tout litige.<\/p><h2>9. Contact<\/h2><p>Pour toute question concernant les mentions l\u00e9gales, vous pouvez nous contacter \u00e0 l&rsquo;adresse suivante : communication@groupehenrigermain.fr.<\/p>\t\t\t\t\t\t\t\t<\/div>\n\t\t\t\t<\/div>\n\t\t\t\t\t<\/div>\n\t\t\t\t<\/div>\n\t\t\t\t<\/div>\n\t\t","protected":false},"excerpt":{"rendered":"<p>1. Pr\u00e9sentation du Site Nom du site : Henri Germain URL du site : henrigermain.comPropri\u00e9taire : Henri Germain Adresse du si\u00e8ge social : 15 Rue Marius Berliet, 69380 Chazay-d&rsquo;AzerguesNum\u00e9ro de t\u00e9l\u00e9phone : 04 78 43 93 19Adresse e-mail : contact@germaintoiture.frForme juridique : SASCapital social : 203 500,00 \u20acNum\u00e9ro de SIRET : 33921077500021Num\u00e9ro de TVA Intracommunautaire [&hellip;]<\/p>\n","protected":false},"author":1,"featured_media":0,"parent":0,"menu_order":0,"comment_status":"closed","ping_status":"closed","template":"","meta":{"footnotes":""},"class_list":["post-787","page","type-page","status-publish","hentry"],"yoast_head":"<!-- This site is optimized with the Yoast SEO plugin v27.4 - https:\/\/yoast.com\/product\/yoast-seo-wordpress\/ -->\n<title>Mentions l\u00e9gales - Henri Germain<\/title>\n<meta name=\"description\" content=\"Retrouvez ici les mentions l\u00e9gales du site Henri Germain : propri\u00e9taire du site, h\u00e9bergement, collecte et protection de donn\u00e9es...\" \/>\n<meta name=\"robots\" content=\"index, follow, max-snippet:-1, max-image-preview:large, max-video-preview:-1\" \/>\n<link rel=\"canonical\" href=\"https:\/\/groupehenrigermain.fr\/hg\/mentions-legales\/\" \/>\n<meta property=\"og:locale\" content=\"fr_FR\" \/>\n<meta property=\"og:type\" content=\"article\" \/>\n<meta property=\"og:title\" content=\"Mentions l\u00e9gales - Henri Germain\" \/>\n<meta property=\"og:description\" content=\"Retrouvez ici les mentions l\u00e9gales du site Henri Germain : propri\u00e9taire du site, h\u00e9bergement, collecte et protection de donn\u00e9es...\" \/>\n<meta property=\"og:url\" content=\"https:\/\/groupehenrigermain.fr\/hg\/mentions-legales\/\" \/>\n<meta property=\"og:site_name\" content=\"Henri Germain\" \/>\n<meta property=\"article:modified_time\" content=\"2024-12-20T15:01:29+00:00\" \/>\n<meta name=\"twitter:card\" content=\"summary_large_image\" \/>\n<meta name=\"twitter:label1\" content=\"Dur\u00e9e de lecture estim\u00e9e\" \/>\n\t<meta name=\"twitter:data1\" content=\"2 minutes\" \/>\n<script type=\"application\/ld+json\" class=\"yoast-schema-graph\">{\"@context\":\"https:\\\/\\\/schema.org\",\"@graph\":[{\"@type\":\"WebPage\",\"@id\":\"https:\\\/\\\/groupehenrigermain.fr\\\/hg\\\/mentions-legales\\\/\",\"url\":\"https:\\\/\\\/groupehenrigermain.fr\\\/hg\\\/mentions-legales\\\/\",\"name\":\"Mentions l\u00e9gales - Henri Germain\",\"isPartOf\":{\"@id\":\"https:\\\/\\\/groupehenrigermain.fr\\\/hg\\\/#website\"},\"datePublished\":\"2024-10-29T07:29:24+00:00\",\"dateModified\":\"2024-12-20T15:01:29+00:00\",\"description\":\"Retrouvez ici les mentions l\u00e9gales du site Henri Germain : propri\u00e9taire du site, h\u00e9bergement, collecte et protection de donn\u00e9es...\",\"breadcrumb\":{\"@id\":\"https:\\\/\\\/groupehenrigermain.fr\\\/hg\\\/mentions-legales\\\/#breadcrumb\"},\"inLanguage\":\"fr-FR\",\"potentialAction\":[{\"@type\":\"ReadAction\",\"target\":[\"https:\\\/\\\/groupehenrigermain.fr\\\/hg\\\/mentions-legales\\\/\"]}]},{\"@type\":\"BreadcrumbList\",\"@id\":\"https:\\\/\\\/groupehenrigermain.fr\\\/hg\\\/mentions-legales\\\/#breadcrumb\",\"itemListElement\":[{\"@type\":\"ListItem\",\"position\":1,\"name\":\"Accueil\",\"item\":\"https:\\\/\\\/groupehenrigermain.fr\\\/hg\\\/\"},{\"@type\":\"ListItem\",\"position\":2,\"name\":\"Mentions l\u00e9gales\"}]},{\"@type\":\"WebSite\",\"@id\":\"https:\\\/\\\/groupehenrigermain.fr\\\/hg\\\/#website\",\"url\":\"https:\\\/\\\/groupehenrigermain.fr\\\/hg\\\/\",\"name\":\"Henri Germain\",\"description\":\"\",\"publisher\":{\"@id\":\"https:\\\/\\\/groupehenrigermain.fr\\\/hg\\\/#organization\"},\"potentialAction\":[{\"@type\":\"SearchAction\",\"target\":{\"@type\":\"EntryPoint\",\"urlTemplate\":\"https:\\\/\\\/groupehenrigermain.fr\\\/hg\\\/?s={search_term_string}\"},\"query-input\":{\"@type\":\"PropertyValueSpecification\",\"valueRequired\":true,\"valueName\":\"search_term_string\"}}],\"inLanguage\":\"fr-FR\"},{\"@type\":\"Organization\",\"@id\":\"https:\\\/\\\/groupehenrigermain.fr\\\/hg\\\/#organization\",\"name\":\"Henri Germain\",\"url\":\"https:\\\/\\\/groupehenrigermain.fr\\\/hg\\\/\",\"logo\":{\"@type\":\"ImageObject\",\"inLanguage\":\"fr-FR\",\"@id\":\"https:\\\/\\\/groupehenrigermain.fr\\\/hg\\\/#\\\/schema\\\/logo\\\/image\\\/\",\"url\":\"https:\\\/\\\/groupehenrigermain.fr\\\/hg\\\/wp-content\\\/uploads\\\/sites\\\/3\\\/2024\\\/08\\\/Fichier-1.webp\",\"contentUrl\":\"https:\\\/\\\/groupehenrigermain.fr\\\/hg\\\/wp-content\\\/uploads\\\/sites\\\/3\\\/2024\\\/08\\\/Fichier-1.webp\",\"width\":985,\"height\":984,\"caption\":\"Henri Germain\"},\"image\":{\"@id\":\"https:\\\/\\\/groupehenrigermain.fr\\\/hg\\\/#\\\/schema\\\/logo\\\/image\\\/\"}}]}<\/script>\n<!-- \/ Yoast SEO plugin. -->","yoast_head_json":{"title":"Mentions l\u00e9gales - Henri Germain","description":"Retrouvez ici les mentions l\u00e9gales du site Henri Germain : propri\u00e9taire du site, h\u00e9bergement, collecte et protection de donn\u00e9es...","robots":{"index":"index","follow":"follow","max-snippet":"max-snippet:-1","max-image-preview":"max-image-preview:large","max-video-preview":"max-video-preview:-1"},"canonical":"https:\/\/groupehenrigermain.fr\/hg\/mentions-legales\/","og_locale":"fr_FR","og_type":"article","og_title":"Mentions l\u00e9gales - Henri Germain","og_description":"Retrouvez ici les mentions l\u00e9gales du site Henri Germain : propri\u00e9taire du site, h\u00e9bergement, collecte et protection de donn\u00e9es...","og_url":"https:\/\/groupehenrigermain.fr\/hg\/mentions-legales\/","og_site_name":"Henri Germain","article_modified_time":"2024-12-20T15:01:29+00:00","twitter_card":"summary_large_image","twitter_misc":{"Dur\u00e9e de lecture estim\u00e9e":"2 minutes"},"schema":{"@context":"https:\/\/schema.org","@graph":[{"@type":"WebPage","@id":"https:\/\/groupehenrigermain.fr\/hg\/mentions-legales\/","url":"https:\/\/groupehenrigermain.fr\/hg\/mentions-legales\/","name":"Mentions l\u00e9gales - Henri Germain","isPartOf":{"@id":"https:\/\/groupehenrigermain.fr\/hg\/#website"},"datePublished":"2024-10-29T07:29:24+00:00","dateModified":"2024-12-20T15:01:29+00:00","description":"Retrouvez ici les mentions l\u00e9gales du site Henri Germain : propri\u00e9taire du site, h\u00e9bergement, collecte et protection de donn\u00e9es...","breadcrumb":{"@id":"https:\/\/groupehenrigermain.fr\/hg\/mentions-legales\/#breadcrumb"},"inLanguage":"fr-FR","potentialAction":[{"@type":"ReadAction","target":["https:\/\/groupehenrigermain.fr\/hg\/mentions-legales\/"]}]},{"@type":"BreadcrumbList","@id":"https:\/\/groupehenrigermain.fr\/hg\/mentions-legales\/#breadcrumb","itemListElement":[{"@type":"ListItem","position":1,"name":"Accueil","item":"https:\/\/groupehenrigermain.fr\/hg\/"},{"@type":"ListItem","position":2,"name":"Mentions l\u00e9gales"}]},{"@type":"WebSite","@id":"https:\/\/groupehenrigermain.fr\/hg\/#website","url":"https:\/\/groupehenrigermain.fr\/hg\/","name":"Henri Germain","description":"","publisher":{"@id":"https:\/\/groupehenrigermain.fr\/hg\/#organization"},"potentialAction":[{"@type":"SearchAction","target":{"@type":"EntryPoint","urlTemplate":"https:\/\/groupehenrigermain.fr\/hg\/?s={search_term_string}"},"query-input":{"@type":"PropertyValueSpecification","valueRequired":true,"valueName":"search_term_string"}}],"inLanguage":"fr-FR"},{"@type":"Organization","@id":"https:\/\/groupehenrigermain.fr\/hg\/#organization","name":"Henri Germain","url":"https:\/\/groupehenrigermain.fr\/hg\/","logo":{"@type":"ImageObject","inLanguage":"fr-FR","@id":"https:\/\/groupehenrigermain.fr\/hg\/#\/schema\/logo\/image\/","url":"https:\/\/groupehenrigermain.fr\/hg\/wp-content\/uploads\/sites\/3\/2024\/08\/Fichier-1.webp","contentUrl":"https:\/\/groupehenrigermain.fr\/hg\/wp-content\/uploads\/sites\/3\/2024\/08\/Fichier-1.webp","width":985,"height":984,"caption":"Henri Germain"},"image":{"@id":"https:\/\/groupehenrigermain.fr\/hg\/#\/schema\/logo\/image\/"}}]}},"_links":{"self":[{"href":"https:\/\/groupehenrigermain.fr\/hg\/wp-json\/wp\/v2\/pages\/787","targetHints":{"allow":["GET"]}}],"collection":[{"href":"https:\/\/groupehenrigermain.fr\/hg\/wp-json\/wp\/v2\/pages"}],"about":[{"href":"https:\/\/groupehenrigermain.fr\/hg\/wp-json\/wp\/v2\/types\/page"}],"author":[{"embeddable":true,"href":"https:\/\/groupehenrigermain.fr\/hg\/wp-json\/wp\/v2\/users\/1"}],"replies":[{"embeddable":true,"href":"https:\/\/groupehenrigermain.fr\/hg\/wp-json\/wp\/v2\/comments?post=787"}],"version-history":[{"count":4,"href":"https:\/\/groupehenrigermain.fr\/hg\/wp-json\/wp\/v2\/pages\/787\/revisions"}],"predecessor-version":[{"id":796,"href":"https:\/\/groupehenrigermain.fr\/hg\/wp-json\/wp\/v2\/pages\/787\/revisions\/796"}],"wp:attachment":[{"href":"https:\/\/groupehenrigermain.fr\/hg\/wp-json\/wp\/v2\/media?parent=787"}],"curies":[{"name":"wp","href":"https:\/\/api.w.org\/{rel}","templated":true}]}}