{"id":66,"date":"2024-09-18T09:31:57","date_gmt":"2024-09-18T07:31:57","guid":{"rendered":"https:\/\/groupehenrigermain.fr\/hg\/?page_id=66"},"modified":"2024-12-20T16:11:54","modified_gmt":"2024-12-20T15:11:54","slug":"actualites","status":"publish","type":"page","link":"https:\/\/groupehenrigermain.fr\/hg\/actualites\/","title":{"rendered":"Actualit\u00e9s"},"content":{"rendered":"\t\t<div data-elementor-type=\"wp-page\" data-elementor-id=\"66\" class=\"elementor elementor-66\" data-elementor-post-type=\"page\">\n\t\t\t\t<div class=\"elementor-element elementor-element-46e2054a e-flex e-con-boxed e-con e-parent\" data-id=\"46e2054a\" data-element_type=\"container\" data-e-type=\"container\" data-settings=\"{&quot;background_background&quot;:&quot;classic&quot;}\">\n\t\t\t\t\t<div class=\"e-con-inner\">\n\t\t\t\t<div class=\"elementor-element elementor-element-11561f81 elementor-widget elementor-widget-heading\" data-id=\"11561f81\" data-element_type=\"widget\" data-e-type=\"widget\" data-widget_type=\"heading.default\">\n\t\t\t\t<div class=\"elementor-widget-container\">\n\t\t\t\t\t<h1 class=\"elementor-heading-title elementor-size-default\">Actualit\u00e9s<\/h1>\t\t\t\t<\/div>\n\t\t\t\t<\/div>\n\t\t\t\t<div class=\"elementor-element elementor-element-68f3886e elementor-widget-divider--view-line_icon elementor-view-default elementor-widget-divider--element-align-center elementor-widget elementor-widget-divider\" data-id=\"68f3886e\" data-element_type=\"widget\" data-e-type=\"widget\" data-widget_type=\"divider.default\">\n\t\t\t\t<div class=\"elementor-widget-container\">\n\t\t\t\t\t\t\t<div class=\"elementor-divider\">\n\t\t\t<span class=\"elementor-divider-separator\">\n\t\t\t\t\t\t\t<div class=\"elementor-icon elementor-divider__element\">\n\t\t\t\t\t<svg aria-hidden=\"true\" class=\"e-font-icon-svg e-fas-circle\" viewBox=\"0 0 512 512\" xmlns=\"http:\/\/www.w3.org\/2000\/svg\"><path d=\"M256 8C119 8 8 119 8 256s111 248 248 248 248-111 248-248S393 8 256 8z\"><\/path><\/svg><\/div>\n\t\t\t\t\t\t<\/span>\n\t\t<\/div>\n\t\t\t\t\t\t<\/div>\n\t\t\t\t<\/div>\n\t\t\t\t\t<\/div>\n\t\t\t\t<\/div>\n\t\t<div class=\"elementor-element elementor-element-7bbd5dce e-flex e-con-boxed e-con e-parent\" data-id=\"7bbd5dce\" data-element_type=\"container\" data-e-type=\"container\">\n\t\t\t\t\t<div class=\"e-con-inner\">\n\t\t\t\t<div class=\"elementor-element elementor-element-3d8c9aa6 elementor-widget__width-auto elementor-widget elementor-widget-heading\" data-id=\"3d8c9aa6\" data-element_type=\"widget\" data-e-type=\"widget\" data-widget_type=\"heading.default\">\n\t\t\t\t<div class=\"elementor-widget-container\">\n\t\t\t\t\t<h2 class=\"elementor-heading-title elementor-size-default\">Les Actualit\u00e9s d'Henri Germain<\/h2>\t\t\t\t<\/div>\n\t\t\t\t<\/div>\n\t\t\t\t<div class=\"elementor-element elementor-element-5657647a elementor-widget elementor-widget-text-editor\" data-id=\"5657647a\" data-element_type=\"widget\" data-e-type=\"widget\" data-widget_type=\"text-editor.default\">\n\t\t\t\t<div class=\"elementor-widget-container\">\n\t\t\t\t\t\t\t\t\t<p>Plongez au c\u0153ur de l&rsquo;actualit\u00e9, suivez les \u00e9tapes cl\u00e9s qui fa\u00e7onnent l\u2019histoire et le savoir-faire d\u2019Henri Germain.<\/p>\t\t\t\t\t\t\t\t<\/div>\n\t\t\t\t<\/div>\n\t\t\t\t\t<\/div>\n\t\t\t\t<\/div>\n\t\t<div class=\"elementor-element elementor-element-481fab7 e-flex e-con-boxed e-con e-parent\" data-id=\"481fab7\" data-element_type=\"container\" data-e-type=\"container\">\n\t\t\t\t\t<div class=\"e-con-inner\">\n\t\t\t\t<div class=\"elementor-element elementor-element-060c1ea elementor-grid-4 elementor-grid-tablet-2 elementor-grid-mobile-1 elementor-posts--thumbnail-top elementor-card-shadow-yes elementor-posts__hover-gradient elementor-widget elementor-widget-posts\" data-id=\"060c1ea\" data-element_type=\"widget\" data-e-type=\"widget\" data-settings=\"{&quot;pagination_type&quot;:&quot;load_more_infinite_scroll&quot;,&quot;cards_columns&quot;:&quot;4&quot;,&quot;cards_columns_tablet&quot;:&quot;2&quot;,&quot;cards_columns_mobile&quot;:&quot;1&quot;,&quot;cards_row_gap&quot;:{&quot;unit&quot;:&quot;px&quot;,&quot;size&quot;:35,&quot;sizes&quot;:[]},&quot;cards_row_gap_tablet&quot;:{&quot;unit&quot;:&quot;px&quot;,&quot;size&quot;:&quot;&quot;,&quot;sizes&quot;:[]},&quot;cards_row_gap_mobile&quot;:{&quot;unit&quot;:&quot;px&quot;,&quot;size&quot;:&quot;&quot;,&quot;sizes&quot;:[]},&quot;load_more_spinner&quot;:{&quot;value&quot;:&quot;fas fa-spinner&quot;,&quot;library&quot;:&quot;fa-solid&quot;}}\" data-widget_type=\"posts.cards\">\n\t\t\t\t<div class=\"elementor-widget-container\">\n\t\t\t\t\t\t\t<div class=\"elementor-posts-container elementor-posts elementor-posts--skin-cards elementor-grid\" role=\"list\">\n\t\t\t\t<article class=\"elementor-post elementor-grid-item post-1449 post type-post status-publish format-standard has-post-thumbnail hentry category-actualites\" role=\"listitem\">\n\t\t\t<div class=\"elementor-post__card\">\n\t\t\t\t<a class=\"elementor-post__thumbnail__link\" href=\"https:\/\/groupehenrigermain.fr\/hg\/flotte-camions-chantier-btp\/\" tabindex=\"-1\" ><div class=\"elementor-post__thumbnail\"><img fetchpriority=\"high\" decoding=\"async\" width=\"2560\" height=\"1920\" src=\"https:\/\/groupehenrigermain.fr\/hg\/wp-content\/uploads\/sites\/3\/2026\/03\/IMG_2360-scaled.jpeg\" class=\"attachment-full size-full wp-image-1450\" alt=\"\" srcset=\"https:\/\/groupehenrigermain.fr\/hg\/wp-content\/uploads\/sites\/3\/2026\/03\/IMG_2360-scaled.jpeg 2560w, https:\/\/groupehenrigermain.fr\/hg\/wp-content\/uploads\/sites\/3\/2026\/03\/IMG_2360-2000x1500.jpeg 2000w, https:\/\/groupehenrigermain.fr\/hg\/wp-content\/uploads\/sites\/3\/2026\/03\/IMG_2360-768x576.jpeg 768w, https:\/\/groupehenrigermain.fr\/hg\/wp-content\/uploads\/sites\/3\/2026\/03\/IMG_2360-1536x1152.jpeg 1536w, https:\/\/groupehenrigermain.fr\/hg\/wp-content\/uploads\/sites\/3\/2026\/03\/IMG_2360-2048x1536.jpeg 2048w\" sizes=\"(max-width: 2560px) 100vw, 2560px\" \/><\/div><\/a>\n\t\t\t\t<div class=\"elementor-post__text\">\n\t\t\t\t<h3 class=\"elementor-post__title\">\n\t\t\t<a href=\"https:\/\/groupehenrigermain.fr\/hg\/flotte-camions-chantier-btp\/\" >\n\t\t\t\tUne nouvelle flotte de camions pour accompagner le d\u00e9veloppement du Groupe Germain\t\t\t<\/a>\n\t\t<\/h3>\n\t\t\n\t\t<a class=\"elementor-post__read-more\" href=\"https:\/\/groupehenrigermain.fr\/hg\/flotte-camions-chantier-btp\/\" aria-label=\"En savoir plus sur Une nouvelle flotte de camions pour accompagner le d\u00e9veloppement du Groupe Germain\" tabindex=\"-1\" >\n\t\t\tLire la suite \u00bb\t\t<\/a>\n\n\t\t\t\t<\/div>\n\t\t\t\t<div class=\"elementor-post__meta-data\">\n\t\t\t\t\t<span class=\"elementor-post-date\">\n\t\t\t27 mars 2026\t\t<\/span>\n\t\t\t\t<\/div>\n\t\t\t\t\t<\/div>\n\t\t<\/article>\n\t\t\t\t<article class=\"elementor-post elementor-grid-item post-1446 post type-post status-publish format-standard has-post-thumbnail hentry category-actualites\" role=\"listitem\">\n\t\t\t<div class=\"elementor-post__card\">\n\t\t\t\t<a class=\"elementor-post__thumbnail__link\" href=\"https:\/\/groupehenrigermain.fr\/hg\/restauration-couverture-basilique-fourviere\/\" tabindex=\"-1\" ><div class=\"elementor-post__thumbnail\"><img decoding=\"async\" width=\"2560\" height=\"1705\" src=\"https:\/\/groupehenrigermain.fr\/hg\/wp-content\/uploads\/sites\/3\/2026\/03\/restauration-de-la-basilique-de-fourviere-scaled.jpeg\" class=\"attachment-full size-full wp-image-1447\" alt=\"\" srcset=\"https:\/\/groupehenrigermain.fr\/hg\/wp-content\/uploads\/sites\/3\/2026\/03\/restauration-de-la-basilique-de-fourviere-scaled.jpeg 2560w, https:\/\/groupehenrigermain.fr\/hg\/wp-content\/uploads\/sites\/3\/2026\/03\/restauration-de-la-basilique-de-fourviere-2000x1332.jpeg 2000w, https:\/\/groupehenrigermain.fr\/hg\/wp-content\/uploads\/sites\/3\/2026\/03\/restauration-de-la-basilique-de-fourviere-768x512.jpeg 768w, https:\/\/groupehenrigermain.fr\/hg\/wp-content\/uploads\/sites\/3\/2026\/03\/restauration-de-la-basilique-de-fourviere-1536x1023.jpeg 1536w, https:\/\/groupehenrigermain.fr\/hg\/wp-content\/uploads\/sites\/3\/2026\/03\/restauration-de-la-basilique-de-fourviere-2048x1364.jpeg 2048w\" sizes=\"(max-width: 2560px) 100vw, 2560px\" \/><\/div><\/a>\n\t\t\t\t<div class=\"elementor-post__text\">\n\t\t\t\t<h3 class=\"elementor-post__title\">\n\t\t\t<a href=\"https:\/\/groupehenrigermain.fr\/hg\/restauration-couverture-basilique-fourviere\/\" >\n\t\t\t\tRestauration de la Basilique de Fourvi\u00e8re : un chantier embl\u00e9matique pour le Groupe Germain\t\t\t<\/a>\n\t\t<\/h3>\n\t\t\n\t\t<a class=\"elementor-post__read-more\" href=\"https:\/\/groupehenrigermain.fr\/hg\/restauration-couverture-basilique-fourviere\/\" aria-label=\"En savoir plus sur Restauration de la Basilique de Fourvi\u00e8re : un chantier embl\u00e9matique pour le Groupe Germain\" tabindex=\"-1\" >\n\t\t\tLire la suite \u00bb\t\t<\/a>\n\n\t\t\t\t<\/div>\n\t\t\t\t<div class=\"elementor-post__meta-data\">\n\t\t\t\t\t<span class=\"elementor-post-date\">\n\t\t\t27 mars 2026\t\t<\/span>\n\t\t\t\t<\/div>\n\t\t\t\t\t<\/div>\n\t\t<\/article>\n\t\t\t\t<article class=\"elementor-post elementor-grid-item post-1426 post type-post status-publish format-standard has-post-thumbnail hentry category-actualites\" role=\"listitem\">\n\t\t\t<div class=\"elementor-post__card\">\n\t\t\t\t<a class=\"elementor-post__thumbnail__link\" href=\"https:\/\/groupehenrigermain.fr\/hg\/creation-pole-monuments-historiques\/\" tabindex=\"-1\" ><div class=\"elementor-post__thumbnail\"><img decoding=\"async\" width=\"1000\" height=\"667\" src=\"https:\/\/groupehenrigermain.fr\/hg\/wp-content\/uploads\/sites\/3\/2026\/02\/brotteaux-5.jpg\" class=\"attachment-full size-full wp-image-1427\" alt=\"\" srcset=\"https:\/\/groupehenrigermain.fr\/hg\/wp-content\/uploads\/sites\/3\/2026\/02\/brotteaux-5.jpg 1000w, https:\/\/groupehenrigermain.fr\/hg\/wp-content\/uploads\/sites\/3\/2026\/02\/brotteaux-5-300x200.jpg 300w, https:\/\/groupehenrigermain.fr\/hg\/wp-content\/uploads\/sites\/3\/2026\/02\/brotteaux-5-768x512.jpg 768w\" sizes=\"(max-width: 1000px) 100vw, 1000px\" \/><\/div><\/a>\n\t\t\t\t<div class=\"elementor-post__text\">\n\t\t\t\t<h3 class=\"elementor-post__title\">\n\t\t\t<a href=\"https:\/\/groupehenrigermain.fr\/hg\/creation-pole-monuments-historiques\/\" >\n\t\t\t\tCr\u00e9ation d\u2019un p\u00f4le Monuments Historiques au sein d\u2019Henri Germain\t\t\t<\/a>\n\t\t<\/h3>\n\t\t\n\t\t<a class=\"elementor-post__read-more\" href=\"https:\/\/groupehenrigermain.fr\/hg\/creation-pole-monuments-historiques\/\" aria-label=\"En savoir plus sur Cr\u00e9ation d\u2019un p\u00f4le Monuments Historiques au sein d\u2019Henri Germain\" tabindex=\"-1\" >\n\t\t\tLire la suite \u00bb\t\t<\/a>\n\n\t\t\t\t<\/div>\n\t\t\t\t<div class=\"elementor-post__meta-data\">\n\t\t\t\t\t<span class=\"elementor-post-date\">\n\t\t\t24 f\u00e9vrier 2026\t\t<\/span>\n\t\t\t\t<\/div>\n\t\t\t\t\t<\/div>\n\t\t<\/article>\n\t\t\t\t<article class=\"elementor-post elementor-grid-item post-886 post type-post status-publish format-standard has-post-thumbnail hentry category-actualites\" role=\"listitem\">\n\t\t\t<div class=\"elementor-post__card\">\n\t\t\t\t<a class=\"elementor-post__thumbnail__link\" href=\"https:\/\/groupehenrigermain.fr\/hg\/formation-pose-ardoise\/\" tabindex=\"-1\" ><div class=\"elementor-post__thumbnail\"><img loading=\"lazy\" decoding=\"async\" width=\"1200\" height=\"900\" src=\"https:\/\/groupehenrigermain.fr\/hg\/wp-content\/uploads\/sites\/3\/2024\/12\/formation_ardoise_germain-_2_-edited.webp\" class=\"attachment-full size-full wp-image-1132\" alt=\"Artisan posant des ardoises sur une maquette de toiture en bois dans un atelier, tenant un marteau pour ajuster les ardoises.\" srcset=\"https:\/\/groupehenrigermain.fr\/hg\/wp-content\/uploads\/sites\/3\/2024\/12\/formation_ardoise_germain-_2_-edited.webp 1200w, https:\/\/groupehenrigermain.fr\/hg\/wp-content\/uploads\/sites\/3\/2024\/12\/formation_ardoise_germain-_2_-edited-300x225.webp 300w, https:\/\/groupehenrigermain.fr\/hg\/wp-content\/uploads\/sites\/3\/2024\/12\/formation_ardoise_germain-_2_-edited-1024x768.webp 1024w, https:\/\/groupehenrigermain.fr\/hg\/wp-content\/uploads\/sites\/3\/2024\/12\/formation_ardoise_germain-_2_-edited-768x576.webp 768w\" sizes=\"(max-width: 1200px) 100vw, 1200px\" \/><\/div><\/a>\n\t\t\t\t<div class=\"elementor-post__text\">\n\t\t\t\t<h3 class=\"elementor-post__title\">\n\t\t\t<a href=\"https:\/\/groupehenrigermain.fr\/hg\/formation-pose-ardoise\/\" >\n\t\t\t\tLa recherche de l\u2019excellence est au c\u0153ur de tous nos projets\u00a0\t\t\t<\/a>\n\t\t<\/h3>\n\t\t\n\t\t<a class=\"elementor-post__read-more\" href=\"https:\/\/groupehenrigermain.fr\/hg\/formation-pose-ardoise\/\" aria-label=\"En savoir plus sur La recherche de l\u2019excellence est au c\u0153ur de tous nos projets\u00a0\" tabindex=\"-1\" >\n\t\t\tLire la suite \u00bb\t\t<\/a>\n\n\t\t\t\t<\/div>\n\t\t\t\t<div class=\"elementor-post__meta-data\">\n\t\t\t\t\t<span class=\"elementor-post-date\">\n\t\t\t29 novembre 2024\t\t<\/span>\n\t\t\t\t<\/div>\n\t\t\t\t\t<\/div>\n\t\t<\/article>\n\t\t\t\t<\/div>\n\t\t\t\t\t<span class=\"e-load-more-spinner\">\n\t\t\t\t<svg aria-hidden=\"true\" class=\"e-font-icon-svg e-fas-spinner\" viewBox=\"0 0 512 512\" xmlns=\"http:\/\/www.w3.org\/2000\/svg\"><path d=\"M304 48c0 26.51-21.49 48-48 48s-48-21.49-48-48 21.49-48 48-48 48 21.49 48 48zm-48 368c-26.51 0-48 21.49-48 48s21.49 48 48 48 48-21.49 48-48-21.49-48-48-48zm208-208c-26.51 0-48 21.49-48 48s21.49 48 48 48 48-21.49 48-48-21.49-48-48-48zM96 256c0-26.51-21.49-48-48-48S0 229.49 0 256s21.49 48 48 48 48-21.49 48-48zm12.922 99.078c-26.51 0-48 21.49-48 48s21.49 48 48 48 48-21.49 48-48c0-26.509-21.491-48-48-48zm294.156 0c-26.51 0-48 21.49-48 48s21.49 48 48 48 48-21.49 48-48c0-26.509-21.49-48-48-48zM108.922 60.922c-26.51 0-48 21.49-48 48s21.49 48 48 48 48-21.49 48-48-21.491-48-48-48z\"><\/path><\/svg>\t\t\t<\/span>\n\t\t\n\t\t\t\t\t\t<\/div>\n\t\t\t\t<\/div>\n\t\t\t\t\t<\/div>\n\t\t\t\t<\/div>\n\t\t\t\t<\/div>\n\t\t","protected":false},"excerpt":{"rendered":"<p>Actualit\u00e9s Les Actualit\u00e9s d&rsquo;Henri Germain Plongez au c\u0153ur de l&rsquo;actualit\u00e9,<\/p>\n","protected":false},"author":1,"featured_media":0,"parent":0,"menu_order":0,"comment_status":"closed","ping_status":"closed","template":"","meta":{"footnotes":""},"class_list":["post-66","page","type-page","status-publish","hentry"],"yoast_head":"<!-- This site is optimized with the Yoast SEO plugin v27.4 - https:\/\/yoast.com\/product\/yoast-seo-wordpress\/ -->\n<title>Nos Actualit\u00e9s - Henri Germain<\/title>\n<meta name=\"description\" content=\"Suivez les actualit\u00e9s d\u2019Henri Germain : chantiers, innovations en couverture et zinguerie, ainsi que nos projets en cours et \u00e9v\u00e9nements\" \/>\n<meta name=\"robots\" content=\"index, follow, max-snippet:-1, max-image-preview:large, max-video-preview:-1\" \/>\n<link rel=\"canonical\" href=\"https:\/\/groupehenrigermain.fr\/hg\/actualites\/\" \/>\n<meta property=\"og:locale\" content=\"fr_FR\" \/>\n<meta property=\"og:type\" content=\"article\" \/>\n<meta property=\"og:title\" content=\"Nos Actualit\u00e9s - Henri Germain\" \/>\n<meta property=\"og:description\" content=\"Suivez les actualit\u00e9s d\u2019Henri Germain : chantiers, innovations en couverture et zinguerie, ainsi que nos projets en cours et \u00e9v\u00e9nements\" \/>\n<meta property=\"og:url\" content=\"https:\/\/groupehenrigermain.fr\/hg\/actualites\/\" \/>\n<meta property=\"og:site_name\" content=\"Henri Germain\" \/>\n<meta property=\"article:modified_time\" content=\"2024-12-20T15:11:54+00:00\" \/>\n<meta name=\"twitter:card\" content=\"summary_large_image\" \/>\n<meta name=\"twitter:label1\" content=\"Dur\u00e9e de lecture estim\u00e9e\" \/>\n\t<meta name=\"twitter:data1\" content=\"1 minute\" \/>\n<script type=\"application\/ld+json\" class=\"yoast-schema-graph\">{\"@context\":\"https:\\\/\\\/schema.org\",\"@graph\":[{\"@type\":\"WebPage\",\"@id\":\"https:\\\/\\\/groupehenrigermain.fr\\\/hg\\\/actualites\\\/\",\"url\":\"https:\\\/\\\/groupehenrigermain.fr\\\/hg\\\/actualites\\\/\",\"name\":\"Nos Actualit\u00e9s - Henri Germain\",\"isPartOf\":{\"@id\":\"https:\\\/\\\/groupehenrigermain.fr\\\/hg\\\/#website\"},\"datePublished\":\"2024-09-18T07:31:57+00:00\",\"dateModified\":\"2024-12-20T15:11:54+00:00\",\"description\":\"Suivez les actualit\u00e9s d\u2019Henri Germain : chantiers, innovations en couverture et zinguerie, ainsi que nos projets en cours et \u00e9v\u00e9nements\",\"breadcrumb\":{\"@id\":\"https:\\\/\\\/groupehenrigermain.fr\\\/hg\\\/actualites\\\/#breadcrumb\"},\"inLanguage\":\"fr-FR\",\"potentialAction\":[{\"@type\":\"ReadAction\",\"target\":[\"https:\\\/\\\/groupehenrigermain.fr\\\/hg\\\/actualites\\\/\"]}]},{\"@type\":\"BreadcrumbList\",\"@id\":\"https:\\\/\\\/groupehenrigermain.fr\\\/hg\\\/actualites\\\/#breadcrumb\",\"itemListElement\":[{\"@type\":\"ListItem\",\"position\":1,\"name\":\"Accueil\",\"item\":\"https:\\\/\\\/groupehenrigermain.fr\\\/hg\\\/\"},{\"@type\":\"ListItem\",\"position\":2,\"name\":\"Actualit\u00e9s\"}]},{\"@type\":\"WebSite\",\"@id\":\"https:\\\/\\\/groupehenrigermain.fr\\\/hg\\\/#website\",\"url\":\"https:\\\/\\\/groupehenrigermain.fr\\\/hg\\\/\",\"name\":\"Henri Germain\",\"description\":\"\",\"publisher\":{\"@id\":\"https:\\\/\\\/groupehenrigermain.fr\\\/hg\\\/#organization\"},\"potentialAction\":[{\"@type\":\"SearchAction\",\"target\":{\"@type\":\"EntryPoint\",\"urlTemplate\":\"https:\\\/\\\/groupehenrigermain.fr\\\/hg\\\/?s={search_term_string}\"},\"query-input\":{\"@type\":\"PropertyValueSpecification\",\"valueRequired\":true,\"valueName\":\"search_term_string\"}}],\"inLanguage\":\"fr-FR\"},{\"@type\":\"Organization\",\"@id\":\"https:\\\/\\\/groupehenrigermain.fr\\\/hg\\\/#organization\",\"name\":\"Henri Germain\",\"url\":\"https:\\\/\\\/groupehenrigermain.fr\\\/hg\\\/\",\"logo\":{\"@type\":\"ImageObject\",\"inLanguage\":\"fr-FR\",\"@id\":\"https:\\\/\\\/groupehenrigermain.fr\\\/hg\\\/#\\\/schema\\\/logo\\\/image\\\/\",\"url\":\"https:\\\/\\\/groupehenrigermain.fr\\\/hg\\\/wp-content\\\/uploads\\\/sites\\\/3\\\/2024\\\/08\\\/Fichier-1.webp\",\"contentUrl\":\"https:\\\/\\\/groupehenrigermain.fr\\\/hg\\\/wp-content\\\/uploads\\\/sites\\\/3\\\/2024\\\/08\\\/Fichier-1.webp\",\"width\":985,\"height\":984,\"caption\":\"Henri Germain\"},\"image\":{\"@id\":\"https:\\\/\\\/groupehenrigermain.fr\\\/hg\\\/#\\\/schema\\\/logo\\\/image\\\/\"}}]}<\/script>\n<!-- \/ Yoast SEO plugin. -->","yoast_head_json":{"title":"Nos Actualit\u00e9s - Henri Germain","description":"Suivez les actualit\u00e9s d\u2019Henri Germain : chantiers, innovations en couverture et zinguerie, ainsi que nos projets en cours et \u00e9v\u00e9nements","robots":{"index":"index","follow":"follow","max-snippet":"max-snippet:-1","max-image-preview":"max-image-preview:large","max-video-preview":"max-video-preview:-1"},"canonical":"https:\/\/groupehenrigermain.fr\/hg\/actualites\/","og_locale":"fr_FR","og_type":"article","og_title":"Nos Actualit\u00e9s - Henri Germain","og_description":"Suivez les actualit\u00e9s d\u2019Henri Germain : chantiers, innovations en couverture et zinguerie, ainsi que nos projets en cours et \u00e9v\u00e9nements","og_url":"https:\/\/groupehenrigermain.fr\/hg\/actualites\/","og_site_name":"Henri Germain","article_modified_time":"2024-12-20T15:11:54+00:00","twitter_card":"summary_large_image","twitter_misc":{"Dur\u00e9e de lecture estim\u00e9e":"1 minute"},"schema":{"@context":"https:\/\/schema.org","@graph":[{"@type":"WebPage","@id":"https:\/\/groupehenrigermain.fr\/hg\/actualites\/","url":"https:\/\/groupehenrigermain.fr\/hg\/actualites\/","name":"Nos Actualit\u00e9s - Henri Germain","isPartOf":{"@id":"https:\/\/groupehenrigermain.fr\/hg\/#website"},"datePublished":"2024-09-18T07:31:57+00:00","dateModified":"2024-12-20T15:11:54+00:00","description":"Suivez les actualit\u00e9s d\u2019Henri Germain : chantiers, innovations en couverture et zinguerie, ainsi que nos projets en cours et \u00e9v\u00e9nements","breadcrumb":{"@id":"https:\/\/groupehenrigermain.fr\/hg\/actualites\/#breadcrumb"},"inLanguage":"fr-FR","potentialAction":[{"@type":"ReadAction","target":["https:\/\/groupehenrigermain.fr\/hg\/actualites\/"]}]},{"@type":"BreadcrumbList","@id":"https:\/\/groupehenrigermain.fr\/hg\/actualites\/#breadcrumb","itemListElement":[{"@type":"ListItem","position":1,"name":"Accueil","item":"https:\/\/groupehenrigermain.fr\/hg\/"},{"@type":"ListItem","position":2,"name":"Actualit\u00e9s"}]},{"@type":"WebSite","@id":"https:\/\/groupehenrigermain.fr\/hg\/#website","url":"https:\/\/groupehenrigermain.fr\/hg\/","name":"Henri Germain","description":"","publisher":{"@id":"https:\/\/groupehenrigermain.fr\/hg\/#organization"},"potentialAction":[{"@type":"SearchAction","target":{"@type":"EntryPoint","urlTemplate":"https:\/\/groupehenrigermain.fr\/hg\/?s={search_term_string}"},"query-input":{"@type":"PropertyValueSpecification","valueRequired":true,"valueName":"search_term_string"}}],"inLanguage":"fr-FR"},{"@type":"Organization","@id":"https:\/\/groupehenrigermain.fr\/hg\/#organization","name":"Henri Germain","url":"https:\/\/groupehenrigermain.fr\/hg\/","logo":{"@type":"ImageObject","inLanguage":"fr-FR","@id":"https:\/\/groupehenrigermain.fr\/hg\/#\/schema\/logo\/image\/","url":"https:\/\/groupehenrigermain.fr\/hg\/wp-content\/uploads\/sites\/3\/2024\/08\/Fichier-1.webp","contentUrl":"https:\/\/groupehenrigermain.fr\/hg\/wp-content\/uploads\/sites\/3\/2024\/08\/Fichier-1.webp","width":985,"height":984,"caption":"Henri Germain"},"image":{"@id":"https:\/\/groupehenrigermain.fr\/hg\/#\/schema\/logo\/image\/"}}]}},"_links":{"self":[{"href":"https:\/\/groupehenrigermain.fr\/hg\/wp-json\/wp\/v2\/pages\/66","targetHints":{"allow":["GET"]}}],"collection":[{"href":"https:\/\/groupehenrigermain.fr\/hg\/wp-json\/wp\/v2\/pages"}],"about":[{"href":"https:\/\/groupehenrigermain.fr\/hg\/wp-json\/wp\/v2\/types\/page"}],"author":[{"embeddable":true,"href":"https:\/\/groupehenrigermain.fr\/hg\/wp-json\/wp\/v2\/users\/1"}],"replies":[{"embeddable":true,"href":"https:\/\/groupehenrigermain.fr\/hg\/wp-json\/wp\/v2\/comments?post=66"}],"version-history":[{"count":37,"href":"https:\/\/groupehenrigermain.fr\/hg\/wp-json\/wp\/v2\/pages\/66\/revisions"}],"predecessor-version":[{"id":1193,"href":"https:\/\/groupehenrigermain.fr\/hg\/wp-json\/wp\/v2\/pages\/66\/revisions\/1193"}],"wp:attachment":[{"href":"https:\/\/groupehenrigermain.fr\/hg\/wp-json\/wp\/v2\/media?parent=66"}],"curies":[{"name":"wp","href":"https:\/\/api.w.org\/{rel}","templated":true}]}}