{"id":475,"date":"2024-10-03T11:11:20","date_gmt":"2024-10-03T09:11:20","guid":{"rendered":"https:\/\/groupehenrigermain.fr\/hg\/?page_id=475"},"modified":"2025-12-18T11:39:01","modified_gmt":"2025-12-18T10:39:01","slug":"realisations","status":"publish","type":"page","link":"https:\/\/groupehenrigermain.fr\/hg\/realisations\/","title":{"rendered":"Nos r\u00e9alisations"},"content":{"rendered":"\t\t<div data-elementor-type=\"wp-page\" data-elementor-id=\"475\" class=\"elementor elementor-475\" data-elementor-post-type=\"page\">\n\t\t\t\t<div class=\"elementor-element elementor-element-46e2054a e-flex e-con-boxed e-con e-parent\" data-id=\"46e2054a\" data-element_type=\"container\" data-e-type=\"container\" data-settings=\"{&quot;background_background&quot;:&quot;classic&quot;}\">\n\t\t\t\t\t<div class=\"e-con-inner\">\n\t\t\t\t<div class=\"elementor-element elementor-element-11561f81 elementor-widget elementor-widget-heading\" data-id=\"11561f81\" data-element_type=\"widget\" data-e-type=\"widget\" data-widget_type=\"heading.default\">\n\t\t\t\t<div class=\"elementor-widget-container\">\n\t\t\t\t\t<h1 class=\"elementor-heading-title elementor-size-default\">Nos r\u00e9alisations<\/h1>\t\t\t\t<\/div>\n\t\t\t\t<\/div>\n\t\t\t\t<div class=\"elementor-element elementor-element-68f3886e elementor-widget-divider--view-line_icon elementor-view-default elementor-widget-divider--element-align-center elementor-widget elementor-widget-divider\" data-id=\"68f3886e\" data-element_type=\"widget\" data-e-type=\"widget\" data-widget_type=\"divider.default\">\n\t\t\t\t<div class=\"elementor-widget-container\">\n\t\t\t\t\t\t\t<div class=\"elementor-divider\">\n\t\t\t<span class=\"elementor-divider-separator\">\n\t\t\t\t\t\t\t<div class=\"elementor-icon elementor-divider__element\">\n\t\t\t\t\t<svg aria-hidden=\"true\" class=\"e-font-icon-svg e-fas-circle\" viewBox=\"0 0 512 512\" xmlns=\"http:\/\/www.w3.org\/2000\/svg\"><path d=\"M256 8C119 8 8 119 8 256s111 248 248 248 248-111 248-248S393 8 256 8z\"><\/path><\/svg><\/div>\n\t\t\t\t\t\t<\/span>\n\t\t<\/div>\n\t\t\t\t\t\t<\/div>\n\t\t\t\t<\/div>\n\t\t\t\t\t<\/div>\n\t\t\t\t<\/div>\n\t\t<div class=\"elementor-element elementor-element-7bbd5dce e-flex e-con-boxed e-con e-parent\" data-id=\"7bbd5dce\" data-element_type=\"container\" data-e-type=\"container\">\n\t\t\t\t\t<div class=\"e-con-inner\">\n\t\t\t\t<div class=\"elementor-element elementor-element-3d8c9aa6 elementor-widget__width-auto elementor-widget elementor-widget-heading\" data-id=\"3d8c9aa6\" data-element_type=\"widget\" data-e-type=\"widget\" data-widget_type=\"heading.default\">\n\t\t\t\t<div class=\"elementor-widget-container\">\n\t\t\t\t\t<h2 class=\"elementor-heading-title elementor-size-default\">Nos derni\u00e8res r\u00e9alisations<\/h2>\t\t\t\t<\/div>\n\t\t\t\t<\/div>\n\t\t\t\t<div class=\"elementor-element elementor-element-5657647a elementor-widget elementor-widget-text-editor\" data-id=\"5657647a\" data-element_type=\"widget\" data-e-type=\"widget\" data-widget_type=\"text-editor.default\">\n\t\t\t\t<div class=\"elementor-widget-container\">\n\t\t\t\t\t\t\t\t\t<p data-pm-slice=\"0 0 []\">D\u00e9couvrez nos plus beaux chantiers, en Auvergne-Rh\u00f4ne-Alpes, mais aussi aux quatre coins de l&rsquo;Hexagone !<\/p>\t\t\t\t\t\t\t\t<\/div>\n\t\t\t\t<\/div>\n\t\t\t\t\t<\/div>\n\t\t\t\t<\/div>\n\t\t<div class=\"elementor-element elementor-element-481fab7 e-flex e-con-boxed e-con e-parent\" data-id=\"481fab7\" data-element_type=\"container\" data-e-type=\"container\">\n\t\t\t\t\t<div class=\"e-con-inner\">\n\t\t\t\t<div class=\"elementor-element elementor-element-060c1ea elementor-grid-4 elementor-grid-tablet-2 elementor-grid-mobile-1 elementor-posts--thumbnail-top elementor-card-shadow-yes elementor-posts__hover-gradient elementor-widget elementor-widget-posts\" data-id=\"060c1ea\" data-element_type=\"widget\" data-e-type=\"widget\" data-settings=\"{&quot;pagination_type&quot;:&quot;load_more_infinite_scroll&quot;,&quot;cards_columns&quot;:&quot;4&quot;,&quot;cards_columns_tablet&quot;:&quot;2&quot;,&quot;cards_columns_mobile&quot;:&quot;1&quot;,&quot;cards_row_gap&quot;:{&quot;unit&quot;:&quot;px&quot;,&quot;size&quot;:35,&quot;sizes&quot;:[]},&quot;cards_row_gap_tablet&quot;:{&quot;unit&quot;:&quot;px&quot;,&quot;size&quot;:&quot;&quot;,&quot;sizes&quot;:[]},&quot;cards_row_gap_mobile&quot;:{&quot;unit&quot;:&quot;px&quot;,&quot;size&quot;:&quot;&quot;,&quot;sizes&quot;:[]},&quot;load_more_spinner&quot;:{&quot;value&quot;:&quot;fas fa-spinner&quot;,&quot;library&quot;:&quot;fa-solid&quot;}}\" data-widget_type=\"posts.cards\">\n\t\t\t\t<div class=\"elementor-widget-container\">\n\t\t\t\t\t\t\t<div class=\"elementor-posts-container elementor-posts elementor-posts--skin-cards elementor-grid\" role=\"list\">\n\t\t\t\t<article class=\"elementor-post elementor-grid-item post-1432 post type-post status-publish format-standard has-post-thumbnail hentry category-realisations\" role=\"listitem\">\n\t\t\t<div class=\"elementor-post__card\">\n\t\t\t\t<a class=\"elementor-post__thumbnail__link\" href=\"https:\/\/groupehenrigermain.fr\/hg\/refection-couverture-creation-lucarnes-usine-jb-martin-tarare\/\" tabindex=\"-1\" ><div class=\"elementor-post__thumbnail\"><img fetchpriority=\"high\" decoding=\"async\" width=\"533\" height=\"800\" src=\"https:\/\/groupehenrigermain.fr\/hg\/wp-content\/uploads\/sites\/3\/2026\/02\/groupe_henri_germain-usine_jb-martin6.jpg\" class=\"attachment-full size-full wp-image-1442\" alt=\"\" \/><\/div><\/a>\n\t\t\t\t<div class=\"elementor-post__text\">\n\t\t\t\t<h3 class=\"elementor-post__title\">\n\t\t\t<a href=\"https:\/\/groupehenrigermain.fr\/hg\/refection-couverture-creation-lucarnes-usine-jb-martin-tarare\/\" >\n\t\t\t\tR\u00e9fection de la couverture et cr\u00e9ation de lucarnes &#8211; Usine JB Martin \u00e0 Tarare\t\t\t<\/a>\n\t\t<\/h3>\n\t\t\n\t\t<a class=\"elementor-post__read-more\" href=\"https:\/\/groupehenrigermain.fr\/hg\/refection-couverture-creation-lucarnes-usine-jb-martin-tarare\/\" aria-label=\"En savoir plus sur R\u00e9fection de la couverture et cr\u00e9ation de lucarnes &#8211; Usine JB Martin \u00e0 Tarare\" tabindex=\"-1\" >\n\t\t\tLire la suite \u00bb\t\t<\/a>\n\n\t\t\t\t<\/div>\n\t\t\t\t<div class=\"elementor-post__meta-data\">\n\t\t\t\t\t<span class=\"elementor-post-date\">\n\t\t\t26 f\u00e9vrier 2026\t\t<\/span>\n\t\t\t\t<\/div>\n\t\t\t\t\t<\/div>\n\t\t<\/article>\n\t\t\t\t<article class=\"elementor-post elementor-grid-item post-1418 post type-post status-publish format-standard has-post-thumbnail hentry category-realisations\" role=\"listitem\">\n\t\t\t<div class=\"elementor-post__card\">\n\t\t\t\t<a class=\"elementor-post__thumbnail__link\" href=\"https:\/\/groupehenrigermain.fr\/hg\/etancheite-fenetre-de-toit-a-lyon\/\" tabindex=\"-1\" ><div class=\"elementor-post__thumbnail\"><img decoding=\"async\" width=\"1536\" height=\"2048\" src=\"https:\/\/groupehenrigermain.fr\/hg\/wp-content\/uploads\/sites\/3\/2026\/01\/PHOTO-2025-10-10-19-31-24.jpg\" class=\"attachment-full size-full wp-image-1419\" alt=\"\" srcset=\"https:\/\/groupehenrigermain.fr\/hg\/wp-content\/uploads\/sites\/3\/2026\/01\/PHOTO-2025-10-10-19-31-24.jpg 1536w, https:\/\/groupehenrigermain.fr\/hg\/wp-content\/uploads\/sites\/3\/2026\/01\/PHOTO-2025-10-10-19-31-24-225x300.jpg 225w, https:\/\/groupehenrigermain.fr\/hg\/wp-content\/uploads\/sites\/3\/2026\/01\/PHOTO-2025-10-10-19-31-24-768x1024.jpg 768w, https:\/\/groupehenrigermain.fr\/hg\/wp-content\/uploads\/sites\/3\/2026\/01\/PHOTO-2025-10-10-19-31-24-1152x1536.jpg 1152w\" sizes=\"(max-width: 1536px) 100vw, 1536px\" \/><\/div><\/a>\n\t\t\t\t<div class=\"elementor-post__text\">\n\t\t\t\t<h3 class=\"elementor-post__title\">\n\t\t\t<a href=\"https:\/\/groupehenrigermain.fr\/hg\/etancheite-fenetre-de-toit-a-lyon\/\" >\n\t\t\t\t\u00c9tanch\u00e9it\u00e9 de fen\u00eatre de toit \u00e0 Lyon 9\u1d49 : cr\u00e9ation d\u2019un abergement zinc sur mesure\t\t\t<\/a>\n\t\t<\/h3>\n\t\t\n\t\t<a class=\"elementor-post__read-more\" href=\"https:\/\/groupehenrigermain.fr\/hg\/etancheite-fenetre-de-toit-a-lyon\/\" aria-label=\"En savoir plus sur \u00c9tanch\u00e9it\u00e9 de fen\u00eatre de toit \u00e0 Lyon 9\u1d49 : cr\u00e9ation d\u2019un abergement zinc sur mesure\" tabindex=\"-1\" >\n\t\t\tLire la suite \u00bb\t\t<\/a>\n\n\t\t\t\t<\/div>\n\t\t\t\t<div class=\"elementor-post__meta-data\">\n\t\t\t\t\t<span class=\"elementor-post-date\">\n\t\t\t26 janvier 2026\t\t<\/span>\n\t\t\t\t<\/div>\n\t\t\t\t\t<\/div>\n\t\t<\/article>\n\t\t\t\t<article class=\"elementor-post elementor-grid-item post-1415 post type-post status-publish format-standard has-post-thumbnail hentry category-realisations\" role=\"listitem\">\n\t\t\t<div class=\"elementor-post__card\">\n\t\t\t\t<a class=\"elementor-post__thumbnail__link\" href=\"https:\/\/groupehenrigermain.fr\/hg\/installation-verriere-angle\/\" tabindex=\"-1\" ><div class=\"elementor-post__thumbnail\"><img decoding=\"async\" width=\"1920\" height=\"2560\" src=\"https:\/\/groupehenrigermain.fr\/hg\/wp-content\/uploads\/sites\/3\/2026\/01\/IMG_5210-scaled.jpg\" class=\"attachment-full size-full wp-image-1416\" alt=\"\" srcset=\"https:\/\/groupehenrigermain.fr\/hg\/wp-content\/uploads\/sites\/3\/2026\/01\/IMG_5210-scaled.jpg 1920w, https:\/\/groupehenrigermain.fr\/hg\/wp-content\/uploads\/sites\/3\/2026\/01\/IMG_5210-225x300.jpg 225w, https:\/\/groupehenrigermain.fr\/hg\/wp-content\/uploads\/sites\/3\/2026\/01\/IMG_5210-768x1024.jpg 768w, https:\/\/groupehenrigermain.fr\/hg\/wp-content\/uploads\/sites\/3\/2026\/01\/IMG_5210-1152x1536.jpg 1152w, https:\/\/groupehenrigermain.fr\/hg\/wp-content\/uploads\/sites\/3\/2026\/01\/IMG_5210-1536x2048.jpg 1536w\" sizes=\"(max-width: 1920px) 100vw, 1920px\" \/><\/div><\/a>\n\t\t\t\t<div class=\"elementor-post__text\">\n\t\t\t\t<h3 class=\"elementor-post__title\">\n\t\t\t<a href=\"https:\/\/groupehenrigermain.fr\/hg\/installation-verriere-angle\/\" >\n\t\t\t\tInstallation d\u2019une verri\u00e8re d\u2019angle et remplacement de fen\u00eatres de toit \u00e0 Lyon\t\t\t<\/a>\n\t\t<\/h3>\n\t\t\n\t\t<a class=\"elementor-post__read-more\" href=\"https:\/\/groupehenrigermain.fr\/hg\/installation-verriere-angle\/\" aria-label=\"En savoir plus sur Installation d\u2019une verri\u00e8re d\u2019angle et remplacement de fen\u00eatres de toit \u00e0 Lyon\" tabindex=\"-1\" >\n\t\t\tLire la suite \u00bb\t\t<\/a>\n\n\t\t\t\t<\/div>\n\t\t\t\t<div class=\"elementor-post__meta-data\">\n\t\t\t\t\t<span class=\"elementor-post-date\">\n\t\t\t26 janvier 2026\t\t<\/span>\n\t\t\t\t<\/div>\n\t\t\t\t\t<\/div>\n\t\t<\/article>\n\t\t\t\t<article class=\"elementor-post elementor-grid-item post-1404 post type-post status-publish format-standard has-post-thumbnail hentry category-realisations\" role=\"listitem\">\n\t\t\t<div class=\"elementor-post__card\">\n\t\t\t\t<a class=\"elementor-post__thumbnail__link\" href=\"https:\/\/groupehenrigermain.fr\/hg\/renovation-complete-toiture-lyon\/\" tabindex=\"-1\" ><div class=\"elementor-post__thumbnail\"><img loading=\"lazy\" decoding=\"async\" width=\"1920\" height=\"2560\" src=\"https:\/\/groupehenrigermain.fr\/hg\/wp-content\/uploads\/sites\/3\/2025\/12\/20250611_061124281_iOS-scaled.jpg\" class=\"attachment-full size-full wp-image-1407\" alt=\"\" srcset=\"https:\/\/groupehenrigermain.fr\/hg\/wp-content\/uploads\/sites\/3\/2025\/12\/20250611_061124281_iOS-scaled.jpg 1920w, https:\/\/groupehenrigermain.fr\/hg\/wp-content\/uploads\/sites\/3\/2025\/12\/20250611_061124281_iOS-225x300.jpg 225w, https:\/\/groupehenrigermain.fr\/hg\/wp-content\/uploads\/sites\/3\/2025\/12\/20250611_061124281_iOS-768x1024.jpg 768w, https:\/\/groupehenrigermain.fr\/hg\/wp-content\/uploads\/sites\/3\/2025\/12\/20250611_061124281_iOS-1152x1536.jpg 1152w, https:\/\/groupehenrigermain.fr\/hg\/wp-content\/uploads\/sites\/3\/2025\/12\/20250611_061124281_iOS-1536x2048.jpg 1536w\" sizes=\"(max-width: 1920px) 100vw, 1920px\" \/><\/div><\/a>\n\t\t\t\t<div class=\"elementor-post__text\">\n\t\t\t\t<h3 class=\"elementor-post__title\">\n\t\t\t<a href=\"https:\/\/groupehenrigermain.fr\/hg\/renovation-complete-toiture-lyon\/\" >\n\t\t\t\tR\u00e9novation compl\u00e8te d\u2019une toiture \u00e0 Lyon, rue Paul Bert\t\t\t<\/a>\n\t\t<\/h3>\n\t\t\n\t\t<a class=\"elementor-post__read-more\" href=\"https:\/\/groupehenrigermain.fr\/hg\/renovation-complete-toiture-lyon\/\" aria-label=\"En savoir plus sur R\u00e9novation compl\u00e8te d\u2019une toiture \u00e0 Lyon, rue Paul Bert\" tabindex=\"-1\" >\n\t\t\tLire la suite \u00bb\t\t<\/a>\n\n\t\t\t\t<\/div>\n\t\t\t\t<div class=\"elementor-post__meta-data\">\n\t\t\t\t\t<span class=\"elementor-post-date\">\n\t\t\t18 d\u00e9cembre 2025\t\t<\/span>\n\t\t\t\t<\/div>\n\t\t\t\t\t<\/div>\n\t\t<\/article>\n\t\t\t\t<article class=\"elementor-post elementor-grid-item post-1401 post type-post status-publish format-standard has-post-thumbnail hentry category-realisations\" role=\"listitem\">\n\t\t\t<div class=\"elementor-post__card\">\n\t\t\t\t<a class=\"elementor-post__thumbnail__link\" href=\"https:\/\/groupehenrigermain.fr\/hg\/renovation-toiture-exception-savoir-faire-signe\/\" tabindex=\"-1\" ><div class=\"elementor-post__thumbnail\"><img loading=\"lazy\" decoding=\"async\" width=\"2560\" height=\"1644\" src=\"https:\/\/groupehenrigermain.fr\/hg\/wp-content\/uploads\/sites\/3\/2025\/12\/Capture-decran-2025-12-02-a-11.52.14-scaled.png\" class=\"attachment-full size-full wp-image-1402\" alt=\"\" srcset=\"https:\/\/groupehenrigermain.fr\/hg\/wp-content\/uploads\/sites\/3\/2025\/12\/Capture-decran-2025-12-02-a-11.52.14-scaled.png 2560w, https:\/\/groupehenrigermain.fr\/hg\/wp-content\/uploads\/sites\/3\/2025\/12\/Capture-decran-2025-12-02-a-11.52.14-300x193.png 300w, https:\/\/groupehenrigermain.fr\/hg\/wp-content\/uploads\/sites\/3\/2025\/12\/Capture-decran-2025-12-02-a-11.52.14-1024x658.png 1024w, https:\/\/groupehenrigermain.fr\/hg\/wp-content\/uploads\/sites\/3\/2025\/12\/Capture-decran-2025-12-02-a-11.52.14-768x493.png 768w, https:\/\/groupehenrigermain.fr\/hg\/wp-content\/uploads\/sites\/3\/2025\/12\/Capture-decran-2025-12-02-a-11.52.14-1536x986.png 1536w, https:\/\/groupehenrigermain.fr\/hg\/wp-content\/uploads\/sites\/3\/2025\/12\/Capture-decran-2025-12-02-a-11.52.14-2048x1315.png 2048w\" sizes=\"(max-width: 2560px) 100vw, 2560px\" \/><\/div><\/a>\n\t\t\t\t<div class=\"elementor-post__text\">\n\t\t\t\t<h3 class=\"elementor-post__title\">\n\t\t\t<a href=\"https:\/\/groupehenrigermain.fr\/hg\/renovation-toiture-exception-savoir-faire-signe\/\" >\n\t\t\t\tR\u00e9novation d\u2019une toiture d\u2019exception : un savoir-faire sign\u00e9 Henri Germain\t\t\t<\/a>\n\t\t<\/h3>\n\t\t\n\t\t<a class=\"elementor-post__read-more\" href=\"https:\/\/groupehenrigermain.fr\/hg\/renovation-toiture-exception-savoir-faire-signe\/\" aria-label=\"En savoir plus sur R\u00e9novation d\u2019une toiture d\u2019exception : un savoir-faire sign\u00e9 Henri Germain\" tabindex=\"-1\" >\n\t\t\tLire la suite \u00bb\t\t<\/a>\n\n\t\t\t\t<\/div>\n\t\t\t\t<div class=\"elementor-post__meta-data\">\n\t\t\t\t\t<span class=\"elementor-post-date\">\n\t\t\t18 d\u00e9cembre 2025\t\t<\/span>\n\t\t\t\t<\/div>\n\t\t\t\t\t<\/div>\n\t\t<\/article>\n\t\t\t\t<article class=\"elementor-post elementor-grid-item post-1388 post type-post status-publish format-standard has-post-thumbnail hentry category-realisations\" role=\"listitem\">\n\t\t\t<div class=\"elementor-post__card\">\n\t\t\t\t<a class=\"elementor-post__thumbnail__link\" href=\"https:\/\/groupehenrigermain.fr\/hg\/realisation-couverture-zinc\/\" tabindex=\"-1\" ><div class=\"elementor-post__thumbnail\"><img loading=\"lazy\" decoding=\"async\" width=\"2560\" height=\"1920\" src=\"https:\/\/groupehenrigermain.fr\/hg\/wp-content\/uploads\/sites\/3\/2025\/11\/IMG_7845-scaled.jpg\" class=\"attachment-full size-full wp-image-1390\" alt=\"\" srcset=\"https:\/\/groupehenrigermain.fr\/hg\/wp-content\/uploads\/sites\/3\/2025\/11\/IMG_7845-scaled.jpg 2560w, https:\/\/groupehenrigermain.fr\/hg\/wp-content\/uploads\/sites\/3\/2025\/11\/IMG_7845-300x225.jpg 300w, https:\/\/groupehenrigermain.fr\/hg\/wp-content\/uploads\/sites\/3\/2025\/11\/IMG_7845-1024x768.jpg 1024w, https:\/\/groupehenrigermain.fr\/hg\/wp-content\/uploads\/sites\/3\/2025\/11\/IMG_7845-768x576.jpg 768w, https:\/\/groupehenrigermain.fr\/hg\/wp-content\/uploads\/sites\/3\/2025\/11\/IMG_7845-1536x1152.jpg 1536w, https:\/\/groupehenrigermain.fr\/hg\/wp-content\/uploads\/sites\/3\/2025\/11\/IMG_7845-2048x1536.jpg 2048w\" sizes=\"(max-width: 2560px) 100vw, 2560px\" \/><\/div><\/a>\n\t\t\t\t<div class=\"elementor-post__text\">\n\t\t\t\t<h3 class=\"elementor-post__title\">\n\t\t\t<a href=\"https:\/\/groupehenrigermain.fr\/hg\/realisation-couverture-zinc\/\" >\n\t\t\t\tR\u00e9alisation d\u2019une couverture en zinc \u00e0 la r\u00e9sidence Le Thul\u00e9\t\t\t<\/a>\n\t\t<\/h3>\n\t\t\n\t\t<a class=\"elementor-post__read-more\" href=\"https:\/\/groupehenrigermain.fr\/hg\/realisation-couverture-zinc\/\" aria-label=\"En savoir plus sur R\u00e9alisation d\u2019une couverture en zinc \u00e0 la r\u00e9sidence Le Thul\u00e9\" tabindex=\"-1\" >\n\t\t\tLire la suite \u00bb\t\t<\/a>\n\n\t\t\t\t<\/div>\n\t\t\t\t<div class=\"elementor-post__meta-data\">\n\t\t\t\t\t<span class=\"elementor-post-date\">\n\t\t\t28 novembre 2025\t\t<\/span>\n\t\t\t\t<\/div>\n\t\t\t\t\t<\/div>\n\t\t<\/article>\n\t\t\t\t<\/div>\n\t\t\t\t\t<span class=\"e-load-more-spinner\">\n\t\t\t\t<svg aria-hidden=\"true\" class=\"e-font-icon-svg e-fas-spinner\" viewBox=\"0 0 512 512\" xmlns=\"http:\/\/www.w3.org\/2000\/svg\"><path d=\"M304 48c0 26.51-21.49 48-48 48s-48-21.49-48-48 21.49-48 48-48 48 21.49 48 48zm-48 368c-26.51 0-48 21.49-48 48s21.49 48 48 48 48-21.49 48-48-21.49-48-48-48zm208-208c-26.51 0-48 21.49-48 48s21.49 48 48 48 48-21.49 48-48-21.49-48-48-48zM96 256c0-26.51-21.49-48-48-48S0 229.49 0 256s21.49 48 48 48 48-21.49 48-48zm12.922 99.078c-26.51 0-48 21.49-48 48s21.49 48 48 48 48-21.49 48-48c0-26.509-21.491-48-48-48zm294.156 0c-26.51 0-48 21.49-48 48s21.49 48 48 48 48-21.49 48-48c0-26.509-21.49-48-48-48zM108.922 60.922c-26.51 0-48 21.49-48 48s21.49 48 48 48 48-21.49 48-48-21.491-48-48-48z\"><\/path><\/svg>\t\t\t<\/span>\n\t\t\n\t\t\t\t<div class=\"e-load-more-anchor\" data-page=\"1\" data-max-page=\"2\" data-next-page=\"https:\/\/groupehenrigermain.fr\/hg\/wp-json\/wp\/v2\/pages\/475\/page\/2\/\"><\/div>\n\t\t\t\t<div class=\"e-load-more-message\"><\/div>\n\t\t\t\t\t\t<\/div>\n\t\t\t\t<\/div>\n\t\t\t\t\t<\/div>\n\t\t\t\t<\/div>\n\t\t\t\t<\/div>\n\t\t","protected":false},"excerpt":{"rendered":"<p>Nos r\u00e9alisations Nos derni\u00e8res r\u00e9alisations D\u00e9couvrez nos plus beaux chantiers,<\/p>\n","protected":false},"author":1,"featured_media":0,"parent":0,"menu_order":0,"comment_status":"closed","ping_status":"closed","template":"","meta":{"footnotes":""},"class_list":["post-475","page","type-page","status-publish","hentry"],"yoast_head":"<!-- This site is optimized with the Yoast SEO plugin v27.4 - https:\/\/yoast.com\/product\/yoast-seo-wordpress\/ -->\n<title>Nos r\u00e9alisations - Henri Germain<\/title>\n<meta name=\"description\" content=\"D\u00e9couvrez les r\u00e9alisations d\u2019Henri Germain : projets de couverture, zinguerie sur mesure. D\u00e9couvrez nos r\u00e9alisations.\" \/>\n<meta name=\"robots\" content=\"index, follow, max-snippet:-1, max-image-preview:large, max-video-preview:-1\" \/>\n<link rel=\"canonical\" href=\"https:\/\/groupehenrigermain.fr\/hg\/realisations\/\" \/>\n<meta property=\"og:locale\" content=\"fr_FR\" \/>\n<meta property=\"og:type\" content=\"article\" \/>\n<meta property=\"og:title\" content=\"Nos r\u00e9alisations - Henri Germain\" \/>\n<meta property=\"og:description\" content=\"D\u00e9couvrez les r\u00e9alisations d\u2019Henri Germain : projets de couverture, zinguerie sur mesure. D\u00e9couvrez nos r\u00e9alisations.\" \/>\n<meta property=\"og:url\" content=\"https:\/\/groupehenrigermain.fr\/hg\/realisations\/\" \/>\n<meta property=\"og:site_name\" content=\"Henri Germain\" \/>\n<meta property=\"article:modified_time\" content=\"2025-12-18T10:39:01+00:00\" \/>\n<meta name=\"twitter:card\" content=\"summary_large_image\" \/>\n<meta name=\"twitter:label1\" content=\"Dur\u00e9e de lecture estim\u00e9e\" \/>\n\t<meta name=\"twitter:data1\" content=\"1 minute\" \/>\n<script type=\"application\/ld+json\" class=\"yoast-schema-graph\">{\"@context\":\"https:\\\/\\\/schema.org\",\"@graph\":[{\"@type\":\"WebPage\",\"@id\":\"https:\\\/\\\/groupehenrigermain.fr\\\/hg\\\/realisations\\\/\",\"url\":\"https:\\\/\\\/groupehenrigermain.fr\\\/hg\\\/realisations\\\/\",\"name\":\"Nos r\u00e9alisations - Henri Germain\",\"isPartOf\":{\"@id\":\"https:\\\/\\\/groupehenrigermain.fr\\\/hg\\\/#website\"},\"datePublished\":\"2024-10-03T09:11:20+00:00\",\"dateModified\":\"2025-12-18T10:39:01+00:00\",\"description\":\"D\u00e9couvrez les r\u00e9alisations d\u2019Henri Germain : projets de couverture, zinguerie sur mesure. D\u00e9couvrez nos r\u00e9alisations.\",\"breadcrumb\":{\"@id\":\"https:\\\/\\\/groupehenrigermain.fr\\\/hg\\\/realisations\\\/#breadcrumb\"},\"inLanguage\":\"fr-FR\",\"potentialAction\":[{\"@type\":\"ReadAction\",\"target\":[\"https:\\\/\\\/groupehenrigermain.fr\\\/hg\\\/realisations\\\/\"]}]},{\"@type\":\"BreadcrumbList\",\"@id\":\"https:\\\/\\\/groupehenrigermain.fr\\\/hg\\\/realisations\\\/#breadcrumb\",\"itemListElement\":[{\"@type\":\"ListItem\",\"position\":1,\"name\":\"Accueil\",\"item\":\"https:\\\/\\\/groupehenrigermain.fr\\\/hg\\\/\"},{\"@type\":\"ListItem\",\"position\":2,\"name\":\"Nos r\u00e9alisations\"}]},{\"@type\":\"WebSite\",\"@id\":\"https:\\\/\\\/groupehenrigermain.fr\\\/hg\\\/#website\",\"url\":\"https:\\\/\\\/groupehenrigermain.fr\\\/hg\\\/\",\"name\":\"Henri Germain\",\"description\":\"\",\"publisher\":{\"@id\":\"https:\\\/\\\/groupehenrigermain.fr\\\/hg\\\/#organization\"},\"potentialAction\":[{\"@type\":\"SearchAction\",\"target\":{\"@type\":\"EntryPoint\",\"urlTemplate\":\"https:\\\/\\\/groupehenrigermain.fr\\\/hg\\\/?s={search_term_string}\"},\"query-input\":{\"@type\":\"PropertyValueSpecification\",\"valueRequired\":true,\"valueName\":\"search_term_string\"}}],\"inLanguage\":\"fr-FR\"},{\"@type\":\"Organization\",\"@id\":\"https:\\\/\\\/groupehenrigermain.fr\\\/hg\\\/#organization\",\"name\":\"Henri Germain\",\"url\":\"https:\\\/\\\/groupehenrigermain.fr\\\/hg\\\/\",\"logo\":{\"@type\":\"ImageObject\",\"inLanguage\":\"fr-FR\",\"@id\":\"https:\\\/\\\/groupehenrigermain.fr\\\/hg\\\/#\\\/schema\\\/logo\\\/image\\\/\",\"url\":\"https:\\\/\\\/groupehenrigermain.fr\\\/hg\\\/wp-content\\\/uploads\\\/sites\\\/3\\\/2024\\\/08\\\/Fichier-1.webp\",\"contentUrl\":\"https:\\\/\\\/groupehenrigermain.fr\\\/hg\\\/wp-content\\\/uploads\\\/sites\\\/3\\\/2024\\\/08\\\/Fichier-1.webp\",\"width\":985,\"height\":984,\"caption\":\"Henri Germain\"},\"image\":{\"@id\":\"https:\\\/\\\/groupehenrigermain.fr\\\/hg\\\/#\\\/schema\\\/logo\\\/image\\\/\"}}]}<\/script>\n<!-- \/ Yoast SEO plugin. -->","yoast_head_json":{"title":"Nos r\u00e9alisations - Henri Germain","description":"D\u00e9couvrez les r\u00e9alisations d\u2019Henri Germain : projets de couverture, zinguerie sur mesure. D\u00e9couvrez nos r\u00e9alisations.","robots":{"index":"index","follow":"follow","max-snippet":"max-snippet:-1","max-image-preview":"max-image-preview:large","max-video-preview":"max-video-preview:-1"},"canonical":"https:\/\/groupehenrigermain.fr\/hg\/realisations\/","og_locale":"fr_FR","og_type":"article","og_title":"Nos r\u00e9alisations - Henri Germain","og_description":"D\u00e9couvrez les r\u00e9alisations d\u2019Henri Germain : projets de couverture, zinguerie sur mesure. D\u00e9couvrez nos r\u00e9alisations.","og_url":"https:\/\/groupehenrigermain.fr\/hg\/realisations\/","og_site_name":"Henri Germain","article_modified_time":"2025-12-18T10:39:01+00:00","twitter_card":"summary_large_image","twitter_misc":{"Dur\u00e9e de lecture estim\u00e9e":"1 minute"},"schema":{"@context":"https:\/\/schema.org","@graph":[{"@type":"WebPage","@id":"https:\/\/groupehenrigermain.fr\/hg\/realisations\/","url":"https:\/\/groupehenrigermain.fr\/hg\/realisations\/","name":"Nos r\u00e9alisations - Henri Germain","isPartOf":{"@id":"https:\/\/groupehenrigermain.fr\/hg\/#website"},"datePublished":"2024-10-03T09:11:20+00:00","dateModified":"2025-12-18T10:39:01+00:00","description":"D\u00e9couvrez les r\u00e9alisations d\u2019Henri Germain : projets de couverture, zinguerie sur mesure. D\u00e9couvrez nos r\u00e9alisations.","breadcrumb":{"@id":"https:\/\/groupehenrigermain.fr\/hg\/realisations\/#breadcrumb"},"inLanguage":"fr-FR","potentialAction":[{"@type":"ReadAction","target":["https:\/\/groupehenrigermain.fr\/hg\/realisations\/"]}]},{"@type":"BreadcrumbList","@id":"https:\/\/groupehenrigermain.fr\/hg\/realisations\/#breadcrumb","itemListElement":[{"@type":"ListItem","position":1,"name":"Accueil","item":"https:\/\/groupehenrigermain.fr\/hg\/"},{"@type":"ListItem","position":2,"name":"Nos r\u00e9alisations"}]},{"@type":"WebSite","@id":"https:\/\/groupehenrigermain.fr\/hg\/#website","url":"https:\/\/groupehenrigermain.fr\/hg\/","name":"Henri Germain","description":"","publisher":{"@id":"https:\/\/groupehenrigermain.fr\/hg\/#organization"},"potentialAction":[{"@type":"SearchAction","target":{"@type":"EntryPoint","urlTemplate":"https:\/\/groupehenrigermain.fr\/hg\/?s={search_term_string}"},"query-input":{"@type":"PropertyValueSpecification","valueRequired":true,"valueName":"search_term_string"}}],"inLanguage":"fr-FR"},{"@type":"Organization","@id":"https:\/\/groupehenrigermain.fr\/hg\/#organization","name":"Henri Germain","url":"https:\/\/groupehenrigermain.fr\/hg\/","logo":{"@type":"ImageObject","inLanguage":"fr-FR","@id":"https:\/\/groupehenrigermain.fr\/hg\/#\/schema\/logo\/image\/","url":"https:\/\/groupehenrigermain.fr\/hg\/wp-content\/uploads\/sites\/3\/2024\/08\/Fichier-1.webp","contentUrl":"https:\/\/groupehenrigermain.fr\/hg\/wp-content\/uploads\/sites\/3\/2024\/08\/Fichier-1.webp","width":985,"height":984,"caption":"Henri Germain"},"image":{"@id":"https:\/\/groupehenrigermain.fr\/hg\/#\/schema\/logo\/image\/"}}]}},"_links":{"self":[{"href":"https:\/\/groupehenrigermain.fr\/hg\/wp-json\/wp\/v2\/pages\/475","targetHints":{"allow":["GET"]}}],"collection":[{"href":"https:\/\/groupehenrigermain.fr\/hg\/wp-json\/wp\/v2\/pages"}],"about":[{"href":"https:\/\/groupehenrigermain.fr\/hg\/wp-json\/wp\/v2\/types\/page"}],"author":[{"embeddable":true,"href":"https:\/\/groupehenrigermain.fr\/hg\/wp-json\/wp\/v2\/users\/1"}],"replies":[{"embeddable":true,"href":"https:\/\/groupehenrigermain.fr\/hg\/wp-json\/wp\/v2\/comments?post=475"}],"version-history":[{"count":19,"href":"https:\/\/groupehenrigermain.fr\/hg\/wp-json\/wp\/v2\/pages\/475\/revisions"}],"predecessor-version":[{"id":1398,"href":"https:\/\/groupehenrigermain.fr\/hg\/wp-json\/wp\/v2\/pages\/475\/revisions\/1398"}],"wp:attachment":[{"href":"https:\/\/groupehenrigermain.fr\/hg\/wp-json\/wp\/v2\/media?parent=475"}],"curies":[{"name":"wp","href":"https:\/\/api.w.org\/{rel}","templated":true}]}}